{"id":209685,"date":"2018-08-30T10:55:52","date_gmt":"2018-08-30T08:55:52","guid":{"rendered":"https:\/\/hrv-software.com\/support\/"},"modified":"2024-02-20T09:42:53","modified_gmt":"2024-02-20T08:42:53","slug":"support","status":"publish","type":"page","link":"https:\/\/hrv-software.com\/pt-pt\/support\/","title":{"rendered":"Support"},"content":{"rendered":"<p>[et_pb_section fb_built=&#8221;1&#8243; _builder_version=&#8221;4.21.0&#8243; _module_preset=&#8221;default&#8221; background_color=&#8221;#f5f5f5&#8243; locked=&#8221;off&#8221; global_colors_info=&#8221;{}&#8221;][et_pb_row column_structure=&#8221;1_3,2_3&#8243; _builder_version=&#8221;4.21.0&#8243; background_size=&#8221;initial&#8221; background_position=&#8221;top_left&#8221; background_repeat=&#8221;repeat&#8221; custom_padding=&#8221;24px|0px|7px|0px|false|false&#8221; locked=&#8221;off&#8221; global_colors_info=&#8221;{}&#8221;][et_pb_column type=&#8221;1_3&#8243; _builder_version=&#8221;4.21.0&#8243; _module_preset=&#8221;default&#8221; global_colors_info=&#8221;{}&#8221;][et_pb_image src=&#8221;https:\/\/hrv.fgsinfo.de\/wp-content\/uploads\/2023\/02\/HRV_LOGO.png&#8221; alt=&#8221;HRV &#8211; Messung, Analyse und Auswertung der Herzratenvariabilit\u00e4t&#8221; title_text=&#8221;HRV_LOGO&#8221; align=&#8221;center&#8221; align_tablet=&#8221;center&#8221; align_phone=&#8221;&#8221; align_last_edited=&#8221;on|desktop&#8221; _builder_version=&#8221;4.21.0&#8243; global_colors_info=&#8221;{}&#8221;][\/et_pb_image][\/et_pb_column][et_pb_column type=&#8221;2_3&#8243; _builder_version=&#8221;4.16&#8243; custom_padding=&#8221;|||&#8221; global_colors_info=&#8221;{}&#8221; custom_padding__hover=&#8221;|||&#8221;][et_pb_post_title meta=&#8221;off&#8221; featured_image=&#8221;off&#8221; _builder_version=&#8221;4.21.0&#8243; title_font=&#8221;|||on|||||&#8221; title_text_color=&#8221;#2272bd&#8221; custom_margin=&#8221;13px||0px||false|false&#8221; global_colors_info=&#8221;{}&#8221;][\/et_pb_post_title][et_pb_text admin_label=&#8221;H2&#8243; _builder_version=&#8221;4.23.1&#8243; custom_margin=&#8221;||10px|&#8221; global_colors_info=&#8221;{}&#8221;]<\/p>\n<h1>Correia peitoral Bluetooth 4.0 &#8211;<br \/>a nossa recomenda\u00e7\u00e3o para a aplica\u00e7\u00e3o HRV<\/h1>\n<p>[\/et_pb_text][\/et_pb_column][\/et_pb_row][et_pb_row _builder_version=&#8221;4.21.0&#8243; _module_preset=&#8221;default&#8221; global_colors_info=&#8221;{}&#8221;][et_pb_column type=&#8221;4_4&#8243; _builder_version=&#8221;4.21.0&#8243; _module_preset=&#8221;default&#8221; global_colors_info=&#8221;{}&#8221;][et_pb_video src=&#8221;https:\/\/hrv-software.com\/wp-content\/uploads\/VIDEO\/HRV-Hauptfilm-PT.mp4&#8243; image_src=&#8221;https:\/\/hrv-software.com\/wp-content\/uploads\/2023\/06\/HRV_VIDEO_BG_EN.png&#8221; play_icon_color=&#8221;#00679b&#8221; _builder_version=&#8221;4.21.0&#8243; _module_preset=&#8221;default&#8221; box_shadow_style=&#8221;preset3&#8243; locked=&#8221;off&#8221; global_colors_info=&#8221;{}&#8221;][\/et_pb_video][\/et_pb_column][\/et_pb_row][et_pb_row column_structure=&#8221;1_2,1_2&#8243; _builder_version=&#8221;4.21.0&#8243; _module_preset=&#8221;default&#8221; global_colors_info=&#8221;{}&#8221;][et_pb_column type=&#8221;1_2&#8243; _builder_version=&#8221;4.21.0&#8243; _module_preset=&#8221;default&#8221; global_colors_info=&#8221;{}&#8221;][et_pb_video src=&#8221;https:\/\/hrv-software.com\/wp-content\/uploads\/VIDEO\/HRV-GETTING-STARTED-EN.mp4&#8243; image_src=&#8221;https:\/\/hrv-software.com\/wp-content\/uploads\/2023\/06\/HRV_VIDEO_BG_Started.png&#8221; play_icon_color=&#8221;#00679b&#8221; _builder_version=&#8221;4.21.0&#8243; _module_preset=&#8221;default&#8221; box_shadow_style=&#8221;preset3&#8243; locked=&#8221;off&#8221; global_colors_info=&#8221;{}&#8221;][\/et_pb_video][\/et_pb_column][et_pb_column type=&#8221;1_2&#8243; _builder_version=&#8221;4.21.0&#8243; _module_preset=&#8221;default&#8221; global_colors_info=&#8221;{}&#8221;][et_pb_video src=&#8221;https:\/\/hrv-software.com\/wp-content\/uploads\/VIDEO\/HRV-Analysis-Video-3-EN.mp4&#8243; image_src=&#8221;https:\/\/hrv-software.com\/wp-content\/uploads\/2023\/07\/HRV_VIDEO_BG_3-Multilingual.png&#8221; play_icon_color=&#8221;#00679b&#8221; _builder_version=&#8221;4.21.0&#8243; _module_preset=&#8221;default&#8221; box_shadow_style=&#8221;preset3&#8243; locked=&#8221;off&#8221; global_colors_info=&#8221;{}&#8221;][\/et_pb_video][\/et_pb_column][\/et_pb_row][\/et_pb_section][et_pb_section fb_built=&#8221;1&#8243; _builder_version=&#8221;4.21.0&#8243; background_color=&#8221;RGBA(255,255,255,0)&#8221; use_background_color_gradient=&#8221;on&#8221; background_color_gradient_stops=&#8221;#f5f5f5 0%|#d5d5d5 100%&#8221; width=&#8221;100%&#8221; custom_margin=&#8221;||||false|false&#8221; custom_padding=&#8221;0px||50px||false|false&#8221; global_colors_info=&#8221;{}&#8221;][et_pb_row column_structure=&#8221;1_2,1_2&#8243; _builder_version=&#8221;4.16&#8243; background_size=&#8221;initial&#8221; background_position=&#8221;top_left&#8221; background_repeat=&#8221;repeat&#8221; global_colors_info=&#8221;{}&#8221;][et_pb_column type=&#8221;1_2&#8243; _builder_version=&#8221;4.16&#8243; custom_padding=&#8221;|||&#8221; global_colors_info=&#8221;{}&#8221; custom_padding__hover=&#8221;|||&#8221;][et_pb_image src=&#8221;https:\/\/hrv-software.com\/wp-content\/uploads\/2023\/05\/SIGMA_S3-1.png&#8221; title_text=&#8221;SIGMA_S3&#8243; align_tablet=&#8221;center&#8221; align_phone=&#8221;center&#8221; align_last_edited=&#8221;on|desktop&#8221; _builder_version=&#8221;4.21.0&#8243; global_colors_info=&#8221;{}&#8221;][\/et_pb_image][\/et_pb_column][et_pb_column type=&#8221;1_2&#8243; _builder_version=&#8221;4.16&#8243; custom_padding=&#8221;|||&#8221; global_colors_info=&#8221;{}&#8221; custom_padding__hover=&#8221;|||&#8221;][et_pb_text admin_label=&#8221;Sigma R1&#8243; _builder_version=&#8221;4.23.1&#8243; global_colors_info=&#8221;{}&#8221;]<\/p>\n<h2>Correia peitoral Sigma R1 Bluetooth<\/h2>\n<p>De acordo com a nossa experi\u00eancia, a faixa peitoral Sigma R1 Bluetooth tem sido a mais fi\u00e1vel na utiliza\u00e7\u00e3o di\u00e1ria durante anos. Outras faixas peitorais Bluetooth com a norma Bluetooth 4.0 ou superior tamb\u00e9m devem funcionar.<\/p>\n<p>Dispon\u00edvel na Amazon <a href=\"https:\/\/www.amazon.de\/Sigma-Sport-Unisex-Erwachsene-Comfortex-Textilbrustgurt\/dp\/B00EPM9T38\/\" target=\"_blank\" rel=\"noopener noreferrer\">&#8211;&gt;Mostrar faixa tor\u00e1cica<\/a>[\/et_pb_text][\/et_pb_column][\/et_pb_row][et_pb_row _builder_version=&#8221;4.16&#8243; background_size=&#8221;initial&#8221; background_position=&#8221;top_left&#8221; background_repeat=&#8221;repeat&#8221; global_colors_info=&#8221;{}&#8221;][et_pb_column type=&#8221;4_4&#8243; _builder_version=&#8221;4.16&#8243; custom_padding=&#8221;|||&#8221; global_colors_info=&#8221;{}&#8221; custom_padding__hover=&#8221;|||&#8221;][et_pb_text admin_label=&#8221;weitere Brustgurte&#8221; _builder_version=&#8221;4.23.1&#8243; global_colors_info=&#8221;{}&#8221;]<\/p>\n<h1>Outras correias peitorais alternativas com norma de transmiss\u00e3o Bluetooth 4.0<\/h1>\n<ul>\n<li>Sigma R1 Duo: <a href=\"https:\/\/www.amazon.de\/Sigma-Sport-Herzfrequenz-Bluetooth-COMFORTEX\/dp\/B01N7P4PP1\">Link<\/a><\/li>\n<li>CooSpo H6M: &#8211; <a href=\"https:\/\/www.amazon.de\/dp\/B07JPD924Y\">Link<\/a><\/li>\n<li>SmartLAB hrm: &#8211; <a href=\"https:\/\/www.amazon.de\/dp\/B014G53HHC\">Link<\/a><\/li>\n<\/ul>\n<p>[\/et_pb_text][\/et_pb_column][\/et_pb_row][et_pb_row column_structure=&#8221;2_5,3_5&#8243; make_equal=&#8221;on&#8221; _builder_version=&#8221;4.21.0&#8243; background_color=&#8221;#ffffff&#8221; module_alignment=&#8221;center&#8221; custom_margin=&#8221;|||&#8221; custom_padding=&#8221;0|30px|30px|30px|false|false&#8221; box_shadow_style=&#8221;preset3&#8243; locked=&#8221;off&#8221; global_colors_info=&#8221;{}&#8221;][et_pb_column type=&#8221;2_5&#8243; _builder_version=&#8221;4.21.0&#8243; background_color=&#8221;RGBA(255,255,255,0)&#8221; background_enable_image=&#8221;off&#8221; background_blend=&#8221;multiply&#8221; custom_padding=&#8221;50px|||&#8221; global_colors_info=&#8221;{}&#8221; custom_padding__hover=&#8221;|||&#8221;][et_pb_image src=&#8221;https:\/\/hrv-software.com\/wp-content\/uploads\/2023\/02\/HRV_LOGO.png&#8221; alt=&#8221;HRV &#8211; Messung, Analyse und Auswertung der Herzratenvariabilit\u00e4t&#8221; title_text=&#8221;HRV_LOGO&#8221; align_tablet=&#8221;center&#8221; align_phone=&#8221;&#8221; align_last_edited=&#8221;on|desktop&#8221; _builder_version=&#8221;4.21.0&#8243; width=&#8221;60%&#8221; max_width=&#8221;60%&#8221; module_alignment=&#8221;center&#8221; custom_margin=&#8221;||30px|&#8221; global_colors_info=&#8221;{}&#8221;][\/et_pb_image][et_pb_cta admin_label=&#8221;Call To Action\/ ADDRESS&#8221; _builder_version=&#8221;4.23.1&#8243; header_font=&#8221;|||on|&#8221; body_font=&#8221;||||&#8221; body_font_size=&#8221;15&#8243; body_line_height=&#8221;1.3em&#8221; use_background_color=&#8221;off&#8221; background_layout=&#8221;light&#8221; custom_margin=&#8221;||-2px|||&#8221; border_style=&#8221;solid&#8221; global_colors_info=&#8221;{}&#8221; button_text_size__hover_enabled=&#8221;off&#8221; button_one_text_size__hover_enabled=&#8221;off&#8221; button_two_text_size__hover_enabled=&#8221;off&#8221; button_text_color__hover_enabled=&#8221;off&#8221; button_one_text_color__hover_enabled=&#8221;off&#8221; button_two_text_color__hover_enabled=&#8221;off&#8221; button_border_width__hover_enabled=&#8221;off&#8221; button_one_border_width__hover_enabled=&#8221;off&#8221; button_two_border_width__hover_enabled=&#8221;off&#8221; button_border_color__hover_enabled=&#8221;off&#8221; button_one_border_color__hover_enabled=&#8221;off&#8221; button_two_border_color__hover_enabled=&#8221;off&#8221; button_border_radius__hover_enabled=&#8221;off&#8221; button_one_border_radius__hover_enabled=&#8221;off&#8221; button_two_border_radius__hover_enabled=&#8221;off&#8221; button_letter_spacing__hover_enabled=&#8221;off&#8221; button_one_letter_spacing__hover_enabled=&#8221;off&#8221; button_two_letter_spacing__hover_enabled=&#8221;off&#8221; button_bg_color__hover_enabled=&#8221;off&#8221; button_one_bg_color__hover_enabled=&#8221;off&#8221; button_two_bg_color__hover_enabled=&#8221;off&#8221;]<\/p>\n<p><strong>Um projeto do<\/strong><\/p>\n<p>[\/et_pb_cta][et_pb_image src=&#8221;https:\/\/hrv-software.com\/wp-content\/uploads\/2023\/05\/FGS.png&#8221; alt=&#8221;HRV &#8211; Messung, Analyse und Auswertung der Herzratenvariabilit\u00e4t&#8221; title_text=&#8221;FGS&#8221; align_tablet=&#8221;center&#8221; align_phone=&#8221;&#8221; align_last_edited=&#8221;on|desktop&#8221; _builder_version=&#8221;4.21.0&#8243; width=&#8221;30%&#8221; max_width=&#8221;50%&#8221; module_alignment=&#8221;center&#8221; custom_margin=&#8221;0px||0px||false|false&#8221; custom_padding=&#8221;0px||0px||false|false&#8221; global_colors_info=&#8221;{}&#8221;][\/et_pb_image][et_pb_cta admin_label=&#8221;Call To Action\/ ADDRESS&#8221; _builder_version=&#8221;4.21.0&#8243; header_font=&#8221;|||on|&#8221; body_font=&#8221;||||&#8221; body_font_size=&#8221;15&#8243; body_line_height=&#8221;1.3em&#8221; use_background_color=&#8221;off&#8221; background_layout=&#8221;light&#8221; border_style=&#8221;solid&#8221; global_colors_info=&#8221;{}&#8221; button_text_size__hover_enabled=&#8221;off&#8221; button_one_text_size__hover_enabled=&#8221;off&#8221; button_two_text_size__hover_enabled=&#8221;off&#8221; button_text_color__hover_enabled=&#8221;off&#8221; button_one_text_color__hover_enabled=&#8221;off&#8221; button_two_text_color__hover_enabled=&#8221;off&#8221; button_border_width__hover_enabled=&#8221;off&#8221; button_one_border_width__hover_enabled=&#8221;off&#8221; button_two_border_width__hover_enabled=&#8221;off&#8221; button_border_color__hover_enabled=&#8221;off&#8221; button_one_border_color__hover_enabled=&#8221;off&#8221; button_two_border_color__hover_enabled=&#8221;off&#8221; button_border_radius__hover_enabled=&#8221;off&#8221; button_one_border_radius__hover_enabled=&#8221;off&#8221; button_two_border_radius__hover_enabled=&#8221;off&#8221; button_letter_spacing__hover_enabled=&#8221;off&#8221; button_one_letter_spacing__hover_enabled=&#8221;off&#8221; button_two_letter_spacing__hover_enabled=&#8221;off&#8221; button_bg_color__hover_enabled=&#8221;off&#8221; button_one_bg_color__hover_enabled=&#8221;off&#8221; button_two_bg_color__hover_enabled=&#8221;off&#8221;]<\/p>\n<h3><strong>Forschungsverein <br \/>Gesundheit und Sport<\/strong><\/h3>\n<p>6105 Leutasch, \u00d6sterreich<strong><\/strong><\/p>\n<p><strong>Telefon DE: <\/strong>+49 (0) 178-6879424<br \/><strong>Telefon AT:<\/strong> +43 (0) 644 5023347<strong><\/strong><\/p>\n<p>[\/et_pb_cta][et_pb_cta admin_label=&#8221;Call To Action\/ ADDRESS&#8221; _builder_version=&#8221;4.21.0&#8243; header_font=&#8221;|||on|&#8221; body_font=&#8221;||||&#8221; body_font_size=&#8221;15&#8243; use_background_color=&#8221;off&#8221; background_layout=&#8221;light&#8221; global_colors_info=&#8221;{}&#8221; button_text_size__hover_enabled=&#8221;off&#8221; button_one_text_size__hover_enabled=&#8221;off&#8221; button_two_text_size__hover_enabled=&#8221;off&#8221; button_text_color__hover_enabled=&#8221;off&#8221; button_one_text_color__hover_enabled=&#8221;off&#8221; button_two_text_color__hover_enabled=&#8221;off&#8221; button_border_width__hover_enabled=&#8221;off&#8221; button_one_border_width__hover_enabled=&#8221;off&#8221; button_two_border_width__hover_enabled=&#8221;off&#8221; button_border_color__hover_enabled=&#8221;off&#8221; button_one_border_color__hover_enabled=&#8221;off&#8221; button_two_border_color__hover_enabled=&#8221;off&#8221; button_border_radius__hover_enabled=&#8221;off&#8221; button_one_border_radius__hover_enabled=&#8221;off&#8221; button_two_border_radius__hover_enabled=&#8221;off&#8221; button_letter_spacing__hover_enabled=&#8221;off&#8221; button_one_letter_spacing__hover_enabled=&#8221;off&#8221; button_two_letter_spacing__hover_enabled=&#8221;off&#8221; button_bg_color__hover_enabled=&#8221;off&#8221; button_one_bg_color__hover_enabled=&#8221;off&#8221; button_two_bg_color__hover_enabled=&#8221;off&#8221;]<\/p>\n<p><a class=\"\" href=\"mailto:service@hrv-software.com\">service@hrv-software.com<\/a> | <a class=\"\" href=\"https:\/\/hrv.fgsinfo.de\/\">www.hrv-software.com<\/a><\/p>\n<p>[\/et_pb_cta][\/et_pb_column][et_pb_column type=&#8221;3_5&#8243; _builder_version=&#8221;4.16&#8243; custom_padding=&#8221;30px|30px|30px|&#8221; global_colors_info=&#8221;{}&#8221; custom_padding__hover=&#8221;|||&#8221;][et_pb_text admin_label=&#8221;CONTACT DETAILS:&#8221; _builder_version=&#8221;4.23.1&#8243; text_font=&#8221;||||||||&#8221; custom_margin=&#8221;|30px||30px&#8221; custom_padding=&#8221;20px||10px||false|false&#8221; global_colors_info=&#8221;{}&#8221;]<\/p>\n<h2>Se tiver quaisquer problemas ou perguntas sobre o nosso software HRV, envie-nos uma mensagem<\/h2>\n<p>Teremos todo o gosto em atender ao seu pedido e entraremos em contacto consigo o mais rapidamente poss\u00edvel.<\/p>\n<p>[\/et_pb_text][et_pb_contact_form email=&#8221;support@hrv-software.com&#8221; custom_message=&#8221;Supportanfrage HRV Webseite||et_pb_line_break_holder||||et_pb_line_break_holder||Name: %%Name%%||et_pb_line_break_holder||Email: %%Email%%||et_pb_line_break_holder||||et_pb_line_break_holder||Nachricht:||et_pb_line_break_holder||%%message%%||et_pb_line_break_holder||&#8221; success_message=&#8221;Thank You! Your message arrived and we will get back to you as soon as possible&#8221; submit_button_text=&#8221;Send&#8221; module_id=&#8221;et_pb_contact_form_0&#8243; _builder_version=&#8221;4.24.1&#8243; _unique_id=&#8221;be4eec25-59c5-44d5-872f-d4082c3d32ee&#8221; form_field_font_size=&#8221;15px&#8221; form_field_letter_spacing=&#8221;1px&#8221; custom_button=&#8221;on&#8221; button_text_color=&#8221;#ffffff&#8221; button_bg_color=&#8221;#EC111A&#8221; custom_margin=&#8221;|30px||30px&#8221; hover_enabled=&#8221;0&#8243; custom_css_contact_fields=&#8221;background-color: #ffffff!important;||border-style: solid;|| border-left-width: 0!important;|| border-bottom-width: 1px!important;|| border-right-width: 0!important;|| border-top-width: 0!important;&#8221; custom_css_text_field=&#8221;background-color: #ffffff;||border-style: solid;|| border-left-width: 0!important;|| border-bottom-width: 1px!important;|| border-right-width: 0!important;|| border-top-width: 0!important;&#8221; border_width_all=&#8221;1px&#8221; border_color_all=&#8221;rgba(135,150,171,0.68)&#8221; use_border_color=&#8221;on&#8221; global_colors_info=&#8221;{}&#8221; sticky_enabled=&#8221;0&#8243;][et_pb_contact_field field_id=&#8221;Name&#8221; field_title=&#8221;Name&#8221; _builder_version=&#8221;4.23.1&#8243; form_field_font=&#8221;||||||||&#8221; global_colors_info=&#8221;{}&#8221; button_text_size__hover_enabled=&#8221;off&#8221; button_one_text_size__hover_enabled=&#8221;off&#8221; button_two_text_size__hover_enabled=&#8221;off&#8221; button_text_color__hover_enabled=&#8221;off&#8221; button_one_text_color__hover_enabled=&#8221;off&#8221; button_two_text_color__hover_enabled=&#8221;off&#8221; button_border_width__hover_enabled=&#8221;off&#8221; button_one_border_width__hover_enabled=&#8221;off&#8221; button_two_border_width__hover_enabled=&#8221;off&#8221; button_border_color__hover_enabled=&#8221;off&#8221; button_one_border_color__hover_enabled=&#8221;off&#8221; button_two_border_color__hover_enabled=&#8221;off&#8221; button_border_radius__hover_enabled=&#8221;off&#8221; button_one_border_radius__hover_enabled=&#8221;off&#8221; button_two_border_radius__hover_enabled=&#8221;off&#8221; button_letter_spacing__hover_enabled=&#8221;off&#8221; button_one_letter_spacing__hover_enabled=&#8221;off&#8221; button_two_letter_spacing__hover_enabled=&#8221;off&#8221; button_bg_color__hover_enabled=&#8221;off&#8221; button_one_bg_color__hover_enabled=&#8221;off&#8221; button_two_bg_color__hover_enabled=&#8221;off&#8221;][\/et_pb_contact_field][et_pb_contact_field field_id=&#8221;E-Mail&#8221; field_title=&#8221;Email address&#8221; field_type=&#8221;email&#8221; _builder_version=&#8221;4.23.1&#8243; form_field_font=&#8221;||||||||&#8221; global_colors_info=&#8221;{}&#8221; button_text_size__hover_enabled=&#8221;off&#8221; button_one_text_size__hover_enabled=&#8221;off&#8221; button_two_text_size__hover_enabled=&#8221;off&#8221; button_text_color__hover_enabled=&#8221;off&#8221; button_one_text_color__hover_enabled=&#8221;off&#8221; button_two_text_color__hover_enabled=&#8221;off&#8221; button_border_width__hover_enabled=&#8221;off&#8221; button_one_border_width__hover_enabled=&#8221;off&#8221; button_two_border_width__hover_enabled=&#8221;off&#8221; button_border_color__hover_enabled=&#8221;off&#8221; button_one_border_color__hover_enabled=&#8221;off&#8221; button_two_border_color__hover_enabled=&#8221;off&#8221; button_border_radius__hover_enabled=&#8221;off&#8221; button_one_border_radius__hover_enabled=&#8221;off&#8221; button_two_border_radius__hover_enabled=&#8221;off&#8221; button_letter_spacing__hover_enabled=&#8221;off&#8221; button_one_letter_spacing__hover_enabled=&#8221;off&#8221; button_two_letter_spacing__hover_enabled=&#8221;off&#8221; button_bg_color__hover_enabled=&#8221;off&#8221; button_one_bg_color__hover_enabled=&#8221;off&#8221; button_two_bg_color__hover_enabled=&#8221;off&#8221;][\/et_pb_contact_field][et_pb_contact_field field_id=&#8221;Telefo&#8221; field_title=&#8221;Phone&#8221; fullwidth_field=&#8221;on&#8221; _builder_version=&#8221;4.23.1&#8243; form_field_font=&#8221;||||||||&#8221; use_border_color=&#8221;off&#8221; global_colors_info=&#8221;{}&#8221; button_text_size__hover_enabled=&#8221;off&#8221; button_one_text_size__hover_enabled=&#8221;off&#8221; button_two_text_size__hover_enabled=&#8221;off&#8221; button_text_color__hover_enabled=&#8221;off&#8221; button_one_text_color__hover_enabled=&#8221;off&#8221; button_two_text_color__hover_enabled=&#8221;off&#8221; button_border_width__hover_enabled=&#8221;off&#8221; button_one_border_width__hover_enabled=&#8221;off&#8221; button_two_border_width__hover_enabled=&#8221;off&#8221; button_border_color__hover_enabled=&#8221;off&#8221; button_one_border_color__hover_enabled=&#8221;off&#8221; button_two_border_color__hover_enabled=&#8221;off&#8221; button_border_radius__hover_enabled=&#8221;off&#8221; button_one_border_radius__hover_enabled=&#8221;off&#8221; button_two_border_radius__hover_enabled=&#8221;off&#8221; button_letter_spacing__hover_enabled=&#8221;off&#8221; button_one_letter_spacing__hover_enabled=&#8221;off&#8221; button_two_letter_spacing__hover_enabled=&#8221;off&#8221; button_bg_color__hover_enabled=&#8221;off&#8221; button_one_bg_color__hover_enabled=&#8221;off&#8221; button_two_bg_color__hover_enabled=&#8221;off&#8221;][\/et_pb_contact_field][et_pb_contact_field field_id=&#8221;Message&#8221; field_title=&#8221;Message&#8221; field_type=&#8221;text&#8221; fullwidth_field=&#8221;on&#8221; _builder_version=&#8221;4.23.1&#8243; form_field_font=&#8221;||||||||&#8221; global_colors_info=&#8221;{}&#8221; button_text_size__hover_enabled=&#8221;off&#8221; button_one_text_size__hover_enabled=&#8221;off&#8221; button_two_text_size__hover_enabled=&#8221;off&#8221; button_text_color__hover_enabled=&#8221;off&#8221; button_one_text_color__hover_enabled=&#8221;off&#8221; button_two_text_color__hover_enabled=&#8221;off&#8221; button_border_width__hover_enabled=&#8221;off&#8221; button_one_border_width__hover_enabled=&#8221;off&#8221; button_two_border_width__hover_enabled=&#8221;off&#8221; button_border_color__hover_enabled=&#8221;off&#8221; button_one_border_color__hover_enabled=&#8221;off&#8221; button_two_border_color__hover_enabled=&#8221;off&#8221; button_border_radius__hover_enabled=&#8221;off&#8221; button_one_border_radius__hover_enabled=&#8221;off&#8221; button_two_border_radius__hover_enabled=&#8221;off&#8221; button_letter_spacing__hover_enabled=&#8221;off&#8221; button_one_letter_spacing__hover_enabled=&#8221;off&#8221; button_two_letter_spacing__hover_enabled=&#8221;off&#8221; button_bg_color__hover_enabled=&#8221;off&#8221; button_one_bg_color__hover_enabled=&#8221;off&#8221; button_two_bg_color__hover_enabled=&#8221;off&#8221;][\/et_pb_contact_field][\/et_pb_contact_form][\/et_pb_column][\/et_pb_row][\/et_pb_section]<\/p>\n","protected":false},"excerpt":{"rendered":"<p>Correia peitoral Bluetooth 4.0 -a nossa recomenda\u00e7\u00e3o para a aplica\u00e7\u00e3o HRVCorreia peitoral Sigma R1 Bluetooth De acordo com a nossa experi\u00eancia, a faixa peitoral Sigma R1 Bluetooth tem sido a mais fi\u00e1vel na utiliza\u00e7\u00e3o di\u00e1ria durante anos. Outras faixas peitorais Bluetooth com a norma Bluetooth 4.0 ou superior tamb\u00e9m devem funcionar. Dispon\u00edvel na Amazon &#8211;&gt;Mostrar [&hellip;]<\/p>\n","protected":false},"author":7,"featured_media":0,"parent":0,"menu_order":0,"comment_status":"closed","ping_status":"closed","template":"","meta":{"_et_pb_use_builder":"on","_et_pb_old_content":"","_et_gb_content_width":"","footnotes":""},"class_list":["post-209685","page","type-page","status-publish","hentry"],"jetpack_sharing_enabled":true,"_links":{"self":[{"href":"https:\/\/hrv-software.com\/pt-pt\/wp-json\/wp\/v2\/pages\/209685","targetHints":{"allow":["GET"]}}],"collection":[{"href":"https:\/\/hrv-software.com\/pt-pt\/wp-json\/wp\/v2\/pages"}],"about":[{"href":"https:\/\/hrv-software.com\/pt-pt\/wp-json\/wp\/v2\/types\/page"}],"author":[{"embeddable":true,"href":"https:\/\/hrv-software.com\/pt-pt\/wp-json\/wp\/v2\/users\/7"}],"replies":[{"embeddable":true,"href":"https:\/\/hrv-software.com\/pt-pt\/wp-json\/wp\/v2\/comments?post=209685"}],"version-history":[{"count":4,"href":"https:\/\/hrv-software.com\/pt-pt\/wp-json\/wp\/v2\/pages\/209685\/revisions"}],"predecessor-version":[{"id":209783,"href":"https:\/\/hrv-software.com\/pt-pt\/wp-json\/wp\/v2\/pages\/209685\/revisions\/209783"}],"wp:attachment":[{"href":"https:\/\/hrv-software.com\/pt-pt\/wp-json\/wp\/v2\/media?parent=209685"}],"curies":[{"name":"wp","href":"https:\/\/api.w.org\/{rel}","templated":true}]}}