{"id":209238,"date":"2023-05-25T14:33:32","date_gmt":"2023-05-25T12:33:32","guid":{"rendered":"https:\/\/hrv-software.com\/affiliate\/"},"modified":"2023-11-22T12:20:51","modified_gmt":"2023-11-22T11:20:51","slug":"affiliate","status":"publish","type":"page","link":"https:\/\/hrv-software.com\/pt-pt\/affiliate\/","title":{"rendered":"Afiliados An\u00e1lise VFC"},"content":{"rendered":"<p>[et_pb_section fb_built=&#8221;1&#8243; _builder_version=&#8221;4.21.0&#8243; _module_preset=&#8221;default&#8221; background_color=&#8221;#f5f5f5&#8243; locked=&#8221;off&#8221; global_colors_info=&#8221;{}&#8221;][et_pb_row column_structure=&#8221;1_3,2_3&#8243; _builder_version=&#8221;4.21.0&#8243; background_size=&#8221;initial&#8221; background_position=&#8221;top_left&#8221; background_repeat=&#8221;repeat&#8221; custom_padding=&#8221;24px|0px|7px|0px|false|false&#8221; locked=&#8221;off&#8221; global_colors_info=&#8221;{}&#8221;][et_pb_column type=&#8221;1_3&#8243; _builder_version=&#8221;4.21.0&#8243; _module_preset=&#8221;default&#8221; global_colors_info=&#8221;{}&#8221;][et_pb_image src=&#8221;https:\/\/hrv.fgsinfo.de\/wp-content\/uploads\/2023\/02\/HRV_LOGO.png&#8221; alt=&#8221;HRV &#8211; Messung, Analyse und Auswertung der Herzratenvariabilit\u00e4t&#8221; title_text=&#8221;HRV_LOGO&#8221; align=&#8221;center&#8221; align_tablet=&#8221;center&#8221; align_phone=&#8221;&#8221; align_last_edited=&#8221;on|desktop&#8221; _builder_version=&#8221;4.21.0&#8243; global_colors_info=&#8221;{}&#8221;][\/et_pb_image][\/et_pb_column][et_pb_column type=&#8221;2_3&#8243; _builder_version=&#8221;4.16&#8243; custom_padding=&#8221;|||&#8221; global_colors_info=&#8221;{}&#8221; custom_padding__hover=&#8221;|||&#8221;][et_pb_post_title meta=&#8221;off&#8221; featured_image=&#8221;off&#8221; _builder_version=&#8221;4.21.0&#8243; title_font=&#8221;|||on|||||&#8221; title_text_color=&#8221;#2272bd&#8221; custom_margin=&#8221;3px||0px||false|false&#8221; global_colors_info=&#8221;{}&#8221;][\/et_pb_post_title][et_pb_text admin_label=&#8221;H2&#8243; _builder_version=&#8221;4.21.0&#8243; custom_margin=&#8221;||10px|&#8221; global_colors_info=&#8221;{}&#8221;]<\/p>\n<h2>Desenvolvemos um atrativo programa de afiliados para a An\u00e1lise VFC para permitir a divulga\u00e7\u00e3o e comercializa\u00e7\u00e3o da App VFC em todo o mundo.<\/h2>\n<p>[\/et_pb_text][\/et_pb_column][\/et_pb_row][et_pb_row _builder_version=&#8221;4.16&#8243; custom_margin=&#8221;||||false|false&#8221; custom_padding=&#8221;0px||31px|||&#8221; locked=&#8221;off&#8221; global_colors_info=&#8221;{}&#8221;][et_pb_column type=&#8221;4_4&#8243; _builder_version=&#8221;4.16&#8243; custom_padding=&#8221;|||&#8221; global_colors_info=&#8221;{}&#8221; custom_padding__hover=&#8221;|||&#8221;][et_pb_button button_url=&#8221;https:\/\/hrv-affiliate.web.app&#8221; button_text=&#8221;Registe-se&#8221; button_alignment=&#8221;center&#8221; _builder_version=&#8221;4.23.1&#8243; _module_preset=&#8221;default&#8221; custom_button=&#8221;on&#8221; button_text_color=&#8221;#FFFFFF&#8221; button_bg_color=&#8221;#2272BD&#8221; background_layout=&#8221;dark&#8221; hover_enabled=&#8221;0&#8243; box_shadow_style=&#8221;preset3&#8243; global_colors_info=&#8221;{}&#8221; button_bg_color__hover_enabled=&#8221;on|hover&#8221; button_bg_color__hover=&#8221;#2272BD&#8221; button_bg_enable_color__hover=&#8221;on&#8221; url_new_window=&#8221;on&#8221; sticky_enabled=&#8221;0&#8243; locked=&#8221;off&#8221; button_font=&#8221;|||on|||||&#8221;][\/et_pb_button][\/et_pb_column][\/et_pb_row][\/et_pb_section][et_pb_section fb_built=&#8221;1&#8243; _builder_version=&#8221;4.21.0&#8243; _module_preset=&#8221;default&#8221; background_color=&#8221;RGBA(255,255,255,0)&#8221; use_background_color_gradient=&#8221;on&#8221; background_color_gradient_stops=&#8221;#f5f5f5 0%|#d5d5d5 100%&#8221; width=&#8221;100%&#8221; custom_margin=&#8221;0px||||false|false&#8221; custom_padding=&#8221;0px||0px||false|false&#8221; global_colors_info=&#8221;{}&#8221;][et_pb_row _builder_version=&#8221;4.21.0&#8243; _module_preset=&#8221;default&#8221; custom_margin=&#8221;|auto||auto|false|false&#8221; global_colors_info=&#8221;{}&#8221;][et_pb_column type=&#8221;4_4&#8243; _builder_version=&#8221;4.21.0&#8243; _module_preset=&#8221;default&#8221; global_colors_info=&#8221;{}&#8221;][et_pb_text _builder_version=&#8221;4.21.0&#8243; _module_preset=&#8221;default&#8221; global_colors_info=&#8221;{}&#8221;]<\/p>\n<h2><b>Torne-se um parceiro afiliado da App VFC<\/b><\/h2>\n<p>Pedimos a todos os afiliados que se familiarizem com o tema da VFC (variabilidade da frequ\u00eancia card\u00edaca) e que consultem as nossas informa\u00e7\u00f5es b\u00e1sicas no nosso website. Aqui, encontra o <a href=\"https:\/\/hrv-software.com\/pt-pt\/#video\"><strong>v\u00eddeo principal da VFC<\/strong><\/a> e <a href=\"https:\/\/hrv-software.com\/en\/hrv-introduction-and-the-importance-of-regulation\/\" target=\"_blank\" rel=\"noopener\"><strong>informa\u00e7\u00f5es t\u00e9cnicas <\/strong><\/a>adicionais.<\/p>\n<p>Como parceiro afiliado, pode utilizar os nossos v\u00eddeos VFC e materiais de marketing sem restri\u00e7\u00f5es at\u00e9 \u00e0 revoga\u00e7\u00e3o. Importante: S\u00e3o proibidas quaisquer declara\u00e7\u00f5es sobre diagn\u00f3stico e terapia relacionadas com a App VFC ou com os dados brutos. Todos os parceiros afiliados s\u00e3o independentes e operam \u00e0 sua inteira responsabilidade.<\/p>\n<p>[\/et_pb_text][\/et_pb_column][\/et_pb_row][et_pb_row _builder_version=&#8221;4.16&#8243; custom_margin=&#8221;||||false|false&#8221; custom_padding=&#8221;0px||45px|||&#8221; locked=&#8221;off&#8221; global_colors_info=&#8221;{}&#8221;][et_pb_column type=&#8221;4_4&#8243; _builder_version=&#8221;4.16&#8243; custom_padding=&#8221;|||&#8221; global_colors_info=&#8221;{}&#8221; custom_padding__hover=&#8221;|||&#8221;][et_pb_text admin_label=&#8221;ZITAT&#8221; _builder_version=&#8221;4.21.0&#8243; background_color=&#8221;#ffffff&#8221; custom_padding=&#8221;30px|30px|30px|30px|false|false&#8221; box_shadow_style=&#8221;preset3&#8243; global_colors_info=&#8221;{}&#8221;]<\/p>\n<p>Oferecemos 3 n\u00edveis de uma comiss\u00e3o total (15 %, 25 %, 30 %), que pode ser dividida individualmente para cada parceiro afiliado:<\/p>\n<ul>\n<li><strong>Desconto no pre\u00e7o<\/strong> para os clientes que adquirem a App no Google Play ou Apple Store<\/li>\n<li><strong>Comiss\u00e3o para afiliados<\/strong> com pagamento estritamente l\u00edquido<\/li>\n<\/ul>\n<p>[\/et_pb_text][\/et_pb_column][\/et_pb_row][et_pb_row _builder_version=&#8221;4.21.0&#8243; _module_preset=&#8221;default&#8221; custom_padding=&#8221;2px|||||&#8221; global_colors_info=&#8221;{}&#8221;][et_pb_column type=&#8221;4_4&#8243; _builder_version=&#8221;4.21.0&#8243; _module_preset=&#8221;default&#8221; global_colors_info=&#8221;{}&#8221;][et_pb_text _builder_version=&#8221;4.21.0&#8243; _module_preset=&#8221;default&#8221; global_colors_info=&#8221;{}&#8221;]<\/p>\n<ul>\n<li><strong>N\u00edvel 1: 15 % (0-100 vendas)<\/strong> Comiss\u00e3o total<\/li>\n<li><strong>N\u00edvel 2: 25 % (101-1\u00a0000 vendas)<\/strong> Comiss\u00e3o total<\/li>\n<li><strong>N\u00edvel 3: 30 % (mais de 1 000 vendas)<\/strong> Comiss\u00e3o total<\/li>\n<\/ul>\n<hr \/>\n<ul>\n<li><strong>Exemplo 1: 15 % de comiss\u00e3o total<\/strong> = 5 % de desconto para o cliente que compra a App e 10 % de comiss\u00e3o do afiliado<\/li>\n<li><strong>Exemplo 2: 25 % de comiss\u00e3o total<\/strong> = 10 % de desconto para o cliente que compra a App e 15 % de comiss\u00e3o do afiliado<\/li>\n<li><strong>Exemplo 3: 25 % de comiss\u00e3o total<\/strong> = 15 % de desconto para o cliente que compra a App e 10 % de comiss\u00e3o do afiliado<\/li>\n<\/ul>\n<p>O desconto no pre\u00e7o e sua pr\u00f3pria comiss\u00e3o de afiliado s\u00e3o divididos em m\u00faltiplos de cinco (5%, 10%, 15%, 20%, 25%, 30%). O c\u00f3digo de afiliado criado ap\u00f3s o registo (abaixo) define o desconto de pre\u00e7o para o cliente na Store, a diferen\u00e7a em rela\u00e7\u00e3o \u00e0 comiss\u00e3o total \u00e9 calculada automaticamente. Assim que o n\u00famero de vendas atingir um n\u00edvel superior\/inferior, a distribui\u00e7\u00e3o do desconto no pre\u00e7o e da comiss\u00e3o de afiliado pr\u00f3pria pode ser determinada individualmente usando os diferentes c\u00f3digos. Isto torna muito f\u00e1cil determinar o desconto para diferentes campanhas de marketing, comunica\u00e7\u00e3o em redes sociais e os seus pr\u00f3prios clientes.<\/p>\n<h2><strong>Beispiele f\u00fcr Affiliate-Codes:<\/strong><\/h2>\n<ul>\n<li><strong>C\u00f3digo de afiliado 1:<\/strong> 5 % de desconto para clientes na App Store, restante da comiss\u00e3o total = comiss\u00e3o de afiliado<\/li>\n<li><strong>C\u00f3digo de afiliado 2:<\/strong> 10 % de desconto para clientes na App Store, restante da comiss\u00e3o total = comiss\u00e3o de afiliado<\/li>\n<li><strong>C\u00f3digo de afiliado 3:<\/strong> 15 % de desconto para clientes na App Store, restante da comiss\u00e3o total = comiss\u00e3o de afiliado (vis\u00edvel \/ utiliz\u00e1vel apenas a partir do n\u00edvel 2)<\/li>\n<li><strong>C\u00f3digo de afiliado 4:<\/strong> 20 % de desconto para clientes na App Store, restante da comiss\u00e3o total = comiss\u00e3o de afiliado (vis\u00edvel \/ utiliz\u00e1vel apenas a partir do n\u00edvel 2)<\/li>\n<li><strong>C\u00f3digo de afiliado 5:<\/strong> 25 % de desconto para clientes na App Store, restante da comiss\u00e3o total = comiss\u00e3o de afiliado (utiliz\u00e1vel apenas a partir do n\u00edvel 3)<\/li>\n<\/ul>\n<p>Qualquer cliente que compre a App VFC na App Store (Apple\/Google) pode mudar para uma vers\u00e3o anual atrav\u00e9s das compras na App. Ao comprar a subscri\u00e7\u00e3o anual, o pre\u00e7o mensal \u00e9 multiplicado por 9, de modo que uma subscri\u00e7\u00e3o anual \u00e9 muito atraente assim que os clientes se convencem dos benef\u00edcios e funcionalidades da App VFC. Ap\u00f3s comprar a App, cada cliente tem direito de revoga\u00e7\u00e3o durante tr\u00eas dias.[\/et_pb_text][\/et_pb_column][\/et_pb_row][et_pb_row _builder_version=&#8221;4.16&#8243; custom_margin=&#8221;||||false|false&#8221; custom_padding=&#8221;0px||45px|||&#8221; locked=&#8221;off&#8221; global_colors_info=&#8221;{}&#8221;][et_pb_column type=&#8221;4_4&#8243; _builder_version=&#8221;4.16&#8243; custom_padding=&#8221;|||&#8221; global_colors_info=&#8221;{}&#8221; custom_padding__hover=&#8221;|||&#8221;][et_pb_text admin_label=&#8221;ZITAT&#8221; _builder_version=&#8221;4.21.0&#8243; background_color=&#8221;#ffffff&#8221; custom_padding=&#8221;30px|30px|30px|30px|false|false&#8221; box_shadow_style=&#8221;preset3&#8243; global_colors_info=&#8221;{}&#8221;]<\/p>\n<h2><b>Torne-se um parceiro afiliado:<\/b><\/h2>\n<ul>\n<li>Aceda ao website<a href=\"http:\/\/www.hrv-software.com\/pt-pt\/affiliate\/\">www.hrv-software.com\/affiliate\/<\/a>, clique em Registo\/In\u00edcio de sess\u00e3o de afiliados e insira os seus dados<\/li>\n<li>Envie-nos os dados e declara\u00e7\u00e3o de consentimento para procedermos ao seu registo<\/li>\n<li>O seu c\u00f3digo de afiliado individual \u00e9 criado ap\u00f3s o envio do registo e associado ao seu nome<\/li>\n<li>Ap\u00f3s receber os c\u00f3digos de afiliado, estes podem ser usados em todo o mundo para comercializa\u00e7\u00e3o e ced\u00eancia<\/li>\n<li>Assim que o limite para o n\u00edvel seguinte (0-100; 101-1000, &gt;1000) for atingido, o desconto na loja ser\u00e1 mantido para o cliente e a comiss\u00e3o do afiliado aumentar\u00e1 em conformidade. A altera\u00e7\u00e3o desta propor\u00e7\u00e3o \u00e9 feita pelos c\u00f3digos de afiliado espec\u00edficos (5%, 10%, 15%, 20%, 25% ou 30% de desconto)<\/li>\n<li>Os c\u00f3digos para os descontos de 20%, 25% e 30% s\u00f3 se tornam vis\u00edveis e utiliz\u00e1veis quando o respetivo n\u00edvel for atingido<\/li>\n<\/ul>\n<p>[\/et_pb_text][\/et_pb_column][\/et_pb_row][et_pb_row _builder_version=&#8221;4.21.0&#8243; _module_preset=&#8221;default&#8221; custom_padding=&#8221;0px|||||&#8221; global_colors_info=&#8221;{}&#8221;][et_pb_column type=&#8221;4_4&#8243; _builder_version=&#8221;4.21.0&#8243; _module_preset=&#8221;default&#8221; global_colors_info=&#8221;{}&#8221;][et_pb_text _builder_version=&#8221;4.21.0&#8243; _module_preset=&#8221;default&#8221; global_colors_info=&#8221;{}&#8221;]O parceiro afiliado pode aceder \u00e0 sua conta de afiliado a qualquer momento para visualizar as estat\u00edsticas atuais de Apps vendidas e as comiss\u00f5es em aberto. A comiss\u00e3o de afiliado a pagar \u00e9 transferida todos os meses para as informa\u00e7\u00f5es banc\u00e1rias fornecidas.[\/et_pb_text][\/et_pb_column][\/et_pb_row][\/et_pb_section]<\/p>\n","protected":false},"excerpt":{"rendered":"<p>Desenvolvemos um atrativo programa de afiliados para a An\u00e1lise VFC para permitir a divulga\u00e7\u00e3o e comercializa\u00e7\u00e3o da App VFC em todo o mundo.Torne-se um parceiro afiliado da App VFC Pedimos a todos os afiliados que se familiarizem com o tema da VFC (variabilidade da frequ\u00eancia card\u00edaca) e que consultem as nossas informa\u00e7\u00f5es b\u00e1sicas no nosso [&hellip;]<\/p>\n","protected":false},"author":7,"featured_media":0,"parent":0,"menu_order":0,"comment_status":"closed","ping_status":"closed","template":"","meta":{"_et_pb_use_builder":"on","_et_pb_old_content":"","_et_gb_content_width":"","footnotes":""},"class_list":["post-209238","page","type-page","status-publish","hentry"],"jetpack_sharing_enabled":true,"_links":{"self":[{"href":"https:\/\/hrv-software.com\/pt-pt\/wp-json\/wp\/v2\/pages\/209238","targetHints":{"allow":["GET"]}}],"collection":[{"href":"https:\/\/hrv-software.com\/pt-pt\/wp-json\/wp\/v2\/pages"}],"about":[{"href":"https:\/\/hrv-software.com\/pt-pt\/wp-json\/wp\/v2\/types\/page"}],"author":[{"embeddable":true,"href":"https:\/\/hrv-software.com\/pt-pt\/wp-json\/wp\/v2\/users\/7"}],"replies":[{"embeddable":true,"href":"https:\/\/hrv-software.com\/pt-pt\/wp-json\/wp\/v2\/comments?post=209238"}],"version-history":[{"count":7,"href":"https:\/\/hrv-software.com\/pt-pt\/wp-json\/wp\/v2\/pages\/209238\/revisions"}],"predecessor-version":[{"id":209768,"href":"https:\/\/hrv-software.com\/pt-pt\/wp-json\/wp\/v2\/pages\/209238\/revisions\/209768"}],"wp:attachment":[{"href":"https:\/\/hrv-software.com\/pt-pt\/wp-json\/wp\/v2\/media?parent=209238"}],"curies":[{"name":"wp","href":"https:\/\/api.w.org\/{rel}","templated":true}]}}