{"id":209180,"date":"2018-08-15T11:30:50","date_gmt":"2018-08-15T09:30:50","guid":{"rendered":"https:\/\/hrv-software.com\/hrv-app-herz-raten-variabilitaet\/"},"modified":"2024-02-29T12:57:42","modified_gmt":"2024-02-29T11:57:42","slug":"hrv-app-herz-raten-variabilitaet","status":"publish","type":"page","link":"https:\/\/hrv-software.com\/pt-pt\/","title":{"rendered":"HRV: An\u00e1lise VFC para saude e desporto"},"content":{"rendered":"<p>[et_pb_section fb_built=&#8221;1&#8243; _builder_version=&#8221;4.21.0&#8243; _module_preset=&#8221;default&#8221; background_color=&#8221;#f5f5f5&#8243; custom_margin=&#8221;0px||0px||false|false&#8221; custom_padding=&#8221;0px||0px||false|false&#8221; global_colors_info=&#8221;{}&#8221;][et_pb_row _builder_version=&#8221;4.21.0&#8243; custom_padding=&#8221;0px||0px||false|false&#8221; global_colors_info=&#8221;{}&#8221;][et_pb_column type=&#8221;4_4&#8243; _builder_version=&#8221;4.16&#8243; custom_padding=&#8221;30px|||&#8221; global_colors_info=&#8221;{}&#8221; custom_padding__hover=&#8221;|||&#8221;][et_pb_image src=&#8221;https:\/\/hrv.fgsinfo.de\/wp-content\/uploads\/2023\/02\/HRV_LOGO.png&#8221; alt=&#8221;HRV &#8211; Messung, Analyse und Auswertung der Herzratenvariabilit\u00e4t&#8221; title_text=&#8221;HRV_LOGO&#8221; align=&#8221;center&#8221; align_tablet=&#8221;center&#8221; align_phone=&#8221;&#8221; align_last_edited=&#8221;on|desktop&#8221; _builder_version=&#8221;4.21.0&#8243; max_width=&#8221;30%&#8221; max_width_tablet=&#8221;30%&#8221; max_width_phone=&#8221;70%&#8221; max_width_last_edited=&#8221;on|desktop&#8221; global_colors_info=&#8221;{}&#8221;][\/et_pb_image][et_pb_text admin_label=&#8221;H2&#8243; _builder_version=&#8221;4.21.0&#8243; text_orientation=&#8221;center&#8221; custom_margin=&#8221;||0px|&#8221; custom_padding=&#8221;2px||0px|||&#8221; global_colors_info=&#8221;{}&#8221;]<\/p>\n<h2>A minha terapia funciona realmente? <br \/>Como reage o meu corpo ao stress, medicamentos ou a novos suplementos alimentares?<br \/>Posso treinar hoje de forma intensa ou preciso de mais per\u00edodo de recupera\u00e7\u00e3o?<\/h2>\n<h2>A An\u00e1lise VFC responde diretamente a estas e a muitas outras quest\u00f5es<\/h2>\n<p>[\/et_pb_text][et_pb_image src=&#8221;https:\/\/hrv-software.com\/wp-content\/uploads\/2023\/06\/titelphone_EN.png&#8221; alt=&#8221;iHRV-SOFTWARE f\u00fcr das iPhone&#8221; title_text=&#8221;titelphone_EN&#8221; show_bottom_space=&#8221;off&#8221; align=&#8221;center&#8221; align_tablet=&#8221;center&#8221; align_phone=&#8221;&#8221; align_last_edited=&#8221;on|desktop&#8221; _builder_version=&#8221;4.21.0&#8243; custom_margin=&#8221;0px|||&#8221; custom_padding=&#8221;0px|||&#8221; global_colors_info=&#8221;{}&#8221;][\/et_pb_image][\/et_pb_column][\/et_pb_row][et_pb_row column_structure=&#8221;1_4,1_4,1_4,1_4&#8243; use_custom_gutter=&#8221;on&#8221; gutter_width=&#8221;2&#8243; make_equal=&#8221;on&#8221; custom_padding_last_edited=&#8221;on|phone&#8221; _builder_version=&#8221;4.21.0&#8243; custom_margin=&#8221;||0px||false|false&#8221; custom_padding=&#8221;0px||5px||false|false&#8221; custom_padding_tablet=&#8221;0px||||false|false&#8221; custom_padding_phone=&#8221;0px||||false|false&#8221; global_module=&#8221;209434&#8243; saved_tabs=&#8221;all&#8221; locked=&#8221;off&#8221; global_colors_info=&#8221;{}&#8221;][et_pb_column type=&#8221;1_4&#8243; _builder_version=&#8221;4.16&#8243; custom_padding=&#8221;|||&#8221; global_colors_info=&#8221;{}&#8221; custom_padding__hover=&#8221;|||&#8221;][\/et_pb_column][et_pb_column type=&#8221;1_4&#8243; _builder_version=&#8221;4.16&#8243; custom_padding=&#8221;|||&#8221; global_colors_info=&#8221;{}&#8221; custom_padding__hover=&#8221;|||&#8221;][et_pb_image src=&#8221;https:\/\/hrv-software.com\/wp-content\/uploads\/2023\/06\/APPLE-EN.png&#8221; title_text=&#8221;APPLE-EN&#8221; url=&#8221;https:\/\/apps.apple.com\/app\/hrv-analyse\/id6446939594&#8243; url_new_window=&#8221;on&#8221; show_bottom_space=&#8221;off&#8221; _builder_version=&#8221;4.21.0&#8243; _module_preset=&#8221;default&#8221; custom_padding=&#8221;||50px||false|false&#8221; global_colors_info=&#8221;{}&#8221;][\/et_pb_image][\/et_pb_column][et_pb_column type=&#8221;1_4&#8243; _builder_version=&#8221;4.16&#8243; custom_padding=&#8221;|||&#8221; global_colors_info=&#8221;{}&#8221; custom_padding__hover=&#8221;|||&#8221;][et_pb_image src=&#8221;https:\/\/hrv-software.com\/wp-content\/uploads\/2023\/06\/GOOGLE-EN.png&#8221; title_text=&#8221;GOOGLE-EN&#8221; url=&#8221;https:\/\/play.google.com\/store\/apps\/details?id=com.hrvsoftware.hrv&#038;pli=1&#8243; url_new_window=&#8221;on&#8221; show_bottom_space=&#8221;off&#8221; _builder_version=&#8221;4.21.0&#8243; _module_preset=&#8221;default&#8221; global_colors_info=&#8221;{}&#8221;][\/et_pb_image][\/et_pb_column][et_pb_column type=&#8221;1_4&#8243; _builder_version=&#8221;4.16&#8243; custom_padding=&#8221;|||&#8221; global_colors_info=&#8221;{}&#8221; custom_padding__hover=&#8221;|||&#8221;][et_pb_image src=&#8221;https:\/\/hrv-software.com\/wp-content\/uploads\/2023\/08\/HRVAPP-3.png&#8221; title_text=&#8221;HRVAPP&#8221; show_bottom_space=&#8221;off&#8221; _builder_version=&#8221;4.22.0&#8243; _module_preset=&#8221;default&#8221; custom_margin=&#8221;-10px||||false|false&#8221; custom_padding=&#8221;||||false|false&#8221; locked=&#8221;off&#8221; global_colors_info=&#8221;{}&#8221;][\/et_pb_image][\/et_pb_column][\/et_pb_row][et_pb_row _builder_version=&#8221;4.21.0&#8243; _module_preset=&#8221;default&#8221; custom_padding=&#8221;0px|||||&#8221; locked=&#8221;off&#8221; global_colors_info=&#8221;{}&#8221;][et_pb_column type=&#8221;4_4&#8243; _builder_version=&#8221;4.21.0&#8243; _module_preset=&#8221;default&#8221; global_colors_info=&#8221;{}&#8221;][et_pb_text admin_label=&#8221;H1&#8243; _builder_version=&#8221;4.21.0&#8243; ul_font=&#8221;Lato||||||||&#8221; ul_font_size=&#8221;20px&#8221; ul_line_height=&#8221;1.5em&#8221; header_text_color=&#8221;#2272bd&#8221; background_color=&#8221;#FFFFFF&#8221; text_orientation=&#8221;center&#8221; custom_margin=&#8221;4px||0px||false|false&#8221; custom_padding=&#8221;20px|30px|20px|30px|true|true&#8221; box_shadow_style=&#8221;preset3&#8243; global_colors_info=&#8221;{}&#8221;]<\/p>\n<p>Descarregue a aplica\u00e7\u00e3o gratuitamente. Com a ajuda de medi\u00e7\u00f5es de amostra pr\u00e9-instaladas, pode ficar a conhecer os gr\u00e1ficos, as avalia\u00e7\u00f5es e o esquema de impress\u00e3o. S\u00f3 pode efetuar as suas pr\u00f3prias medi\u00e7\u00f5es com uma fita peitoral Bluetooth depois de subscrever uma assinatura (incluindo um per\u00edodo experimental de 3 dias).<\/p>\n<p>[\/et_pb_text][\/et_pb_column][\/et_pb_row][\/et_pb_section][et_pb_section fb_built=&#8221;1&#8243; _builder_version=&#8221;4.21.0&#8243; background_color=&#8221;RGBA(255,255,255,0)&#8221; use_background_color_gradient=&#8221;on&#8221; background_color_gradient_stops=&#8221;#f5f5f5 0%|#d5d5d5 100%&#8221; width=&#8221;100%&#8221; custom_margin=&#8221;||||false|false&#8221; custom_padding=&#8221;0px||||false|false&#8221; global_colors_info=&#8221;{}&#8221;][et_pb_row _builder_version=&#8221;4.16&#8243; background_size=&#8221;initial&#8221; background_position=&#8221;top_left&#8221; background_repeat=&#8221;repeat&#8221; custom_padding=&#8221;24px|0px|14px|0px|false|false&#8221; global_colors_info=&#8221;{}&#8221;][et_pb_column type=&#8221;4_4&#8243; _builder_version=&#8221;4.16&#8243; custom_padding=&#8221;|||&#8221; global_colors_info=&#8221;{}&#8221; custom_padding__hover=&#8221;|||&#8221;][et_pb_text admin_label=&#8221;H1&#8243; _builder_version=&#8221;4.21.0&#8243; ul_font=&#8221;Lato|700|||||||&#8221; ul_line_height=&#8221;1.7em&#8221; header_text_color=&#8221;#2272bd&#8221; text_orientation=&#8221;center&#8221; custom_margin=&#8221;|||&#8221; custom_padding=&#8221;|||&#8221; global_colors_info=&#8221;{}&#8221;]<\/p>\n<h2 style=\"text-align: left;\">PARA SA\u00daDE E DESPORTO: <span style=\"color: #ec111a;\"><strong>AN\u00c1LISE VFC<\/strong><\/span><\/h2>\n<p style=\"text-align: left;\">An\u00e1lise VFC: Medir o que est\u00e1 realmente a acontecer no corpo (espelho interior) e identificar antecipadamente quando o stress se transforma em stress permanente. Um software profissional para iOS e Android \u2013 para pessoas conscientes da sa\u00fade, pessoas em posi\u00e7\u00e3o de lideran\u00e7a, para preven\u00e7\u00e3o junto de funcion\u00e1rios, controlo de terapias, bem como para desportistas amadores e profissionais como controlo de treino.<\/p>\n<p style=\"text-align: left;\">A variabilidade da frequ\u00eancia card\u00edaca (VFC) mede os intervalos de tempo entre batimentos card\u00edacos em mil\u00e9simos de segundo. Com um transmissor tor\u00e1cico, poder\u00e1 medir a variabilidade dos intervalos com a precis\u00e3o de um ECG. A an\u00e1lise e avalia\u00e7\u00e3o da VFC fornece dados importantes sobre o estado de sa\u00fade: quanto mais vari\u00e1vel for o batimento card\u00edaco, mais saud\u00e1vel \u00e9 o organismo.<\/p>\n<p>[\/et_pb_text][\/et_pb_column][\/et_pb_row][et_pb_row column_structure=&#8221;1_2,1_2&#8243; _builder_version=&#8221;4.21.0&#8243; _module_preset=&#8221;default&#8221; global_colors_info=&#8221;{}&#8221;][et_pb_column type=&#8221;1_2&#8243; _builder_version=&#8221;4.21.0&#8243; _module_preset=&#8221;default&#8221; global_colors_info=&#8221;{}&#8221;][et_pb_image src=&#8221;https:\/\/hrv-software.com\/wp-content\/uploads\/2023\/06\/titelphone_EN.png&#8221; alt=&#8221;HRV Analyse &#8211; Dauerstress &#8211; Sympathikus erh\u00f6ht&#8221; title_text=&#8221;titelphone_EN&#8221; _builder_version=&#8221;4.21.0&#8243; _module_preset=&#8221;default&#8221; global_colors_info=&#8221;{}&#8221;][\/et_pb_image][\/et_pb_column][et_pb_column type=&#8221;1_2&#8243; _builder_version=&#8221;4.21.0&#8243; _module_preset=&#8221;default&#8221; global_colors_info=&#8221;{}&#8221;][et_pb_text admin_label=&#8221;H1&#8243; _builder_version=&#8221;4.21.0&#8243; ul_font=&#8221;Lato||||||||&#8221; ul_text_color=&#8221;#444444&#8243; ul_font_size=&#8221;22px&#8221; ul_line_height=&#8221;1.7em&#8221; header_text_color=&#8221;#2272bd&#8221; text_orientation=&#8221;center&#8221; min_height=&#8221;65.6px&#8221; custom_margin=&#8221;36px||-1px|||&#8221; custom_padding=&#8221;|||&#8221; global_colors_info=&#8221;{}&#8221;]<\/p>\n<p style=\"text-align: left;\">An\u00e1lise VFC: A App oferece todos os par\u00e2metros importantes da VFC numa representa\u00e7\u00e3o gr\u00e1fica simples e compreens\u00edvel<\/p>\n<p>[\/et_pb_text][et_pb_text admin_label=&#8221;H1&#8243; _builder_version=&#8221;4.21.0&#8243; ul_font=&#8221;Lato||||||||&#8221; ul_font_size=&#8221;20px&#8221; ul_line_height=&#8221;1.5em&#8221; header_text_color=&#8221;#2272bd&#8221; background_color=&#8221;#FFFFFF&#8221; text_orientation=&#8221;center&#8221; custom_margin=&#8221;4px||0px||false|false&#8221; custom_padding=&#8221;20px|30px|20px|30px|true|true&#8221; box_shadow_style=&#8221;preset3&#8243; global_colors_info=&#8221;{}&#8221;]<\/p>\n<ul>\n<li style=\"text-align: left;\">Frequ\u00eancia card\u00edaca (FC)<\/li>\n<li style=\"text-align: left;\">\u00cdndice de stress (IS)<\/li>\n<li style=\"text-align: left;\">\u00cdndice de repouso (IR)<\/li>\n<\/ul>\n<p>[\/et_pb_text][\/et_pb_column][\/et_pb_row][et_pb_row _builder_version=&#8221;4.16&#8243; background_size=&#8221;initial&#8221; background_position=&#8221;top_left&#8221; background_repeat=&#8221;repeat&#8221; custom_padding=&#8221;1px|0px|14px|0px|false|false&#8221; global_colors_info=&#8221;{}&#8221;][et_pb_column type=&#8221;4_4&#8243; _builder_version=&#8221;4.16&#8243; custom_padding=&#8221;|||&#8221; global_colors_info=&#8221;{}&#8221; custom_padding__hover=&#8221;|||&#8221;][et_pb_text admin_label=&#8221;H1&#8243; _builder_version=&#8221;4.21.0&#8243; ul_font=&#8221;Lato|700|||||||&#8221; ul_line_height=&#8221;1.7em&#8221; header_text_color=&#8221;#2272bd&#8221; text_orientation=&#8221;center&#8221; custom_margin=&#8221;0px||||false|false&#8221; custom_padding=&#8221;0px||||false|false&#8221; global_colors_info=&#8221;{}&#8221;]<\/p>\n<p style=\"text-align: left;\">As dist\u00e2ncias entre batimentos card\u00edacos (intervalos R-R) s\u00e3o transferidas para a App com resolu\u00e7\u00e3o de um mil\u00e9simo de segundo com ajuda de um transmissor tor\u00e1cico Bluetooth (p. ex., Sigma R1, etc.). Est\u00e3o dispon\u00edveis para sele\u00e7\u00e3o: Medi\u00e7\u00e3o breve com 260 intervalos R-R (aprox. 4 minutos) e medi\u00e7\u00e3o normal com 520 intervalos R-R (aprox. 8 minutos).<\/p>\n<p>[\/et_pb_text][\/et_pb_column][\/et_pb_row][\/et_pb_section][et_pb_section fb_built=&#8221;1&#8243; _builder_version=&#8221;4.21.0&#8243; background_color=&#8221;RGBA(255,255,255,0)&#8221; use_background_color_gradient=&#8221;on&#8221; background_color_gradient_stops=&#8221;#d5d5d5 0%|#f5f5f5 100%&#8221; width=&#8221;100%&#8221; custom_margin=&#8221;||||false|false&#8221; custom_padding=&#8221;0px||||false|false&#8221; global_colors_info=&#8221;{}&#8221;][et_pb_row module_id=&#8221;video&#8221; _builder_version=&#8221;4.21.0&#8243; background_size=&#8221;initial&#8221; background_position=&#8221;top_left&#8221; background_repeat=&#8221;repeat&#8221; custom_padding=&#8221;24px|0px|0px|0px|false|false&#8221; global_colors_info=&#8221;{}&#8221;][et_pb_column type=&#8221;4_4&#8243; _builder_version=&#8221;4.16&#8243; custom_padding=&#8221;|||&#8221; global_colors_info=&#8221;{}&#8221; custom_padding__hover=&#8221;|||&#8221;][et_pb_video src=&#8221;https:\/\/hrv-software.com\/wp-content\/uploads\/VIDEO\/HRV-Hauptfilm-PT.mp4&#8243; image_src=&#8221;https:\/\/hrv-software.com\/wp-content\/uploads\/2023\/06\/HRV_VIDEO_BG_EN.png&#8221; play_icon_color=&#8221;#00679b&#8221; _builder_version=&#8221;4.21.0&#8243; _module_preset=&#8221;default&#8221; box_shadow_style=&#8221;preset3&#8243; locked=&#8221;off&#8221; global_colors_info=&#8221;{}&#8221;][\/et_pb_video][et_pb_text admin_label=&#8221;H1&#8243; _builder_version=&#8221;4.21.0&#8243; ul_font=&#8221;Lato|700|||||||&#8221; ul_line_height=&#8221;1.7em&#8221; header_text_color=&#8221;#2272bd&#8221; text_orientation=&#8221;center&#8221; custom_margin=&#8221;|||&#8221; custom_padding=&#8221;|||&#8221; global_colors_info=&#8221;{}&#8221;]<\/p>\n<h2 style=\"text-align: left;\"><strong>AN\u00c1LISE VFC <\/strong>PARA MONITORIZA\u00c7\u00c3O DE PROCESSOS TERAP\u00caUTICOS E CONTROLO DE TREINOS NO DESPORTO<\/h2>\n<p style=\"text-align: left;\">Para pessoas que pretendem verificar regularmente a forma como o seu corpo reage \u00e0 tens\u00e3o e aos desafios di\u00e1rios, como o controlo do stress, de medicamentos e terapias e de progressos. Para f\u00e3s do fitness, desportistas amadores e profissionais para monitoriza\u00e7\u00e3o da tens\u00e3o e capacidade de recupera\u00e7\u00e3o com valores padr\u00e3o individuais e pessoais. Ideal e eficiente para controlo de treinos \u2013 totalmente sem medi\u00e7\u00f5es de lactato.<\/p>\n<p>[\/et_pb_text][et_pb_text admin_label=&#8221;H1&#8243; _builder_version=&#8221;4.21.0&#8243; ul_font=&#8221;Lato|700|||||||&#8221; ul_line_height=&#8221;1.7em&#8221; header_text_color=&#8221;#2272bd&#8221; text_orientation=&#8221;center&#8221; custom_margin=&#8221;|||&#8221; custom_padding=&#8221;|||&#8221; global_colors_info=&#8221;{}&#8221;]<\/p>\n<h2 style=\"text-align: left;\"><span style=\"color: #ec111a;\"><strong>FUNCIONALIDADES:<\/strong><\/span><\/h2>\n<p>[\/et_pb_text][\/et_pb_column][\/et_pb_row][et_pb_row column_structure=&#8221;1_2,1_2&#8243; _builder_version=&#8221;4.21.0&#8243; _module_preset=&#8221;default&#8221; background_color=&#8221;#FFFFFF&#8221; custom_padding=&#8221;30px|30px|30px|30px|true|true&#8221; box_shadow_style=&#8221;preset3&#8243; global_colors_info=&#8221;{}&#8221;][et_pb_column type=&#8221;1_2&#8243; _builder_version=&#8221;4.21.0&#8243; _module_preset=&#8221;default&#8221; global_colors_info=&#8221;{}&#8221;][et_pb_text admin_label=&#8221;H1&#8243; _builder_version=&#8221;4.21.0&#8243; ul_font=&#8221;Lato||||||||&#8221; ul_font_size=&#8221;18px&#8221; ul_line_height=&#8221;1.7em&#8221; header_text_color=&#8221;#2272bd&#8221; text_orientation=&#8221;center&#8221; custom_margin=&#8221;0px||0px||false|false&#8221; custom_padding=&#8221;0px||0px||false|false&#8221; global_colors_info=&#8221;{}&#8221;]<\/p>\n<ul>\n<li style=\"text-align: left;\">Medi\u00e7\u00e3o dos intervalos R-R com resolu\u00e7\u00e3o de 1 ms<\/li>\n<li style=\"text-align: left;\">Valores padr\u00e3o gerais com cores de sem\u00e1foros armazenadas numa base cientificamente s\u00f3lida de grandes estudos de VFC<\/li>\n<li style=\"text-align: left;\">3 perfis de medi\u00e7\u00e3o fixos e 1 flex\u00edvel para medir e avaliar familiares e amigos<\/li>\n<li style=\"text-align: left;\">Valores padr\u00e3o de desportista normal e c\u00e1lculo de valor padr\u00e3o individual adicional para controlo individual de treinos e monitora\u00e7\u00e3o de &#8220;overtraining&#8221;<\/li>\n<li style=\"text-align: left;\">Transmiss\u00e3o de dados com transmissor tor\u00e1cico Bluetooth \u2013 n\u00e3o inclu\u00eddo na subscri\u00e7\u00e3o, deve ser adquirido separadamente<\/li>\n<\/ul>\n<p>[\/et_pb_text][\/et_pb_column][et_pb_column type=&#8221;1_2&#8243; _builder_version=&#8221;4.21.0&#8243; _module_preset=&#8221;default&#8221; global_colors_info=&#8221;{}&#8221;][et_pb_text admin_label=&#8221;H1&#8243; _builder_version=&#8221;4.21.0&#8243; ul_font=&#8221;Lato||||||||&#8221; ul_font_size=&#8221;18px&#8221; ul_line_height=&#8221;1.7em&#8221; header_text_color=&#8221;#2272bd&#8221; text_orientation=&#8221;center&#8221; custom_margin=&#8221;0px||0px||false|false&#8221; custom_padding=&#8221;0px||0px||false|false&#8221; global_colors_info=&#8221;{}&#8221;]<\/p>\n<ul>\n<li lang=\"pt-PT\" style=\"text-align: left;\">Desenvolvido e otimizado para iPhones a partir de iOS 13, Smartphones Android a partir de Android 5.0 Lollipop, API Level 21<\/li>\n<li lang=\"pt-PT\" style=\"text-align: left;\">Software em alem\u00e3o e ingl\u00eas. Brevemente: Espanhol, portugu\u00eas, franc\u00eas, italiano, checo. Outros idiomas em prepara\u00e7\u00e3o<\/li>\n<li lang=\"pt-PT\" style=\"text-align: left;\">Valida\u00e7\u00e3o por software cient\u00edfico de VFC de refer\u00eancia<\/li>\n<li lang=\"pt-PT\" style=\"text-align: left;\">Possibilidade de exporta\u00e7\u00e3o de dados em ficheiro CSV (importa\u00e7\u00e3o direta no Kubios VFC)<\/li>\n<li lang=\"pt-PT\" style=\"text-align: left;\">Cria\u00e7\u00e3o de diferentes esquemas de impress\u00e3o em PDF e envio por e-mail autom\u00e1ticos<\/li>\n<li lang=\"pt-PT\" style=\"text-align: left;\">Possibilidade de exporta\u00e7\u00e3o e envio da avalia\u00e7\u00e3o em PDF para endere\u00e7os de e-mail separados<\/li>\n<\/ul>\n<p>[\/et_pb_text][\/et_pb_column][\/et_pb_row][et_pb_row _builder_version=&#8221;4.16&#8243; background_size=&#8221;initial&#8221; background_position=&#8221;top_left&#8221; background_repeat=&#8221;repeat&#8221; custom_padding=&#8221;1px|0px|14px|0px|false|false&#8221; global_colors_info=&#8221;{}&#8221;][et_pb_column type=&#8221;4_4&#8243; _builder_version=&#8221;4.16&#8243; custom_padding=&#8221;|||&#8221; global_colors_info=&#8221;{}&#8221; custom_padding__hover=&#8221;|||&#8221;][et_pb_text admin_label=&#8221;H1&#8243; _builder_version=&#8221;4.21.0&#8243; ul_font=&#8221;Lato|700|||||||&#8221; ul_line_height=&#8221;1.7em&#8221; header_text_color=&#8221;#2272bd&#8221; text_orientation=&#8221;center&#8221; custom_margin=&#8221;0px||||false|false&#8221; custom_padding=&#8221;30px||||false|false&#8221; global_colors_info=&#8221;{}&#8221;]<\/p>\n<p style=\"text-align: left;\">A An\u00e1lise VFC est\u00e1 dispon\u00edvel na App Store da Apple (iOS) e na Google Play Store (Android). Na primeira instala\u00e7\u00e3o, est\u00e3o integradas diferentes medi\u00e7\u00f5es exemplificativas para conhecer os gr\u00e1ficos, avalia\u00e7\u00f5es e o esquema de impress\u00e3o.<\/p>\n<p style=\"text-align: left;\">As compras na App permitem alterar a subscri\u00e7\u00e3o mensal para uma subscri\u00e7\u00e3o anual. A subscri\u00e7\u00e3o mensal tem o pre\u00e7o de 29,99 EUR. Na subscri\u00e7\u00e3o anual, paga apenas 9 meses, economizando 89,89 EUR (pre\u00e7o anual: 269,99 EUR em vez de 359,88 EUR).<\/p>\n<p>[\/et_pb_text][\/et_pb_column][\/et_pb_row][et_pb_row column_structure=&#8221;1_2,1_2&#8243; _builder_version=&#8221;4.16&#8243; background_size=&#8221;initial&#8221; background_position=&#8221;top_left&#8221; background_repeat=&#8221;repeat&#8221; global_colors_info=&#8221;{}&#8221; locked=&#8221;off&#8221;][et_pb_column type=&#8221;1_2&#8243; _builder_version=&#8221;4.16&#8243; custom_padding=&#8221;|||&#8221; global_colors_info=&#8221;{}&#8221; custom_padding__hover=&#8221;|||&#8221;][et_pb_image src=&#8221;https:\/\/hrv-software.com\/wp-content\/uploads\/2023\/05\/SIGMA_S3-1.png&#8221; title_text=&#8221;SIGMA_S3&#8243; align_tablet=&#8221;center&#8221; align_phone=&#8221;center&#8221; align_last_edited=&#8221;on|desktop&#8221; _builder_version=&#8221;4.21.0&#8243; global_colors_info=&#8221;{}&#8221;][\/et_pb_image][\/et_pb_column][et_pb_column type=&#8221;1_2&#8243; _builder_version=&#8221;4.16&#8243; custom_padding=&#8221;|||&#8221; global_colors_info=&#8221;{}&#8221; custom_padding__hover=&#8221;|||&#8221;][et_pb_text admin_label=&#8221;Sigma R1&#8243; _builder_version=&#8221;4.24.2&#8243; hover_enabled=&#8221;0&#8243; global_colors_info=&#8221;{}&#8221; header_text_color=&#8221;#EC111A&#8221; sticky_enabled=&#8221;0&#8243;]<\/p>\n<h1>CINTAS PEITORAIS RECOMENDADAS<\/h1>\n<h2>Correia peitoral Sigma R1 Bluetooth<\/h2>\n<p>De acordo com a nossa experi\u00eancia, a faixa peitoral Sigma R1 Bluetooth tem sido a mais fi\u00e1vel na utiliza\u00e7\u00e3o di\u00e1ria durante anos. Outras faixas peitorais Bluetooth com a norma Bluetooth 4.0 ou superior tamb\u00e9m devem funcionar.<\/p>\n<p>Dispon\u00edvel na Amazon <a href=\"https:\/\/www.amazon.de\/Sigma-Sport-Unisex-Erwachsene-Comfortex-Textilbrustgurt\/dp\/B00EPM9T38\/\" target=\"_blank\" rel=\"noopener noreferrer\">&#8211;&gt;Mostrar faixa tor\u00e1cica<\/a><\/p>\n<p>[\/et_pb_text][\/et_pb_column][\/et_pb_row][et_pb_row _builder_version=&#8221;4.16&#8243; background_size=&#8221;initial&#8221; background_position=&#8221;top_left&#8221; background_repeat=&#8221;repeat&#8221; global_colors_info=&#8221;{}&#8221; locked=&#8221;off&#8221; custom_padding=&#8221;1px|||||&#8221;][et_pb_column type=&#8221;4_4&#8243; _builder_version=&#8221;4.16&#8243; custom_padding=&#8221;|||&#8221; global_colors_info=&#8221;{}&#8221; custom_padding__hover=&#8221;|||&#8221;][et_pb_text admin_label=&#8221;weitere Brustgurte&#8221; _builder_version=&#8221;4.23.1&#8243; global_colors_info=&#8221;{}&#8221;]<\/p>\n<h1>Outras correias peitorais alternativas com norma de transmiss\u00e3o Bluetooth 4.0<\/h1>\n<ul>\n<li>Sigma R1 Duo: <a href=\"https:\/\/www.amazon.de\/Sigma-Sport-Herzfrequenz-Bluetooth-COMFORTEX\/dp\/B01N7P4PP1\">Link<\/a><\/li>\n<li>CooSpo H6M: &#8211; <a href=\"https:\/\/www.amazon.de\/dp\/B07JPD924Y\">Link<\/a><\/li>\n<li>SmartLAB hrm: &#8211; <a href=\"https:\/\/www.amazon.de\/dp\/B014G53HHC\">Link<\/a><\/li>\n<\/ul>\n<p>[\/et_pb_text][\/et_pb_column][\/et_pb_row][\/et_pb_section]<\/p>\n","protected":false},"excerpt":{"rendered":"<p>A minha terapia funciona realmente? Como reage o meu corpo ao stress, medicamentos ou a novos suplementos alimentares?Posso treinar hoje de forma intensa ou preciso de mais per\u00edodo de recupera\u00e7\u00e3o? A An\u00e1lise VFC responde diretamente a estas e a muitas outras quest\u00f5esDescarregue a aplica\u00e7\u00e3o gratuitamente. Com a ajuda de medi\u00e7\u00f5es de amostra pr\u00e9-instaladas, pode ficar [&hellip;]<\/p>\n","protected":false},"author":7,"featured_media":208747,"parent":0,"menu_order":0,"comment_status":"closed","ping_status":"closed","template":"","meta":{"_et_pb_use_builder":"on","_et_pb_old_content":"","_et_gb_content_width":"","footnotes":""},"class_list":["post-209180","page","type-page","status-publish","has-post-thumbnail","hentry"],"jetpack_sharing_enabled":true,"_links":{"self":[{"href":"https:\/\/hrv-software.com\/pt-pt\/wp-json\/wp\/v2\/pages\/209180","targetHints":{"allow":["GET"]}}],"collection":[{"href":"https:\/\/hrv-software.com\/pt-pt\/wp-json\/wp\/v2\/pages"}],"about":[{"href":"https:\/\/hrv-software.com\/pt-pt\/wp-json\/wp\/v2\/types\/page"}],"author":[{"embeddable":true,"href":"https:\/\/hrv-software.com\/pt-pt\/wp-json\/wp\/v2\/users\/7"}],"replies":[{"embeddable":true,"href":"https:\/\/hrv-software.com\/pt-pt\/wp-json\/wp\/v2\/comments?post=209180"}],"version-history":[{"count":12,"href":"https:\/\/hrv-software.com\/pt-pt\/wp-json\/wp\/v2\/pages\/209180\/revisions"}],"predecessor-version":[{"id":209806,"href":"https:\/\/hrv-software.com\/pt-pt\/wp-json\/wp\/v2\/pages\/209180\/revisions\/209806"}],"wp:featuredmedia":[{"embeddable":true,"href":"https:\/\/hrv-software.com\/pt-pt\/wp-json\/wp\/v2\/media\/208747"}],"wp:attachment":[{"href":"https:\/\/hrv-software.com\/pt-pt\/wp-json\/wp\/v2\/media?parent=209180"}],"curies":[{"name":"wp","href":"https:\/\/api.w.org\/{rel}","templated":true}]}}