{"id":209179,"date":"2018-08-15T11:30:50","date_gmt":"2018-08-15T09:30:50","guid":{"rendered":"https:\/\/hrv-software.com\/hrv-app-herz-raten-variabilitaet\/"},"modified":"2024-02-29T12:55:48","modified_gmt":"2024-02-29T11:55:48","slug":"hrv-app-herz-raten-variabilitaet","status":"publish","type":"page","link":"https:\/\/hrv-software.com\/it\/","title":{"rendered":"App Analisi HRV &#8211; per il controllo della terapia e dell\u2019allenamento sportivo"},"content":{"rendered":"<p>[et_pb_section fb_built=&#8221;1&#8243; _builder_version=&#8221;4.21.0&#8243; _module_preset=&#8221;default&#8221; background_color=&#8221;#f5f5f5&#8243; custom_margin=&#8221;0px||0px||false|false&#8221; custom_padding=&#8221;0px||0px||false|false&#8221; global_colors_info=&#8221;{}&#8221;][et_pb_row _builder_version=&#8221;4.21.0&#8243; custom_padding=&#8221;0px||0px||false|false&#8221; global_colors_info=&#8221;{}&#8221;][et_pb_column type=&#8221;4_4&#8243; _builder_version=&#8221;4.16&#8243; custom_padding=&#8221;30px|||&#8221; global_colors_info=&#8221;{}&#8221; custom_padding__hover=&#8221;|||&#8221;][et_pb_image src=&#8221;https:\/\/hrv.fgsinfo.de\/wp-content\/uploads\/2023\/02\/HRV_LOGO.png&#8221; alt=&#8221;HRV &#8211; Messung, Analyse und Auswertung der Herzratenvariabilit\u00e4t&#8221; title_text=&#8221;HRV_LOGO&#8221; align=&#8221;center&#8221; align_tablet=&#8221;center&#8221; align_phone=&#8221;&#8221; align_last_edited=&#8221;on|desktop&#8221; _builder_version=&#8221;4.21.0&#8243; max_width=&#8221;30%&#8221; max_width_tablet=&#8221;30%&#8221; max_width_phone=&#8221;70%&#8221; max_width_last_edited=&#8221;on|desktop&#8221; global_colors_info=&#8221;{}&#8221;][\/et_pb_image][et_pb_text admin_label=&#8221;H2&#8243; _builder_version=&#8221;4.21.0&#8243; text_orientation=&#8221;center&#8221; custom_margin=&#8221;||0px|&#8221; custom_padding=&#8221;2px||0px|||&#8221; global_colors_info=&#8221;{}&#8221;]<\/p>\n<h2>La mia terapia \u00e8 davvero efficace?<br \/>Come reagisce il mio corpo a stress, farmaci o nuovi integratori?<br \/>Posso allenarmi intensamente oggi oppure ho bisogno di pi\u00f9 tempo di recupero?<\/h2>\n<h2>L\u2019analisi HRV fornisce risposte dirette a queste e a molte altre domande<\/h2>\n<p>[\/et_pb_text][et_pb_image src=&#8221;https:\/\/hrv-software.com\/wp-content\/uploads\/2023\/06\/titelphone_EN.png&#8221; alt=&#8221;iHRV-SOFTWARE f\u00fcr das iPhone&#8221; title_text=&#8221;titelphone_EN&#8221; show_bottom_space=&#8221;off&#8221; align=&#8221;center&#8221; align_tablet=&#8221;center&#8221; align_phone=&#8221;&#8221; align_last_edited=&#8221;on|desktop&#8221; _builder_version=&#8221;4.21.0&#8243; custom_margin=&#8221;0px|||&#8221; custom_padding=&#8221;0px|||&#8221; global_colors_info=&#8221;{}&#8221;][\/et_pb_image][\/et_pb_column][\/et_pb_row][et_pb_row column_structure=&#8221;1_4,1_4,1_4,1_4&#8243; use_custom_gutter=&#8221;on&#8221; gutter_width=&#8221;2&#8243; make_equal=&#8221;on&#8221; custom_padding_last_edited=&#8221;on|phone&#8221; _builder_version=&#8221;4.21.0&#8243; custom_margin=&#8221;||0px||false|false&#8221; custom_padding=&#8221;0px||5px||false|false&#8221; custom_padding_tablet=&#8221;0px||||false|false&#8221; custom_padding_phone=&#8221;0px||||false|false&#8221; global_module=&#8221;209433&#8243; saved_tabs=&#8221;all&#8221; locked=&#8221;off&#8221; global_colors_info=&#8221;{}&#8221;][et_pb_column type=&#8221;1_4&#8243; _builder_version=&#8221;4.16&#8243; custom_padding=&#8221;|||&#8221; global_colors_info=&#8221;{}&#8221; custom_padding__hover=&#8221;|||&#8221;][\/et_pb_column][et_pb_column type=&#8221;1_4&#8243; _builder_version=&#8221;4.16&#8243; custom_padding=&#8221;|||&#8221; global_colors_info=&#8221;{}&#8221; custom_padding__hover=&#8221;|||&#8221;][et_pb_image src=&#8221;https:\/\/hrv-software.com\/wp-content\/uploads\/2023\/06\/APPLE-EN.png&#8221; title_text=&#8221;APPLE-EN&#8221; url=&#8221;https:\/\/apps.apple.com\/app\/hrv-analyse\/id6446939594&#8243; url_new_window=&#8221;on&#8221; show_bottom_space=&#8221;off&#8221; _builder_version=&#8221;4.21.0&#8243; _module_preset=&#8221;default&#8221; custom_padding=&#8221;||50px||false|false&#8221; global_colors_info=&#8221;{}&#8221;][\/et_pb_image][\/et_pb_column][et_pb_column type=&#8221;1_4&#8243; _builder_version=&#8221;4.16&#8243; custom_padding=&#8221;|||&#8221; global_colors_info=&#8221;{}&#8221; custom_padding__hover=&#8221;|||&#8221;][et_pb_image src=&#8221;https:\/\/hrv-software.com\/wp-content\/uploads\/2023\/06\/GOOGLE-EN.png&#8221; title_text=&#8221;GOOGLE-EN&#8221; url=&#8221;https:\/\/play.google.com\/store\/apps\/details?id=com.hrvsoftware.hrv&#038;pli=1&#8243; url_new_window=&#8221;on&#8221; show_bottom_space=&#8221;off&#8221; _builder_version=&#8221;4.21.0&#8243; _module_preset=&#8221;default&#8221; global_colors_info=&#8221;{}&#8221;][\/et_pb_image][\/et_pb_column][et_pb_column type=&#8221;1_4&#8243; _builder_version=&#8221;4.16&#8243; custom_padding=&#8221;|||&#8221; global_colors_info=&#8221;{}&#8221; custom_padding__hover=&#8221;|||&#8221;][et_pb_image src=&#8221;https:\/\/hrv-software.com\/wp-content\/uploads\/2023\/08\/HRVAPP-3.png&#8221; title_text=&#8221;HRVAPP&#8221; show_bottom_space=&#8221;off&#8221; _builder_version=&#8221;4.22.0&#8243; _module_preset=&#8221;default&#8221; custom_margin=&#8221;-10px||||false|false&#8221; custom_padding=&#8221;||||false|false&#8221; locked=&#8221;off&#8221; global_colors_info=&#8221;{}&#8221;][\/et_pb_image][\/et_pb_column][\/et_pb_row][et_pb_row _builder_version=&#8221;4.21.0&#8243; _module_preset=&#8221;default&#8221; custom_padding=&#8221;0px|||||&#8221; locked=&#8221;off&#8221; global_colors_info=&#8221;{}&#8221;][et_pb_column type=&#8221;4_4&#8243; _builder_version=&#8221;4.21.0&#8243; _module_preset=&#8221;default&#8221; global_colors_info=&#8221;{}&#8221;][et_pb_text admin_label=&#8221;H1&#8243; _builder_version=&#8221;4.21.0&#8243; ul_font=&#8221;Lato||||||||&#8221; ul_font_size=&#8221;20px&#8221; ul_line_height=&#8221;1.5em&#8221; header_text_color=&#8221;#2272bd&#8221; background_color=&#8221;#FFFFFF&#8221; text_orientation=&#8221;center&#8221; custom_margin=&#8221;4px||0px||false|false&#8221; custom_padding=&#8221;20px|30px|20px|30px|true|true&#8221; box_shadow_style=&#8221;preset3&#8243; global_colors_info=&#8221;{}&#8221;]<\/p>\n<p>Scaricate gratuitamente l&#8217;applicazione. Con l&#8217;aiuto delle misurazioni campione preinstallate, \u00e8 possibile familiarizzare con la grafica, le valutazioni e il layout di stampa. \u00c8 possibile effettuare le proprie misurazioni con una fascia toracica Bluetooth solo dopo aver sottoscritto un abbonamento (incluso un periodo di prova di 3 giorni).<\/p>\n<p>[\/et_pb_text][\/et_pb_column][\/et_pb_row][\/et_pb_section][et_pb_section fb_built=&#8221;1&#8243; _builder_version=&#8221;4.21.0&#8243; background_color=&#8221;RGBA(255,255,255,0)&#8221; use_background_color_gradient=&#8221;on&#8221; background_color_gradient_stops=&#8221;#f5f5f5 0%|#d5d5d5 100%&#8221; width=&#8221;100%&#8221; custom_margin=&#8221;||||false|false&#8221; custom_padding=&#8221;0px||||false|false&#8221; global_colors_info=&#8221;{}&#8221;][et_pb_row _builder_version=&#8221;4.16&#8243; background_size=&#8221;initial&#8221; background_position=&#8221;top_left&#8221; background_repeat=&#8221;repeat&#8221; custom_padding=&#8221;24px|0px|14px|0px|false|false&#8221; global_colors_info=&#8221;{}&#8221;][et_pb_column type=&#8221;4_4&#8243; _builder_version=&#8221;4.16&#8243; custom_padding=&#8221;|||&#8221; global_colors_info=&#8221;{}&#8221; custom_padding__hover=&#8221;|||&#8221;][et_pb_text admin_label=&#8221;H1&#8243; _builder_version=&#8221;4.21.0&#8243; ul_font=&#8221;Lato|700|||||||&#8221; ul_line_height=&#8221;1.7em&#8221; header_text_color=&#8221;#2272bd&#8221; text_orientation=&#8221;center&#8221; custom_margin=&#8221;|||&#8221; custom_padding=&#8221;|||&#8221; global_colors_info=&#8221;{}&#8221;]<\/p>\n<h2 style=\"text-align: left;\">PER LA SALUTE E LO SPORT: <span style=\"color: #ec111a;\"><strong>ANALISI HRV<\/strong><\/span><\/h2>\n<p style=\"text-align: left;\">Analisi HRV: misurare ci\u00f2 che sta realmente accadendo nel corpo (specchio interno) e riconoscere precocemente quando lo stress diventa permanente. Un software professionale per iOS e Android \u2013 per persone attente alla salute, persone con funzioni dirigenziali, per la prevenzione tra i dipendenti, il controllo della terapia e per atleti amatoriali e professionisti che desiderano controllare l&#8217;allenamento.<\/p>\n<p style=\"text-align: left;\">La variabilit\u00e0 della frequenza cardiaca (HRV) misura gli intervalli di tempo tra i battiti in millisecondi. Con una fascia toracica, \u00e8 possibile persino misurare la variabilit\u00e0 degli intervalli di tempo con la precisione di un ECG. L&#8217;analisi e la valutazione dell&#8217;HRV forniscono dati importanti sullo stato di salute: pi\u00f9 variabile \u00e8 il battito cardiaco, pi\u00f9 sano \u00e8 l&#8217;organismo.<\/p>\n<p>[\/et_pb_text][\/et_pb_column][\/et_pb_row][et_pb_row column_structure=&#8221;1_2,1_2&#8243; _builder_version=&#8221;4.21.0&#8243; _module_preset=&#8221;default&#8221; global_colors_info=&#8221;{}&#8221;][et_pb_column type=&#8221;1_2&#8243; _builder_version=&#8221;4.21.0&#8243; _module_preset=&#8221;default&#8221; global_colors_info=&#8221;{}&#8221;][et_pb_image src=&#8221;https:\/\/hrv-software.com\/wp-content\/uploads\/2023\/06\/titelphone_EN.png&#8221; alt=&#8221;HRV Analyse &#8211; Dauerstress &#8211; Sympathikus erh\u00f6ht&#8221; title_text=&#8221;titelphone_EN&#8221; _builder_version=&#8221;4.21.0&#8243; _module_preset=&#8221;default&#8221; global_colors_info=&#8221;{}&#8221;][\/et_pb_image][\/et_pb_column][et_pb_column type=&#8221;1_2&#8243; _builder_version=&#8221;4.21.0&#8243; _module_preset=&#8221;default&#8221; global_colors_info=&#8221;{}&#8221;][et_pb_text admin_label=&#8221;H1&#8243; _builder_version=&#8221;4.21.0&#8243; ul_font=&#8221;Lato||||||||&#8221; ul_text_color=&#8221;#444444&#8243; ul_font_size=&#8221;22px&#8221; ul_line_height=&#8221;1.7em&#8221; header_text_color=&#8221;#2272bd&#8221; text_orientation=&#8221;center&#8221; min_height=&#8221;65.6px&#8221; custom_margin=&#8221;36px||-1px|||&#8221; custom_padding=&#8221;|||&#8221; global_colors_info=&#8221;{}&#8221;]<\/p>\n<p style=\"text-align: left;\">Analisi HRV: l\u2019app offre tutti i principali parametri HRV con un\u2019illustrazione grafica semplice e chiara<\/p>\n<p>[\/et_pb_text][et_pb_text admin_label=&#8221;H1&#8243; _builder_version=&#8221;4.21.0&#8243; ul_font=&#8221;Lato||||||||&#8221; ul_font_size=&#8221;20px&#8221; ul_line_height=&#8221;1.5em&#8221; header_text_color=&#8221;#2272bd&#8221; background_color=&#8221;#FFFFFF&#8221; text_orientation=&#8221;center&#8221; custom_margin=&#8221;4px||0px||false|false&#8221; custom_padding=&#8221;20px|30px|20px|30px|true|true&#8221; box_shadow_style=&#8221;preset3&#8243; global_colors_info=&#8221;{}&#8221;]<\/p>\n<ul>\n<li style=\"text-align: left;\">Frequenza cardiaca (HF)\/li>\n<li style=\"text-align: left;\">Indice di stress (SI)<\/li>\n<li style=\"text-align: left;\">Indice di riposo (RI)<\/li>\n<\/ul>\n<p>[\/et_pb_text][\/et_pb_column][\/et_pb_row][et_pb_row _builder_version=&#8221;4.16&#8243; background_size=&#8221;initial&#8221; background_position=&#8221;top_left&#8221; background_repeat=&#8221;repeat&#8221; custom_padding=&#8221;1px|0px|14px|0px|false|false&#8221; global_colors_info=&#8221;{}&#8221;][et_pb_column type=&#8221;4_4&#8243; _builder_version=&#8221;4.16&#8243; custom_padding=&#8221;|||&#8221; global_colors_info=&#8221;{}&#8221; custom_padding__hover=&#8221;|||&#8221;][et_pb_text admin_label=&#8221;H1&#8243; _builder_version=&#8221;4.21.0&#8243; ul_font=&#8221;Lato|700|||||||&#8221; ul_line_height=&#8221;1.7em&#8221; header_text_color=&#8221;#2272bd&#8221; text_orientation=&#8221;center&#8221; custom_margin=&#8221;0px||||false|false&#8221; custom_padding=&#8221;0px||||false|false&#8221; global_colors_info=&#8221;{}&#8221;]<\/p>\n<p style=\"text-align: left;\">Con una risoluzione di un millisecondo, le distanze tra un battito cardiaco e l\u2019altro (intervalli RR) vengono trasmesse all&#8217;app utilizzando una fascia toracica bluetooth (ad es. Sigma R1 o simile). Si pu\u00f2 scegliere tra: misurazione a breve termine con intervalli RR 260 (circa 4 minuti) e misurazione normale con intervalli RR 520 (circa 8 minuti).<\/p>\n<p>[\/et_pb_text][\/et_pb_column][\/et_pb_row][\/et_pb_section][et_pb_section fb_built=&#8221;1&#8243; _builder_version=&#8221;4.21.0&#8243; background_color=&#8221;RGBA(255,255,255,0)&#8221; use_background_color_gradient=&#8221;on&#8221; background_color_gradient_stops=&#8221;#d5d5d5 0%|#f5f5f5 100%&#8221; width=&#8221;100%&#8221; custom_margin=&#8221;||||false|false&#8221; custom_padding=&#8221;0px||||false|false&#8221; global_colors_info=&#8221;{}&#8221;][et_pb_row module_id=&#8221;video&#8221; _builder_version=&#8221;4.21.0&#8243; background_size=&#8221;initial&#8221; background_position=&#8221;top_left&#8221; background_repeat=&#8221;repeat&#8221; custom_padding=&#8221;24px|0px|0px|0px|false|false&#8221; global_colors_info=&#8221;{}&#8221;][et_pb_column type=&#8221;4_4&#8243; _builder_version=&#8221;4.16&#8243; custom_padding=&#8221;|||&#8221; global_colors_info=&#8221;{}&#8221; custom_padding__hover=&#8221;|||&#8221;][et_pb_video src=&#8221;https:\/\/hrv-software.com\/wp-content\/uploads\/VIDEO\/HRV-Hauptfilm-IT.mp4&#8243; image_src=&#8221;https:\/\/hrv-software.com\/wp-content\/uploads\/2023\/06\/HRV_VIDEO_BG_EN.png&#8221; play_icon_color=&#8221;#00679b&#8221; _builder_version=&#8221;4.21.0&#8243; _module_preset=&#8221;default&#8221; box_shadow_style=&#8221;preset3&#8243; locked=&#8221;off&#8221; global_colors_info=&#8221;{}&#8221;][\/et_pb_video][et_pb_text admin_label=&#8221;H1&#8243; _builder_version=&#8221;4.21.0&#8243; ul_font=&#8221;Lato|700|||||||&#8221; ul_line_height=&#8221;1.7em&#8221; header_text_color=&#8221;#2272bd&#8221; text_orientation=&#8221;center&#8221; custom_margin=&#8221;|||&#8221; custom_padding=&#8221;|||&#8221; global_colors_info=&#8221;{}&#8221;]<\/p>\n<h2 style=\"text-align: left;\"><strong>ANALISI HRV <\/strong>PER IL CONTROLLO DELLA TERAPIA E DELL\u2019ALLENAMENTO SPORTIVO<\/h2>\n<p style=\"text-align: left;\">Per coloro che vogliono controllare regolarmente come il loro corpo reagisce allo stress e alle sfide quotidiane, per accertare i carichi da stress, supervisionare farmaci e terapia, come monitoraggio del percorso terapeutico. Per gli appassionati di fitness, gli atleti amatoriali e i professionisti che desiderano monitorare il carico e la capacit\u00e0 di recupero con valori standard individuali e personali. Ottimale e pi\u00f9 efficiente per il controllo dell&#8217;allenamento \u2013 completamente senza misurazioni del lattato.<\/p>\n<p>[\/et_pb_text][et_pb_text admin_label=&#8221;H1&#8243; _builder_version=&#8221;4.21.0&#8243; ul_font=&#8221;Lato|700|||||||&#8221; ul_line_height=&#8221;1.7em&#8221; header_text_color=&#8221;#2272bd&#8221; text_orientation=&#8221;center&#8221; custom_margin=&#8221;|||&#8221; custom_padding=&#8221;|||&#8221; global_colors_info=&#8221;{}&#8221;]<\/p>\n<h2 style=\"text-align: left;\"><span style=\"color: #ec111a;\"><strong>CARATTERISTICHE:<\/strong><\/span><\/h2>\n<p>[\/et_pb_text][\/et_pb_column][\/et_pb_row][et_pb_row column_structure=&#8221;1_2,1_2&#8243; _builder_version=&#8221;4.21.0&#8243; _module_preset=&#8221;default&#8221; background_color=&#8221;#FFFFFF&#8221; custom_padding=&#8221;30px|30px|30px|30px|true|true&#8221; box_shadow_style=&#8221;preset3&#8243; global_colors_info=&#8221;{}&#8221;][et_pb_column type=&#8221;1_2&#8243; _builder_version=&#8221;4.21.0&#8243; _module_preset=&#8221;default&#8221; global_colors_info=&#8221;{}&#8221;][et_pb_text admin_label=&#8221;H1&#8243; _builder_version=&#8221;4.21.0&#8243; ul_font=&#8221;Lato||||||||&#8221; ul_font_size=&#8221;18px&#8221; ul_line_height=&#8221;1.7em&#8221; header_text_color=&#8221;#2272bd&#8221; text_orientation=&#8221;center&#8221; custom_margin=&#8221;0px||0px||false|false&#8221; custom_padding=&#8221;0px||0px||false|false&#8221; global_colors_info=&#8221;{}&#8221;]<\/p>\n<ul>\n<li style=\"text-align: left;\">Misurazione degli intervalli RR con risoluzione di 1 ms<\/li>\n<li style=\"text-align: left;\">Valori standard generali con colori del semaforo salvati su una base scientificamente valida di approfonditi studi HRV<\/li>\n<li style=\"text-align: left;\">3 profili di misura fissi e 1 flessibile per misurare e valutare familiari, amici<\/li>\n<li style=\"text-align: left;\">Valori standard normali dell&#8217;atleta e ulteriore calcolo del valore standard individuale per il controllo dell&#8217;allenamento individuale e il monitoraggio del &#8220;sovrallenamento&#8221;<\/li>\n<li style=\"text-align: left;\">Trasferimento dati con fascia toracica bluetooth \u2013 non fa parte dell&#8217;abbonamento, quindi deve essere acquistato separatamente<\/li>\n<\/ul>\n<p>[\/et_pb_text][\/et_pb_column][et_pb_column type=&#8221;1_2&#8243; _builder_version=&#8221;4.21.0&#8243; _module_preset=&#8221;default&#8221; global_colors_info=&#8221;{}&#8221;][et_pb_text admin_label=&#8221;H1&#8243; _builder_version=&#8221;4.21.0&#8243; ul_font=&#8221;Lato||||||||&#8221; ul_font_size=&#8221;18px&#8221; ul_line_height=&#8221;1.7em&#8221; header_text_color=&#8221;#2272bd&#8221; text_orientation=&#8221;center&#8221; custom_margin=&#8221;0px||0px||false|false&#8221; custom_padding=&#8221;0px||0px||false|false&#8221; global_colors_info=&#8221;{}&#8221;]<\/p>\n<ul>\n<li style=\"text-align: left;\">Sviluppato e ottimizzato per iPhone da iOS 13, smartphone Android, a partire da Android 5.0 Lollipop, API Level 21<\/li>\n<li style=\"text-align: left;\">Software in tedesco e inglese. Prossimamente: spagnolo, portoghese, francese, italiano, ceco. Altre lingue in corso di preparazione<\/li>\n<li style=\"text-align: left;\">Validazione mediante software scientifico di riferimento HRV<\/li>\n<li style=\"text-align: left;\">Possibilit\u00e0 di esportare i dati come file CVS (importazione diretta in Kubios HRV)<\/li>\n<li style=\"text-align: left;\">Creazione automatica di diversi layout di stampa PDF e invio via e-mail<\/li>\n<li style=\"text-align: left;\">Possibilit\u00e0 di esportare e inviare la valutazione PDF a un indirizzo e-mail diverso<\/li>\n<\/ul>\n<p>[\/et_pb_text][\/et_pb_column][\/et_pb_row][et_pb_row _builder_version=&#8221;4.16&#8243; background_size=&#8221;initial&#8221; background_position=&#8221;top_left&#8221; background_repeat=&#8221;repeat&#8221; custom_padding=&#8221;1px|0px|14px|0px|false|false&#8221; global_colors_info=&#8221;{}&#8221;][et_pb_column type=&#8221;4_4&#8243; _builder_version=&#8221;4.16&#8243; custom_padding=&#8221;|||&#8221; global_colors_info=&#8221;{}&#8221; custom_padding__hover=&#8221;|||&#8221;][et_pb_text admin_label=&#8221;H1&#8243; _builder_version=&#8221;4.21.0&#8243; ul_font=&#8221;Lato|700|||||||&#8221; ul_line_height=&#8221;1.7em&#8221; header_text_color=&#8221;#2272bd&#8221; text_orientation=&#8221;center&#8221; custom_margin=&#8221;0px||||false|false&#8221; custom_padding=&#8221;30px||||false|false&#8221; global_colors_info=&#8221;{}&#8221;]<\/p>\n<p style=\"text-align: left;\">L&#8217;analisi HRV \u00e8 disponibile sull\u2019App Store di Apple (iOS) e su Google Play (Android). Durante l&#8217;installazione iniziale vengono integrate diverse misure campione per conoscere la grafica, le analisi e il layout di stampa.<\/p>\n<p style=\"text-align: left;\">Con l\u2019acquisto in-app, puoi passare da un abbonamento mensile a un abbonamento annuale. L\u2019abbonamento mensile ha un costo di 29,99 euro. Con l\u2019abbonamento annuale paghi solo 9 mesi, quindi risparmi 89,89 euro (prezzo annuale: 269,99 euro invece di 359,88 euro).<\/p>\n<p>[\/et_pb_text][\/et_pb_column][\/et_pb_row][et_pb_row column_structure=&#8221;1_2,1_2&#8243; _builder_version=&#8221;4.16&#8243; background_size=&#8221;initial&#8221; background_position=&#8221;top_left&#8221; background_repeat=&#8221;repeat&#8221; global_colors_info=&#8221;{}&#8221; locked=&#8221;off&#8221;][et_pb_column type=&#8221;1_2&#8243; _builder_version=&#8221;4.16&#8243; custom_padding=&#8221;|||&#8221; global_colors_info=&#8221;{}&#8221; custom_padding__hover=&#8221;|||&#8221;][et_pb_image src=&#8221;https:\/\/hrv-software.com\/wp-content\/uploads\/2023\/05\/SIGMA_S3-1.png&#8221; title_text=&#8221;SIGMA_S3&#8243; align_tablet=&#8221;center&#8221; align_phone=&#8221;center&#8221; align_last_edited=&#8221;on|desktop&#8221; _builder_version=&#8221;4.21.0&#8243; global_colors_info=&#8221;{}&#8221;][\/et_pb_image][\/et_pb_column][et_pb_column type=&#8221;1_2&#8243; _builder_version=&#8221;4.16&#8243; custom_padding=&#8221;|||&#8221; global_colors_info=&#8221;{}&#8221; custom_padding__hover=&#8221;|||&#8221;][et_pb_text admin_label=&#8221;Sigma R1&#8243; _builder_version=&#8221;4.24.2&#8243; hover_enabled=&#8221;0&#8243; global_colors_info=&#8221;{}&#8221; header_text_color=&#8221;#EC111A&#8221; sticky_enabled=&#8221;0&#8243;]<\/p>\n<h1>CINGHIE PETTORALI CONSIGLIATE<\/h1>\n<h2>Fascia toracica Bluetooth\u00ae Sigma R1<\/h2>\n<p>Secondo la nostra esperienza, la fascia toracica Bluetooth Sigma R1 \u00e8 stata la pi\u00f9 affidabile nell&#8217;uso quotidiano per anni. Dovrebbero funzionare anche altre fasce toraciche Bluetooth con standard Bluetooth 4.0 o superiore.<\/p>\n<p>Disponibile su Amazon <a href=\"https:\/\/www.amazon.de\/Sigma-Sport-Unisex-Erwachsene-Comfortex-Textilbrustgurt\/dp\/B00EPM9T38\/\" target=\"_blank\" rel=\"noopener noreferrer\">&#8211;&gt;Mostra la fascia toracica<\/a><\/p>\n<p>[\/et_pb_text][\/et_pb_column][\/et_pb_row][et_pb_row _builder_version=&#8221;4.16&#8243; background_size=&#8221;initial&#8221; background_position=&#8221;top_left&#8221; background_repeat=&#8221;repeat&#8221; global_colors_info=&#8221;{}&#8221; locked=&#8221;off&#8221; custom_padding=&#8221;1px|||||&#8221;][et_pb_column type=&#8221;4_4&#8243; _builder_version=&#8221;4.16&#8243; custom_padding=&#8221;|||&#8221; global_colors_info=&#8221;{}&#8221; custom_padding__hover=&#8221;|||&#8221;][et_pb_text admin_label=&#8221;weitere Brustgurte&#8221; _builder_version=&#8221;4.23.1&#8243; global_colors_info=&#8221;{}&#8221;]<\/p>\n<h1>Altre fasce toraciche alternative con standard di trasmissione Bluetooth 4.0<\/h1>\n<ul>\n<li>Sigma R1 Duo: <a href=\"https:\/\/www.amazon.de\/Sigma-Sport-Herzfrequenz-Bluetooth-COMFORTEX\/dp\/B01N7P4PP1\">Link<\/a><\/li>\n<li>CooSpo H6M: &#8211; <a href=\"https:\/\/www.amazon.de\/dp\/B07JPD924Y\">Link<\/a><\/li>\n<li>SmartLAB hrm: &#8211; <a href=\"https:\/\/www.amazon.de\/dp\/B014G53HHC\">Link<\/a><\/li>\n<\/ul>\n<p>[\/et_pb_text][\/et_pb_column][\/et_pb_row][\/et_pb_section]<\/p>\n","protected":false},"excerpt":{"rendered":"<p>La mia terapia \u00e8 davvero efficace?Come reagisce il mio corpo a stress, farmaci o nuovi integratori?Posso allenarmi intensamente oggi oppure ho bisogno di pi\u00f9 tempo di recupero? L\u2019analisi HRV fornisce risposte dirette a queste e a molte altre domandeScaricate gratuitamente l&#8217;applicazione. Con l&#8217;aiuto delle misurazioni campione preinstallate, \u00e8 possibile familiarizzare con la grafica, le valutazioni [&hellip;]<\/p>\n","protected":false},"author":7,"featured_media":208746,"parent":0,"menu_order":0,"comment_status":"closed","ping_status":"closed","template":"","meta":{"_et_pb_use_builder":"on","_et_pb_old_content":"","_et_gb_content_width":"","footnotes":""},"class_list":["post-209179","page","type-page","status-publish","has-post-thumbnail","hentry"],"jetpack_sharing_enabled":true,"_links":{"self":[{"href":"https:\/\/hrv-software.com\/it\/wp-json\/wp\/v2\/pages\/209179","targetHints":{"allow":["GET"]}}],"collection":[{"href":"https:\/\/hrv-software.com\/it\/wp-json\/wp\/v2\/pages"}],"about":[{"href":"https:\/\/hrv-software.com\/it\/wp-json\/wp\/v2\/types\/page"}],"author":[{"embeddable":true,"href":"https:\/\/hrv-software.com\/it\/wp-json\/wp\/v2\/users\/7"}],"replies":[{"embeddable":true,"href":"https:\/\/hrv-software.com\/it\/wp-json\/wp\/v2\/comments?post=209179"}],"version-history":[{"count":11,"href":"https:\/\/hrv-software.com\/it\/wp-json\/wp\/v2\/pages\/209179\/revisions"}],"predecessor-version":[{"id":209803,"href":"https:\/\/hrv-software.com\/it\/wp-json\/wp\/v2\/pages\/209179\/revisions\/209803"}],"wp:featuredmedia":[{"embeddable":true,"href":"https:\/\/hrv-software.com\/it\/wp-json\/wp\/v2\/media\/208746"}],"wp:attachment":[{"href":"https:\/\/hrv-software.com\/it\/wp-json\/wp\/v2\/media?parent=209179"}],"curies":[{"name":"wp","href":"https:\/\/api.w.org\/{rel}","templated":true}]}}