{"id":209236,"date":"2023-05-25T14:33:32","date_gmt":"2023-05-25T12:33:32","guid":{"rendered":"https:\/\/hrv-software.com\/affiliate\/"},"modified":"2023-11-22T12:17:26","modified_gmt":"2023-11-22T11:17:26","slug":"affiliate","status":"publish","type":"page","link":"https:\/\/hrv-software.com\/fr\/affiliate\/","title":{"rendered":"Analyse VFC Programme d&rsquo;affiliation"},"content":{"rendered":"<p>[et_pb_section fb_built=\u00a0\u00bb1&Prime; _builder_version=\u00a0\u00bb4.21.0&Prime; _module_preset=\u00a0\u00bbdefault\u00a0\u00bb background_color=\u00a0\u00bb#f5f5f5&Prime; locked=\u00a0\u00bboff\u00a0\u00bb global_colors_info=\u00a0\u00bb{}\u00a0\u00bb][et_pb_row column_structure=\u00a0\u00bb1_3,2_3&Prime; _builder_version=\u00a0\u00bb4.21.0&Prime; background_size=\u00a0\u00bbinitial\u00a0\u00bb background_position=\u00a0\u00bbtop_left\u00a0\u00bb background_repeat=\u00a0\u00bbrepeat\u00a0\u00bb custom_padding=\u00a0\u00bb24px|0px|7px|0px|false|false\u00a0\u00bb locked=\u00a0\u00bboff\u00a0\u00bb global_colors_info=\u00a0\u00bb{}\u00a0\u00bb][et_pb_column type=\u00a0\u00bb1_3&Prime; _builder_version=\u00a0\u00bb4.21.0&Prime; _module_preset=\u00a0\u00bbdefault\u00a0\u00bb global_colors_info=\u00a0\u00bb{}\u00a0\u00bb][et_pb_image src=\u00a0\u00bbhttps:\/\/hrv.fgsinfo.de\/wp-content\/uploads\/2023\/02\/HRV_LOGO.png\u00a0\u00bb alt=\u00a0\u00bbHRV &#8211; Messung, Analyse und Auswertung der Herzratenvariabilit\u00e4t\u00a0\u00bb title_text=\u00a0\u00bbHRV_LOGO\u00a0\u00bb align=\u00a0\u00bbcenter\u00a0\u00bb align_tablet=\u00a0\u00bbcenter\u00a0\u00bb align_phone=\u00a0\u00bb\u00a0\u00bb align_last_edited=\u00a0\u00bbon|desktop\u00a0\u00bb _builder_version=\u00a0\u00bb4.21.0&Prime; global_colors_info=\u00a0\u00bb{}\u00a0\u00bb][\/et_pb_image][\/et_pb_column][et_pb_column type=\u00a0\u00bb2_3&Prime; _builder_version=\u00a0\u00bb4.16&Prime; custom_padding=\u00a0\u00bb|||\u00a0\u00bb global_colors_info=\u00a0\u00bb{}\u00a0\u00bb custom_padding__hover=\u00a0\u00bb|||\u00a0\u00bb][et_pb_post_title meta=\u00a0\u00bboff\u00a0\u00bb featured_image=\u00a0\u00bboff\u00a0\u00bb _builder_version=\u00a0\u00bb4.21.0&Prime; title_font=\u00a0\u00bb|||on|||||\u00a0\u00bb title_text_color=\u00a0\u00bb#2272bd\u00a0\u00bb custom_margin=\u00a0\u00bb3px||0px||false|false\u00a0\u00bb global_colors_info=\u00a0\u00bb{}\u00a0\u00bb][\/et_pb_post_title][et_pb_text admin_label=\u00a0\u00bbH2&Prime; _builder_version=\u00a0\u00bb4.21.0&Prime; custom_margin=\u00a0\u00bb||10px|\u00a0\u00bb global_colors_info=\u00a0\u00bb{}\u00a0\u00bb]<\/p>\n<h2>Nous avons d\u00e9velopp\u00e9 un programme d&rsquo;affiliation attractif pour l&rsquo;analyse VFC afin de permettre la diffusion et la commercialisation de l&rsquo;application VFC dans le monde entier.<\/h2>\n<p>[\/et_pb_text][\/et_pb_column][\/et_pb_row][et_pb_row _builder_version=\u00a0\u00bb4.16&Prime; custom_margin=\u00a0\u00bb||||false|false\u00a0\u00bb custom_padding=\u00a0\u00bb0px||31px|||\u00a0\u00bb locked=\u00a0\u00bboff\u00a0\u00bb global_colors_info=\u00a0\u00bb{}\u00a0\u00bb][et_pb_column type=\u00a0\u00bb4_4&Prime; _builder_version=\u00a0\u00bb4.16&Prime; custom_padding=\u00a0\u00bb|||\u00a0\u00bb global_colors_info=\u00a0\u00bb{}\u00a0\u00bb custom_padding__hover=\u00a0\u00bb|||\u00a0\u00bb][et_pb_button button_url=\u00a0\u00bbhttps:\/\/hrv-affiliate.web.app\u00a0\u00bb button_text=\u00a0\u00bbS&rsquo;inscrire\u00a0\u00bb button_alignment=\u00a0\u00bbcenter\u00a0\u00bb _builder_version=\u00a0\u00bb4.23.1&Prime; _module_preset=\u00a0\u00bbdefault\u00a0\u00bb custom_button=\u00a0\u00bbon\u00a0\u00bb button_text_color=\u00a0\u00bb#FFFFFF\u00a0\u00bb button_bg_color=\u00a0\u00bb#2272BD\u00a0\u00bb background_layout=\u00a0\u00bbdark\u00a0\u00bb hover_enabled=\u00a0\u00bb0&Prime; box_shadow_style=\u00a0\u00bbpreset3&Prime; global_colors_info=\u00a0\u00bb{}\u00a0\u00bb button_bg_color__hover_enabled=\u00a0\u00bbon|hover\u00a0\u00bb button_bg_color__hover=\u00a0\u00bb#2272BD\u00a0\u00bb button_bg_enable_color__hover=\u00a0\u00bbon\u00a0\u00bb url_new_window=\u00a0\u00bbon\u00a0\u00bb sticky_enabled=\u00a0\u00bb0&Prime; locked=\u00a0\u00bboff\u00a0\u00bb button_font=\u00a0\u00bb|||on|||||\u00a0\u00bb][\/et_pb_button][\/et_pb_column][\/et_pb_row][\/et_pb_section][et_pb_section fb_built=\u00a0\u00bb1&Prime; _builder_version=\u00a0\u00bb4.21.0&Prime; _module_preset=\u00a0\u00bbdefault\u00a0\u00bb background_color=\u00a0\u00bbRGBA(255,255,255,0)\u00a0\u00bb use_background_color_gradient=\u00a0\u00bbon\u00a0\u00bb background_color_gradient_stops=\u00a0\u00bb#f5f5f5 0%|#d5d5d5 100%\u00a0\u00bb width=\u00a0\u00bb100%\u00a0\u00bb custom_margin=\u00a0\u00bb0px||||false|false\u00a0\u00bb custom_padding=\u00a0\u00bb0px||0px||false|false\u00a0\u00bb global_colors_info=\u00a0\u00bb{}\u00a0\u00bb][et_pb_row _builder_version=\u00a0\u00bb4.21.0&Prime; _module_preset=\u00a0\u00bbdefault\u00a0\u00bb custom_margin=\u00a0\u00bb|auto||auto|false|false\u00a0\u00bb global_colors_info=\u00a0\u00bb{}\u00a0\u00bb][et_pb_column type=\u00a0\u00bb4_4&Prime; _builder_version=\u00a0\u00bb4.21.0&Prime; _module_preset=\u00a0\u00bbdefault\u00a0\u00bb global_colors_info=\u00a0\u00bb{}\u00a0\u00bb][et_pb_text _builder_version=\u00a0\u00bb4.21.0&Prime; _module_preset=\u00a0\u00bbdefault\u00a0\u00bb global_colors_info=\u00a0\u00bb{}\u00a0\u00bb]<\/p>\n<h2><b>Comment devenir un partenaire affili\u00e9 de <\/b><b>l&rsquo;application VFC<\/b><\/h2>\n<p>Nous demandons \u00e0 chaque affili\u00e9 de se familiariser avec le sujet de la VFC (variabilit\u00e9 de la fr\u00e9quence cardiaque) et de consulter nos informations de base sur notre site Web. Vous trouverez ici la <a href=\"https:\/\/hrv-software.com\/fr\/#video\"><strong>vid\u00e9o principale sur la VFC<\/strong><\/a> et des <a href=\"https:\/\/hrv-software.com\/en\/hrv-introduction-and-the-importance-of-regulation\/\" target=\"_blank\" rel=\"noopener\"><strong>informations compl\u00e9mentaires sur le sujet<\/strong><\/a>.<\/p>\n<p>En tant que partenaire affili\u00e9, vous pouvez utiliser nos vid\u00e9os VFC et nos supports marketing sans restriction, sous r\u00e9serve de r\u00e9vocation. Important : Toute d\u00e9claration relative au diagnostic et au traitement en relation avec l&rsquo;application VFC ou les donn\u00e9es brutes est interdite. Chaque partenaire affili\u00e9 travaille de mani\u00e8re ind\u00e9pendante et agit sous sa propre responsabilit\u00e9.<\/p>\n<p>[\/et_pb_text][\/et_pb_column][\/et_pb_row][et_pb_row _builder_version=\u00a0\u00bb4.16&Prime; custom_margin=\u00a0\u00bb||||false|false\u00a0\u00bb custom_padding=\u00a0\u00bb0px||45px|||\u00a0\u00bb locked=\u00a0\u00bboff\u00a0\u00bb global_colors_info=\u00a0\u00bb{}\u00a0\u00bb][et_pb_column type=\u00a0\u00bb4_4&Prime; _builder_version=\u00a0\u00bb4.16&Prime; custom_padding=\u00a0\u00bb|||\u00a0\u00bb global_colors_info=\u00a0\u00bb{}\u00a0\u00bb custom_padding__hover=\u00a0\u00bb|||\u00a0\u00bb][et_pb_text admin_label=\u00a0\u00bbZITAT\u00a0\u00bb _builder_version=\u00a0\u00bb4.21.0&Prime; background_color=\u00a0\u00bb#ffffff\u00a0\u00bb custom_padding=\u00a0\u00bb30px|30px|30px|30px|false|false\u00a0\u00bb box_shadow_style=\u00a0\u00bbpreset3&Prime; global_colors_info=\u00a0\u00bb{}\u00a0\u00bb]<\/p>\n<p>Nous proposons 3 niveaux de commission totale (15 %, 25 %, 30 %) qui peuvent \u00eatre r\u00e9partis individuellement pour chaque partenaire affili\u00e9 :<\/p>\n<ul>\n<li><strong>R\u00e9duction de prix<\/strong> pour les clients qui ach\u00e8tent l&rsquo;application sur Google Play ou Apple Store<\/li>\n<li><strong>Commission d&rsquo;affiliation<\/strong> pay\u00e9e purement nette<\/li>\n<\/ul>\n<p>[\/et_pb_text][\/et_pb_column][\/et_pb_row][et_pb_row _builder_version=\u00a0\u00bb4.21.0&Prime; _module_preset=\u00a0\u00bbdefault\u00a0\u00bb custom_padding=\u00a0\u00bb2px|||||\u00a0\u00bb global_colors_info=\u00a0\u00bb{}\u00a0\u00bb][et_pb_column type=\u00a0\u00bb4_4&Prime; _builder_version=\u00a0\u00bb4.21.0&Prime; _module_preset=\u00a0\u00bbdefault\u00a0\u00bb global_colors_info=\u00a0\u00bb{}\u00a0\u00bb][et_pb_text _builder_version=\u00a0\u00bb4.21.0&Prime; _module_preset=\u00a0\u00bbdefault\u00a0\u00bb global_colors_info=\u00a0\u00bb{}\u00a0\u00bb]<\/p>\n<ul>\n<li><strong>Niveau 1 : 15 % (0-100 achats)<\/strong> commission totale<\/li>\n<li><strong>Niveau 2 : 25 % (101-1\u00a0000 achats)<\/strong> commission totale<\/li>\n<li><strong>Niveau 3 : 30 % (plus de 1\u00a0000 achats)<\/strong> commission totale<\/li>\n<\/ul>\n<hr \/>\n<ul>\n<li><strong>Exemple 1 : 15 % de commission totale<\/strong> = 5 % de r\u00e9duction pour le client qui ach\u00e8te l&rsquo;application et 10 % de commission d&rsquo;affiliation<\/li>\n<li><strong>Exemple 2 : 25 % de commission totale<\/strong> = 10 % de r\u00e9duction pour le client qui ach\u00e8te l&rsquo;application et 15 % de commission d&rsquo;affiliation<\/li>\n<li><strong>Exemple 3 : 25 % de commission totale<\/strong> = 15 % de r\u00e9duction pour le client qui ach\u00e8te l&rsquo;application et 10 % de commission d&rsquo;affiliation<\/li>\n<\/ul>\n<p>La r\u00e9partition de la r\u00e9duction et de la commission propre de l&rsquo;affili\u00e9 se fait par tranches de cinq (5 %, 10 %, 15 %, 20 %, 25 %, 30 %). Les codes d&rsquo;affiliation g\u00e9n\u00e9r\u00e9s apr\u00e8s l&rsquo;inscription (voir ci-dessous ) d\u00e9terminent la r\u00e9duction de prix pour le client dans le magasin, la diff\u00e9rence avec la commission totale est obtenue automatiquement. Lorsque le nombre de ventes atteint un niveau sup\u00e9rieur\/inf\u00e9rieur, la r\u00e9partition de la r\u00e9duction et de la propre commission d&rsquo;affiliation peut \u00eatre d\u00e9finie individuellement en utilisant les diff\u00e9rents codes. Il est ainsi tr\u00e8s facile de d\u00e9terminer la r\u00e9duction de prix pour diff\u00e9rentes actions marketing, la communication sur les m\u00e9dias sociaux et vos propres clients.<\/p>\n<h2><strong>Exemples de codes d&rsquo;affiliation :<\/strong><\/h2>\n<ul>\n<li><strong>Code d&rsquo;affiliation 1 : <\/strong> 5 % de r\u00e9duction pour les clients de l&rsquo;App Store, le solde \u00e0 la commission totale = commission d&rsquo;affiliation<\/li>\n<li><strong>Code d&rsquo;affiliation 2 : <\/strong> 10 % de r\u00e9duction pour les clients de l&rsquo;App Store, le solde \u00e0 la commission totale = commission d&rsquo;affiliation<\/li>\n<li><strong>Code d&rsquo;affiliation 3 : <\/strong> 15 % de r\u00e9duction pour les clients de l&rsquo;App Store, le solde \u00e0 la commission totale = commission d&rsquo;affiliation (visible\/utilisable uniquement \u00e0 partir du niveau 2)<\/li>\n<li><strong>Code d&rsquo;affiliation 4 : <\/strong> 20 % de r\u00e9duction pour les clients de l&rsquo;App Store, le solde \u00e0 la commission totale = commission d&rsquo;affiliation (visible\/utilisable uniquement \u00e0 partir du niveau 2)<\/li>\n<li><strong>Code d&rsquo;affiliation 5 : <\/strong> 25 % de r\u00e9duction pour les clients de l&rsquo;App Store, le solde \u00e0 la commission totale = commission d&rsquo;affiliation (utilisable uniquement \u00e0 partir du niveau 3)<\/li>\n<\/ul>\n<p>Chaque client qui ach\u00e8te l&rsquo;application VFC dans l&rsquo;App Store (Apple\/Google) peut passer \u00e0 une version annuelle gr\u00e2ce \u00e0 l&rsquo;achat dans l&rsquo;application. Lors de l&rsquo;achat de l&rsquo;abonnement annuel, le prix mensuel est multipli\u00e9 par 9, ce qui rend l&rsquo;abonnement annuel tr\u00e8s int\u00e9ressant d\u00e8s que les clients sont convaincus de l&rsquo;utilit\u00e9 et de la fonctionnalit\u00e9 de l&rsquo;application VFC. Chaque client dispose d&rsquo;un droit de r\u00e9tractation de trois jours apr\u00e8s l&rsquo;achat de l&rsquo;application.[\/et_pb_text][\/et_pb_column][\/et_pb_row][et_pb_row _builder_version=\u00a0\u00bb4.16&Prime; custom_margin=\u00a0\u00bb||||false|false\u00a0\u00bb custom_padding=\u00a0\u00bb0px||45px|||\u00a0\u00bb locked=\u00a0\u00bboff\u00a0\u00bb global_colors_info=\u00a0\u00bb{}\u00a0\u00bb][et_pb_column type=\u00a0\u00bb4_4&Prime; _builder_version=\u00a0\u00bb4.16&Prime; custom_padding=\u00a0\u00bb|||\u00a0\u00bb global_colors_info=\u00a0\u00bb{}\u00a0\u00bb custom_padding__hover=\u00a0\u00bb|||\u00a0\u00bb][et_pb_text admin_label=\u00a0\u00bbZITAT\u00a0\u00bb _builder_version=\u00a0\u00bb4.21.0&Prime; background_color=\u00a0\u00bb#ffffff\u00a0\u00bb custom_padding=\u00a0\u00bb30px|30px|30px|30px|false|false\u00a0\u00bb box_shadow_style=\u00a0\u00bbpreset3&Prime; global_colors_info=\u00a0\u00bb{}\u00a0\u00bb]<\/p>\n<h2><b>Comment devenir un partenaire d&rsquo;affiliation :<\/b><\/h2>\n<ul>\n<li>Rendez-vous sur le site <a href=\"http:\/\/www.hrv-software.com\/fr\/affiliate\/\">www.hrv-software.com\/affiliate\/<\/a>, cliquez sur Inscription d&rsquo;affiliation\/connexion et saisissez vos informations<\/li>\n<li>Envoyez-nous les donn\u00e9es et le consentement pour l&rsquo;enregistrement<\/li>\n<li>Votre code d&rsquo;affiliation individuel est g\u00e9n\u00e9r\u00e9 apr\u00e8s l&rsquo;envoi de l&rsquo;inscription et est li\u00e9 \u00e0 votre nom<\/li>\n<li>Une fois re\u00e7us, les codes d&rsquo;affiliation peuvent \u00eatre utilis\u00e9s pour le marketing et le partage dans le monde entier<\/li>\n<li>Une fois la limite du niveau sup\u00e9rieur atteinte (0-100 ; 101-1\u00a0000, &gt;1\u00a0000), la r\u00e9duction du prix dans le magasin est maintenue pour le client et la commission d&rsquo;affiliation augmente en cons\u00e9quence. La modification de ce ratio se fait par le biais des codes d&rsquo;affiliation sp\u00e9cifiques (5 %, 10 %, 15 %, 20 %, 25 % ou 30 % de r\u00e9duction)<\/li>\n<li>Les codes pour les r\u00e9ductions de 20 %, 25 % et 30 % ne sont visibles et utilisables qu&rsquo;une fois le niveau correspondant atteint<\/li>\n<\/ul>\n<p>[\/et_pb_text][\/et_pb_column][\/et_pb_row][et_pb_row _builder_version=\u00a0\u00bb4.21.0&Prime; _module_preset=\u00a0\u00bbdefault\u00a0\u00bb custom_padding=\u00a0\u00bb0px|||||\u00a0\u00bb global_colors_info=\u00a0\u00bb{}\u00a0\u00bb][et_pb_column type=\u00a0\u00bb4_4&Prime; _builder_version=\u00a0\u00bb4.21.0&Prime; _module_preset=\u00a0\u00bbdefault\u00a0\u00bb global_colors_info=\u00a0\u00bb{}\u00a0\u00bb][et_pb_text _builder_version=\u00a0\u00bb4.21.0&Prime; _module_preset=\u00a0\u00bbdefault\u00a0\u00bb global_colors_info=\u00a0\u00bb{}\u00a0\u00bb]<\/p>\n<p>Le partenaire d&rsquo;affiliation peut se connecter \u00e0 son compte d&rsquo;affiliation \u00e0 tout moment pour consulter les statistiques actuelles des applications vendues et des commissions ouvertes. La commission d&rsquo;affiliation \u00e0 payer est vers\u00e9e mensuellement sur le compte bancaire enregistr\u00e9.<\/p>\n<p>[\/et_pb_text][\/et_pb_column][\/et_pb_row][\/et_pb_section]<\/p>\n","protected":false},"excerpt":{"rendered":"<p>Nous avons d\u00e9velopp\u00e9 un programme d&rsquo;affiliation attractif pour l&rsquo;analyse VFC afin de permettre la diffusion et la commercialisation de l&rsquo;application VFC dans le monde entier.Comment devenir un partenaire affili\u00e9 de l&rsquo;application VFC Nous demandons \u00e0 chaque affili\u00e9 de se familiariser avec le sujet de la VFC (variabilit\u00e9 de la fr\u00e9quence cardiaque) et de consulter nos [&hellip;]<\/p>\n","protected":false},"author":7,"featured_media":0,"parent":0,"menu_order":0,"comment_status":"closed","ping_status":"closed","template":"","meta":{"_et_pb_use_builder":"on","_et_pb_old_content":"","_et_gb_content_width":"","footnotes":""},"class_list":["post-209236","page","type-page","status-publish","hentry"],"jetpack_sharing_enabled":true,"_links":{"self":[{"href":"https:\/\/hrv-software.com\/fr\/wp-json\/wp\/v2\/pages\/209236","targetHints":{"allow":["GET"]}}],"collection":[{"href":"https:\/\/hrv-software.com\/fr\/wp-json\/wp\/v2\/pages"}],"about":[{"href":"https:\/\/hrv-software.com\/fr\/wp-json\/wp\/v2\/types\/page"}],"author":[{"embeddable":true,"href":"https:\/\/hrv-software.com\/fr\/wp-json\/wp\/v2\/users\/7"}],"replies":[{"embeddable":true,"href":"https:\/\/hrv-software.com\/fr\/wp-json\/wp\/v2\/comments?post=209236"}],"version-history":[{"count":11,"href":"https:\/\/hrv-software.com\/fr\/wp-json\/wp\/v2\/pages\/209236\/revisions"}],"predecessor-version":[{"id":209763,"href":"https:\/\/hrv-software.com\/fr\/wp-json\/wp\/v2\/pages\/209236\/revisions\/209763"}],"wp:attachment":[{"href":"https:\/\/hrv-software.com\/fr\/wp-json\/wp\/v2\/media?parent=209236"}],"curies":[{"name":"wp","href":"https:\/\/api.w.org\/{rel}","templated":true}]}}