{"id":209181,"date":"2018-08-15T11:30:50","date_gmt":"2018-08-15T09:30:50","guid":{"rendered":"https:\/\/hrv-software.com\/hrv-app-herz-raten-variabilitaet\/"},"modified":"2024-02-29T12:59:21","modified_gmt":"2024-02-29T11:59:21","slug":"hrv-app-herz-raten-variabilitaet","status":"publish","type":"page","link":"https:\/\/hrv-software.com\/es\/","title":{"rendered":"HRV: An\u00e1lisis de la VFC para la salud y el deporte"},"content":{"rendered":"<p>[et_pb_section fb_built=\u00bb1&#8243; _builder_version=\u00bb4.21.0&#8243; _module_preset=\u00bbdefault\u00bb background_color=\u00bb#f5f5f5&#8243; custom_margin=\u00bb0px||0px||false|false\u00bb custom_padding=\u00bb0px||0px||false|false\u00bb global_colors_info=\u00bb{}\u00bb][et_pb_row _builder_version=\u00bb4.21.0&#8243; custom_padding=\u00bb0px||0px||false|false\u00bb global_colors_info=\u00bb{}\u00bb][et_pb_column type=\u00bb4_4&#8243; _builder_version=\u00bb4.16&#8243; custom_padding=\u00bb30px|||\u00bb global_colors_info=\u00bb{}\u00bb custom_padding__hover=\u00bb|||\u00bb][et_pb_image src=\u00bbhttps:\/\/hrv.fgsinfo.de\/wp-content\/uploads\/2023\/02\/HRV_LOGO.png\u00bb alt=\u00bbHRV &#8211; Messung, Analyse und Auswertung der Herzratenvariabilit\u00e4t\u00bb title_text=\u00bbHRV_LOGO\u00bb align=\u00bbcenter\u00bb align_tablet=\u00bbcenter\u00bb align_phone=\u00bb\u00bb align_last_edited=\u00bbon|desktop\u00bb _builder_version=\u00bb4.21.0&#8243; max_width=\u00bb30%\u00bb max_width_tablet=\u00bb30%\u00bb max_width_phone=\u00bb70%\u00bb max_width_last_edited=\u00bbon|desktop\u00bb global_colors_info=\u00bb{}\u00bb][\/et_pb_image][et_pb_text admin_label=\u00bbH2&#8243; _builder_version=\u00bb4.21.0&#8243; text_orientation=\u00bbcenter\u00bb custom_margin=\u00bb||0px|\u00bb custom_padding=\u00bb2px||0px|||\u00bb global_colors_info=\u00bb{}\u00bb]<\/p>\n<h2>\u00bfFunciona realmente mi tratamiento? <br \/>\u00bfC\u00f3mo reacciona mi cuerpo al estr\u00e9s, a la medicaci\u00f3n o a los nuevos suplementos nutricionales?<br \/>\u00bfPuedo entrenar intensamente hoy o necesito recuperarme por m\u00e1s tiempo?<\/h2>\n<h2>El An\u00e1lisis de la VFC brinda respuestas directas a estas y otras muchas preguntas<\/h2>\n<p>[\/et_pb_text][et_pb_image src=\u00bbhttps:\/\/hrv-software.com\/wp-content\/uploads\/2023\/06\/titelphone_EN.png\u00bb alt=\u00bbiHRV-SOFTWARE f\u00fcr das iPhone\u00bb title_text=\u00bbtitelphone_EN\u00bb show_bottom_space=\u00bboff\u00bb align=\u00bbcenter\u00bb align_tablet=\u00bbcenter\u00bb align_phone=\u00bb\u00bb align_last_edited=\u00bbon|desktop\u00bb _builder_version=\u00bb4.21.0&#8243; custom_margin=\u00bb0px|||\u00bb custom_padding=\u00bb0px|||\u00bb global_colors_info=\u00bb{}\u00bb][\/et_pb_image][\/et_pb_column][\/et_pb_row][et_pb_row column_structure=\u00bb1_4,1_4,1_4,1_4&#8243; use_custom_gutter=\u00bbon\u00bb gutter_width=\u00bb2&#8243; make_equal=\u00bbon\u00bb custom_padding_last_edited=\u00bbon|phone\u00bb _builder_version=\u00bb4.21.0&#8243; custom_margin=\u00bb||0px||false|false\u00bb custom_padding=\u00bb0px||5px||false|false\u00bb custom_padding_tablet=\u00bb0px||||false|false\u00bb custom_padding_phone=\u00bb0px||||false|false\u00bb global_module=\u00bb209435&#8243; saved_tabs=\u00bball\u00bb locked=\u00bboff\u00bb global_colors_info=\u00bb{}\u00bb][et_pb_column type=\u00bb1_4&#8243; _builder_version=\u00bb4.16&#8243; custom_padding=\u00bb|||\u00bb global_colors_info=\u00bb{}\u00bb custom_padding__hover=\u00bb|||\u00bb][\/et_pb_column][et_pb_column type=\u00bb1_4&#8243; _builder_version=\u00bb4.16&#8243; custom_padding=\u00bb|||\u00bb global_colors_info=\u00bb{}\u00bb custom_padding__hover=\u00bb|||\u00bb][et_pb_image src=\u00bbhttps:\/\/hrv-software.com\/wp-content\/uploads\/2023\/06\/APPLE-EN.png\u00bb title_text=\u00bbAPPLE-EN\u00bb url=\u00bbhttps:\/\/apps.apple.com\/app\/hrv-analyse\/id6446939594&#8243; url_new_window=\u00bbon\u00bb show_bottom_space=\u00bboff\u00bb _builder_version=\u00bb4.21.0&#8243; _module_preset=\u00bbdefault\u00bb custom_padding=\u00bb||50px||false|false\u00bb global_colors_info=\u00bb{}\u00bb][\/et_pb_image][\/et_pb_column][et_pb_column type=\u00bb1_4&#8243; _builder_version=\u00bb4.16&#8243; custom_padding=\u00bb|||\u00bb global_colors_info=\u00bb{}\u00bb custom_padding__hover=\u00bb|||\u00bb][et_pb_image src=\u00bbhttps:\/\/hrv-software.com\/wp-content\/uploads\/2023\/06\/GOOGLE-EN.png\u00bb title_text=\u00bbGOOGLE-EN\u00bb url=\u00bbhttps:\/\/play.google.com\/store\/apps\/details?id=com.hrvsoftware.hrv&#038;pli=1&#8243; url_new_window=\u00bbon\u00bb show_bottom_space=\u00bboff\u00bb _builder_version=\u00bb4.21.0&#8243; _module_preset=\u00bbdefault\u00bb global_colors_info=\u00bb{}\u00bb][\/et_pb_image][\/et_pb_column][et_pb_column type=\u00bb1_4&#8243; _builder_version=\u00bb4.16&#8243; custom_padding=\u00bb|||\u00bb global_colors_info=\u00bb{}\u00bb custom_padding__hover=\u00bb|||\u00bb][et_pb_image src=\u00bbhttps:\/\/hrv-software.com\/wp-content\/uploads\/2023\/08\/HRVAPP-3.png\u00bb title_text=\u00bbHRVAPP\u00bb show_bottom_space=\u00bboff\u00bb _builder_version=\u00bb4.22.0&#8243; _module_preset=\u00bbdefault\u00bb custom_margin=\u00bb-10px||||false|false\u00bb custom_padding=\u00bb||||false|false\u00bb locked=\u00bboff\u00bb global_colors_info=\u00bb{}\u00bb][\/et_pb_image][\/et_pb_column][\/et_pb_row][et_pb_row _builder_version=\u00bb4.21.0&#8243; _module_preset=\u00bbdefault\u00bb custom_padding=\u00bb0px|||||\u00bb locked=\u00bboff\u00bb global_colors_info=\u00bb{}\u00bb][et_pb_column type=\u00bb4_4&#8243; _builder_version=\u00bb4.21.0&#8243; _module_preset=\u00bbdefault\u00bb global_colors_info=\u00bb{}\u00bb][et_pb_text admin_label=\u00bbH1&#8243; _builder_version=\u00bb4.21.0&#8243; ul_font=\u00bbLato||||||||\u00bb ul_font_size=\u00bb20px\u00bb ul_line_height=\u00bb1.5em\u00bb header_text_color=\u00bb#2272bd\u00bb background_color=\u00bb#FFFFFF\u00bb text_orientation=\u00bbcenter\u00bb custom_margin=\u00bb4px||0px||false|false\u00bb custom_padding=\u00bb20px|30px|20px|30px|true|true\u00bb box_shadow_style=\u00bbpreset3&#8243; global_colors_info=\u00bb{}\u00bb]<\/p>\n<p>Descargue la aplicaci\u00f3n de forma gratuita. Con la ayuda de las mediciones de muestra preinstaladas podr\u00e1s conocer los gr\u00e1ficos, las evaluaciones y el dise\u00f1o de impresi\u00f3n. Solo podr\u00e1s realizar tus propias mediciones con una correa pectoral Bluetooth tras suscribirte (incluido un periodo de prueba de 3 d\u00edas).<\/p>\n<p>[\/et_pb_text][\/et_pb_column][\/et_pb_row][\/et_pb_section][et_pb_section fb_built=\u00bb1&#8243; _builder_version=\u00bb4.21.0&#8243; background_color=\u00bbRGBA(255,255,255,0)\u00bb use_background_color_gradient=\u00bbon\u00bb background_color_gradient_stops=\u00bb#f5f5f5 0%|#d5d5d5 100%\u00bb width=\u00bb100%\u00bb custom_margin=\u00bb||||false|false\u00bb custom_padding=\u00bb0px||||false|false\u00bb global_colors_info=\u00bb{}\u00bb][et_pb_row _builder_version=\u00bb4.16&#8243; background_size=\u00bbinitial\u00bb background_position=\u00bbtop_left\u00bb background_repeat=\u00bbrepeat\u00bb custom_padding=\u00bb24px|0px|14px|0px|false|false\u00bb global_colors_info=\u00bb{}\u00bb][et_pb_column type=\u00bb4_4&#8243; _builder_version=\u00bb4.16&#8243; custom_padding=\u00bb|||\u00bb global_colors_info=\u00bb{}\u00bb custom_padding__hover=\u00bb|||\u00bb][et_pb_text admin_label=\u00bbH1&#8243; _builder_version=\u00bb4.21.0&#8243; ul_font=\u00bbLato|700|||||||\u00bb ul_line_height=\u00bb1.7em\u00bb header_text_color=\u00bb#2272bd\u00bb text_orientation=\u00bbcenter\u00bb custom_margin=\u00bb|||\u00bb custom_padding=\u00bb|||\u00bb global_colors_info=\u00bb{}\u00bb]<\/p>\n<h2 style=\"text-align: left;\">PARA LA SALUD Y EL DEPORTE: <span style=\"color: #ec111a;\"><strong>AN\u00c1LISIS DE LA VFC<\/strong><\/span><\/h2>\n<p style=\"text-align: left;\">An\u00e1lisis de la VFC: Medir lo que realmente pasa en el cuerpo (espejo interior) y detectar a tiempo cu\u00e1ndo el estr\u00e9s se convierte en estr\u00e9s permanente. Un software profesional para iOS y Android, para personas preocupadas por la salud, personas en puestos directivos, para la prevenci\u00f3n de empleados, control de tratamientos, as\u00ed como para deportistas aficionados y de deportes de competici\u00f3n a modo de control del entrenamiento.<\/p>\n<p style=\"text-align: left;\">La variabilidad de la frecuencia card\u00edaca (VFC) mide los intervalos de tiempo entre latido y latido en milisegundos. Con una banda pectoral, usted mismo puede medir la variabilidad de los intervalos de tiempo con precisi\u00f3n de ECG. El an\u00e1lisis y la evaluaci\u00f3n de la VFC proporcionan datos importantes sobre el estado de salud: cuanto m\u00e1s variables son los latidos del coraz\u00f3n, m\u00e1s sano est\u00e1 el organismo.<\/p>\n<p>[\/et_pb_text][\/et_pb_column][\/et_pb_row][et_pb_row column_structure=\u00bb1_2,1_2&#8243; _builder_version=\u00bb4.21.0&#8243; _module_preset=\u00bbdefault\u00bb global_colors_info=\u00bb{}\u00bb][et_pb_column type=\u00bb1_2&#8243; _builder_version=\u00bb4.21.0&#8243; _module_preset=\u00bbdefault\u00bb global_colors_info=\u00bb{}\u00bb][et_pb_image src=\u00bbhttps:\/\/hrv-software.com\/wp-content\/uploads\/2023\/06\/titelphone_EN.png\u00bb alt=\u00bbHRV Analyse &#8211; Dauerstress &#8211; Sympathikus erh\u00f6ht\u00bb title_text=\u00bbtitelphone_EN\u00bb _builder_version=\u00bb4.21.0&#8243; _module_preset=\u00bbdefault\u00bb global_colors_info=\u00bb{}\u00bb][\/et_pb_image][\/et_pb_column][et_pb_column type=\u00bb1_2&#8243; _builder_version=\u00bb4.21.0&#8243; _module_preset=\u00bbdefault\u00bb global_colors_info=\u00bb{}\u00bb][et_pb_text admin_label=\u00bbH1&#8243; _builder_version=\u00bb4.21.0&#8243; ul_font=\u00bbLato||||||||\u00bb ul_text_color=\u00bb#444444&#8243; ul_font_size=\u00bb22px\u00bb ul_line_height=\u00bb1.7em\u00bb header_text_color=\u00bb#2272bd\u00bb text_orientation=\u00bbcenter\u00bb min_height=\u00bb65.6px\u00bb custom_margin=\u00bb36px||-1px|||\u00bb custom_padding=\u00bb|||\u00bb global_colors_info=\u00bb{}\u00bb]<\/p>\n<p style=\"text-align: left;\">An\u00e1lisis de la VFC: La aplicaci\u00f3n brinda todos los par\u00e1metros importantes de VFC en una representaci\u00f3n gr\u00e1fica sencilla y f\u00e1cil de comprender<\/p>\n<p>[\/et_pb_text][et_pb_text admin_label=\u00bbH1&#8243; _builder_version=\u00bb4.21.0&#8243; ul_font=\u00bbLato||||||||\u00bb ul_font_size=\u00bb20px\u00bb ul_line_height=\u00bb1.5em\u00bb header_text_color=\u00bb#2272bd\u00bb background_color=\u00bb#FFFFFF\u00bb text_orientation=\u00bbcenter\u00bb custom_margin=\u00bb4px||0px||false|false\u00bb custom_padding=\u00bb20px|30px|20px|30px|true|true\u00bb box_shadow_style=\u00bbpreset3&#8243; global_colors_info=\u00bb{}\u00bb]<\/p>\n<ul>\n<li style=\"text-align: left;\">Frecuencia card\u00edaca (FC)<\/li>\n<li style=\"text-align: left;\">\u00cdndice de estr\u00e9s (IE)<\/li>\n<li style=\"text-align: left;\">\u00cdndice de relajaci\u00f3n (IR)<\/li>\n<\/ul>\n<p>[\/et_pb_text][\/et_pb_column][\/et_pb_row][et_pb_row _builder_version=\u00bb4.16&#8243; background_size=\u00bbinitial\u00bb background_position=\u00bbtop_left\u00bb background_repeat=\u00bbrepeat\u00bb custom_padding=\u00bb1px|0px|14px|0px|false|false\u00bb global_colors_info=\u00bb{}\u00bb][et_pb_column type=\u00bb4_4&#8243; _builder_version=\u00bb4.16&#8243; custom_padding=\u00bb|||\u00bb global_colors_info=\u00bb{}\u00bb custom_padding__hover=\u00bb|||\u00bb][et_pb_text admin_label=\u00bbH1&#8243; _builder_version=\u00bb4.21.0&#8243; ul_font=\u00bbLato|700|||||||\u00bb ul_line_height=\u00bb1.7em\u00bb header_text_color=\u00bb#2272bd\u00bb text_orientation=\u00bbcenter\u00bb custom_margin=\u00bb0px||||false|false\u00bb custom_padding=\u00bb0px||||false|false\u00bb global_colors_info=\u00bb{}\u00bb]<\/p>\n<p style=\"text-align: left;\">Con una resoluci\u00f3n de un milisegundo, los intervalos de latido a latido (intervalos RR) se transmiten a la aplicaci\u00f3n con una correa pectoral Bluetooth (p.ej., Sigma R1, etc.). Est\u00e1n disponibles las siguientes opciones: Medici\u00f3n de corta duraci\u00f3n con 260 intervalos RR (aprox. 4 minutos) y medici\u00f3n normal con 520 intervalos RR (aprox. 8 minutos).<\/p>\n<p>[\/et_pb_text][\/et_pb_column][\/et_pb_row][\/et_pb_section][et_pb_section fb_built=\u00bb1&#8243; _builder_version=\u00bb4.21.0&#8243; background_color=\u00bbRGBA(255,255,255,0)\u00bb use_background_color_gradient=\u00bbon\u00bb background_color_gradient_stops=\u00bb#d5d5d5 0%|#f5f5f5 100%\u00bb width=\u00bb100%\u00bb custom_margin=\u00bb||||false|false\u00bb custom_padding=\u00bb0px||||false|false\u00bb global_colors_info=\u00bb{}\u00bb][et_pb_row module_id=\u00bbvideo\u00bb _builder_version=\u00bb4.21.0&#8243; background_size=\u00bbinitial\u00bb background_position=\u00bbtop_left\u00bb background_repeat=\u00bbrepeat\u00bb custom_padding=\u00bb24px|0px|0px|0px|false|false\u00bb global_colors_info=\u00bb{}\u00bb][et_pb_column type=\u00bb4_4&#8243; _builder_version=\u00bb4.16&#8243; custom_padding=\u00bb|||\u00bb global_colors_info=\u00bb{}\u00bb custom_padding__hover=\u00bb|||\u00bb][et_pb_video src=\u00bbhttps:\/\/hrv-software.com\/wp-content\/uploads\/VIDEO\/HRV-Hauptfilm-ES.mp4&#8243; image_src=\u00bbhttps:\/\/hrv-software.com\/wp-content\/uploads\/2023\/06\/HRV_VIDEO_BG_EN.png\u00bb play_icon_color=\u00bb#00679b\u00bb _builder_version=\u00bb4.21.0&#8243; _module_preset=\u00bbdefault\u00bb box_shadow_style=\u00bbpreset3&#8243; locked=\u00bboff\u00bb global_colors_info=\u00bb{}\u00bb][\/et_pb_video][et_pb_text admin_label=\u00bbH1&#8243; _builder_version=\u00bb4.21.0&#8243; ul_font=\u00bbLato|700|||||||\u00bb ul_line_height=\u00bb1.7em\u00bb header_text_color=\u00bb#2272bd\u00bb text_orientation=\u00bbcenter\u00bb custom_margin=\u00bb|||\u00bb custom_padding=\u00bb|||\u00bb global_colors_info=\u00bb{}\u00bb]<\/p>\n<h2 style=\"text-align: left;\"><strong>AN\u00c1LISIS DE LA VFC <\/strong>PARA EL SEGUIMIENTO DEL PROGRESO DE LOS TRATAMIENTOS Y CONTROLAR EL ENTRENAMIENTO AL HACER DEPORTE<\/h2>\n<p style=\"text-align: left;\">Para personas que desean comprobar con regularidad c\u00f3mo reacciona su cuerpo ante el estr\u00e9s y los retos cotidianos, como control del estr\u00e9s, para controlar la medicaci\u00f3n y el tratamiento, como control de progresos. Para aqu\u00e9llos que se preocupan por su estado f\u00edsico, deportistas aficionados y profesionales, a fin de controlar su estr\u00e9s y capacidad de recuperaci\u00f3n con valores est\u00e1ndar individuales y personales. \u00d3ptimo y m\u00e1s eficiente para controlar el entrenamiento: completamente sin mediciones de lactato.<\/p>\n<p>[\/et_pb_text][et_pb_text admin_label=\u00bbH1&#8243; _builder_version=\u00bb4.21.0&#8243; ul_font=\u00bbLato|700|||||||\u00bb ul_line_height=\u00bb1.7em\u00bb header_text_color=\u00bb#2272bd\u00bb text_orientation=\u00bbcenter\u00bb custom_margin=\u00bb|||\u00bb custom_padding=\u00bb|||\u00bb global_colors_info=\u00bb{}\u00bb]<\/p>\n<h2 style=\"text-align: left;\"><span style=\"color: #ec111a;\"><strong>CARACTER\u00cdSTICAS:<\/strong><\/span><\/h2>\n<p>[\/et_pb_text][\/et_pb_column][\/et_pb_row][et_pb_row column_structure=\u00bb1_2,1_2&#8243; _builder_version=\u00bb4.21.0&#8243; _module_preset=\u00bbdefault\u00bb background_color=\u00bb#FFFFFF\u00bb custom_padding=\u00bb30px|30px|30px|30px|true|true\u00bb box_shadow_style=\u00bbpreset3&#8243; global_colors_info=\u00bb{}\u00bb][et_pb_column type=\u00bb1_2&#8243; _builder_version=\u00bb4.21.0&#8243; _module_preset=\u00bbdefault\u00bb global_colors_info=\u00bb{}\u00bb][et_pb_text admin_label=\u00bbH1&#8243; _builder_version=\u00bb4.21.0&#8243; ul_font=\u00bbLato||||||||\u00bb ul_font_size=\u00bb18px\u00bb ul_line_height=\u00bb1.7em\u00bb header_text_color=\u00bb#2272bd\u00bb text_orientation=\u00bbcenter\u00bb custom_margin=\u00bb0px||0px||false|false\u00bb custom_padding=\u00bb0px||0px||false|false\u00bb global_colors_info=\u00bb{}\u00bb]<\/p>\n<ul>\n<li style=\"text-align: left;\">Medici\u00f3n de intervalos RR con resoluci\u00f3n de 1 ms<\/li>\n<li style=\"text-align: left;\">Valores normales generales con colores de sem\u00e1foro basados en grandes estudios de VFC con fundamento cient\u00edfico<\/li>\n<li style=\"text-align: left;\">3 perfiles de medici\u00f3n fijos y 1 flexible para la medici\u00f3n y evaluaci\u00f3n de familiares y amigos<\/li>\n<li style=\"text-align: left;\">Valores est\u00e1ndar de deportistas y c\u00e1lculo adicional de valores est\u00e1ndar individuales para controlar el entrenamiento individual y supervisar el \u00absobreentrenamiento\u00bb<\/li>\n<li style=\"text-align: left;\">Transferencia de datos con correa pectoral Bluetooth; no forma parte de la suscripci\u00f3n, por lo que debe adquirirse por separado<\/li>\n<\/ul>\n<p>[\/et_pb_text][\/et_pb_column][et_pb_column type=\u00bb1_2&#8243; _builder_version=\u00bb4.21.0&#8243; _module_preset=\u00bbdefault\u00bb global_colors_info=\u00bb{}\u00bb][et_pb_text admin_label=\u00bbH1&#8243; _builder_version=\u00bb4.21.0&#8243; ul_font=\u00bbLato||||||||\u00bb ul_font_size=\u00bb18px\u00bb ul_line_height=\u00bb1.7em\u00bb header_text_color=\u00bb#2272bd\u00bb text_orientation=\u00bbcenter\u00bb custom_margin=\u00bb0px||0px||false|false\u00bb custom_padding=\u00bb0px||0px||false|false\u00bb global_colors_info=\u00bb{}\u00bb]<\/p>\n<ul>\n<li style=\"text-align: left;\">Desarrollado y optimizado para iPhones a partir de iOS 13, smartphones Android a partir de Android 5.0 Lollipop, API Nivel 21<\/li>\n<li style=\"text-align: left;\">Software en alem\u00e1n e ingl\u00e9s. Pr\u00f3ximamente: Espa\u00f1ol, portugu\u00e9s, franc\u00e9s, italiano y checo. Otros idiomas en preparaci\u00f3n<\/li>\n<li style=\"text-align: left;\">Validaci\u00f3n por software cient\u00edfico de referencia de VFC<\/li>\n<li style=\"text-align: left;\">Posibilidad de exportaci\u00f3n de datos como archivo CVS (importaci\u00f3n directa en Kubios HRV)<\/li>\n<li style=\"text-align: left;\">Creaci\u00f3n autom\u00e1tica de varios dise\u00f1os de impresi\u00f3n PDF y env\u00edo por correo electr\u00f3nico<\/li>\n<li style=\"text-align: left;\">Posibilidad de exportar y enviar el an\u00e1lisis en PDF a una direcci\u00f3n de correo electr\u00f3nico independiente<\/li>\n<\/ul>\n<p>[\/et_pb_text][\/et_pb_column][\/et_pb_row][et_pb_row _builder_version=\u00bb4.16&#8243; background_size=\u00bbinitial\u00bb background_position=\u00bbtop_left\u00bb background_repeat=\u00bbrepeat\u00bb custom_padding=\u00bb1px|0px|14px|0px|false|false\u00bb global_colors_info=\u00bb{}\u00bb][et_pb_column type=\u00bb4_4&#8243; _builder_version=\u00bb4.16&#8243; custom_padding=\u00bb|||\u00bb global_colors_info=\u00bb{}\u00bb custom_padding__hover=\u00bb|||\u00bb][et_pb_text admin_label=\u00bbH1&#8243; _builder_version=\u00bb4.21.0&#8243; ul_font=\u00bbLato|700|||||||\u00bb ul_line_height=\u00bb1.7em\u00bb header_text_color=\u00bb#2272bd\u00bb text_orientation=\u00bbcenter\u00bb custom_margin=\u00bb0px||||false|false\u00bb custom_padding=\u00bb30px||||false|false\u00bb global_colors_info=\u00bb{}\u00bb]<\/p>\n<p style=\"text-align: left;\">El An\u00e1lisis de la VFC est\u00e1 disponible en Apple App Store (iOS) y Google Play Store (Android). Durante la instalaci\u00f3n inicial se integran varias mediciones de muestra para conocer los gr\u00e1ficos, las evaluaciones y el dise\u00f1o de impresi\u00f3n.<\/p>\n<p style=\"text-align: left;\">Como compra desde la aplicaci\u00f3n es posible cambiar de una suscripci\u00f3n mensual a una anual. La suscripci\u00f3n mensual cuesta 29,99 euros. Con la suscripci\u00f3n anual s\u00f3lo tiene que pagar 9 meses, por lo que usted se ahorra 89,89 euros (precio anual: 269,99 euros en vez de 359,88 euros).<\/p>\n<p>[\/et_pb_text][\/et_pb_column][\/et_pb_row][et_pb_row column_structure=\u00bb1_2,1_2&#8243; _builder_version=\u00bb4.16&#8243; background_size=\u00bbinitial\u00bb background_position=\u00bbtop_left\u00bb background_repeat=\u00bbrepeat\u00bb global_colors_info=\u00bb{}\u00bb locked=\u00bboff\u00bb][et_pb_column type=\u00bb1_2&#8243; _builder_version=\u00bb4.16&#8243; custom_padding=\u00bb|||\u00bb global_colors_info=\u00bb{}\u00bb custom_padding__hover=\u00bb|||\u00bb][et_pb_image src=\u00bbhttps:\/\/hrv-software.com\/wp-content\/uploads\/2023\/05\/SIGMA_S3-1.png\u00bb title_text=\u00bbSIGMA_S3&#8243; align_tablet=\u00bbcenter\u00bb align_phone=\u00bbcenter\u00bb align_last_edited=\u00bbon|desktop\u00bb _builder_version=\u00bb4.21.0&#8243; global_colors_info=\u00bb{}\u00bb][\/et_pb_image][\/et_pb_column][et_pb_column type=\u00bb1_2&#8243; _builder_version=\u00bb4.16&#8243; custom_padding=\u00bb|||\u00bb global_colors_info=\u00bb{}\u00bb custom_padding__hover=\u00bb|||\u00bb][et_pb_text admin_label=\u00bbSigma R1&#8243; _builder_version=\u00bb4.24.2&#8243; hover_enabled=\u00bb0&#8243; global_colors_info=\u00bb{}\u00bb header_text_color=\u00bb#EC111A\u00bb sticky_enabled=\u00bb0&#8243;]<\/p>\n<h1>CORREAS PECTORALES RECOMENDADAS<\/h1>\n<h2>Correa pectoral Bluetooth\u00ae Sigma R1<\/h2>\n<p>Seg\u00fan nuestra experiencia, la correa pectoral Bluetooth Sigma R1 ha sido la m\u00e1s fiable en el uso diario durante a\u00f1os. Otras correas pectorales Bluetooth con Bluetooth est\u00e1ndar 4.0 y superior tambi\u00e9n deber\u00edan funcionar.<\/p>\n<p>Disponible en Amazon <a href=\"https:\/\/www.amazon.de\/Sigma-Sport-Unisex-Erwachsene-Comfortex-Textilbrustgurt\/dp\/B00EPM9T38\/\" target=\"_blank\" rel=\"noopener noreferrer\">&#8211;&gt;Mostrar correa de pecho<\/a><\/p>\n<p>[\/et_pb_text][\/et_pb_column][\/et_pb_row][et_pb_row _builder_version=\u00bb4.16&#8243; background_size=\u00bbinitial\u00bb background_position=\u00bbtop_left\u00bb background_repeat=\u00bbrepeat\u00bb global_colors_info=\u00bb{}\u00bb locked=\u00bboff\u00bb custom_padding=\u00bb1px|||||\u00bb][et_pb_column type=\u00bb4_4&#8243; _builder_version=\u00bb4.16&#8243; custom_padding=\u00bb|||\u00bb global_colors_info=\u00bb{}\u00bb custom_padding__hover=\u00bb|||\u00bb][et_pb_text admin_label=\u00bbweitere Brustgurte\u00bb _builder_version=\u00bb4.23.1&#8243; global_colors_info=\u00bb{}\u00bb]<\/p>\n<h1>Otras correas pectorales alternativas con est\u00e1ndar de transmisi\u00f3n Bluetooth 4.0<\/h1>\n<ul>\n<li>Sigma R1 Duo: <a href=\"https:\/\/www.amazon.de\/Sigma-Sport-Herzfrequenz-Bluetooth-COMFORTEX\/dp\/B01N7P4PP1\">Link<\/a><\/li>\n<li>CooSpo H6M: &#8211; <a href=\"https:\/\/www.amazon.de\/dp\/B07JPD924Y\">Link<\/a><\/li>\n<li>SmartLAB hrm: &#8211; <a href=\"https:\/\/www.amazon.de\/dp\/B014G53HHC\">Link<\/a><\/li>\n<\/ul>\n<p>[\/et_pb_text][\/et_pb_column][\/et_pb_row][\/et_pb_section]<\/p>\n","protected":false},"excerpt":{"rendered":"<p>\u00bfFunciona realmente mi tratamiento? \u00bfC\u00f3mo reacciona mi cuerpo al estr\u00e9s, a la medicaci\u00f3n o a los nuevos suplementos nutricionales?\u00bfPuedo entrenar intensamente hoy o necesito recuperarme por m\u00e1s tiempo? El An\u00e1lisis de la VFC brinda respuestas directas a estas y otras muchas preguntasDescargue la aplicaci\u00f3n de forma gratuita. Con la ayuda de las mediciones de muestra [&hellip;]<\/p>\n","protected":false},"author":7,"featured_media":208748,"parent":0,"menu_order":0,"comment_status":"closed","ping_status":"closed","template":"","meta":{"_et_pb_use_builder":"on","_et_pb_old_content":"","_et_gb_content_width":"","footnotes":""},"class_list":["post-209181","page","type-page","status-publish","has-post-thumbnail","hentry"],"jetpack_sharing_enabled":true,"_links":{"self":[{"href":"https:\/\/hrv-software.com\/es\/wp-json\/wp\/v2\/pages\/209181","targetHints":{"allow":["GET"]}}],"collection":[{"href":"https:\/\/hrv-software.com\/es\/wp-json\/wp\/v2\/pages"}],"about":[{"href":"https:\/\/hrv-software.com\/es\/wp-json\/wp\/v2\/types\/page"}],"author":[{"embeddable":true,"href":"https:\/\/hrv-software.com\/es\/wp-json\/wp\/v2\/users\/7"}],"replies":[{"embeddable":true,"href":"https:\/\/hrv-software.com\/es\/wp-json\/wp\/v2\/comments?post=209181"}],"version-history":[{"count":22,"href":"https:\/\/hrv-software.com\/es\/wp-json\/wp\/v2\/pages\/209181\/revisions"}],"predecessor-version":[{"id":209810,"href":"https:\/\/hrv-software.com\/es\/wp-json\/wp\/v2\/pages\/209181\/revisions\/209810"}],"wp:featuredmedia":[{"embeddable":true,"href":"https:\/\/hrv-software.com\/es\/wp-json\/wp\/v2\/media\/208748"}],"wp:attachment":[{"href":"https:\/\/hrv-software.com\/es\/wp-json\/wp\/v2\/media?parent=209181"}],"curies":[{"name":"wp","href":"https:\/\/api.w.org\/{rel}","templated":true}]}}