{"id":208080,"date":"2018-05-10T13:21:34","date_gmt":"2018-05-10T11:21:34","guid":{"rendered":"https:\/\/hrv-software.com\/nutzen-der-hrv-analyse\/"},"modified":"2023-06-13T13:59:09","modified_gmt":"2023-06-13T11:59:09","slug":"benefits-hrv-analysis","status":"publish","type":"page","link":"https:\/\/hrv-software.com\/en\/benefits-hrv-analysis\/","title":{"rendered":"Benefits of HRV analysis"},"content":{"rendered":"<p>[et_pb_section fb_built=&#8221;1&#8243; _builder_version=&#8221;4.21.0&#8243; _module_preset=&#8221;default&#8221; background_color=&#8221;#f5f5f5&#8243; global_colors_info=&#8221;{}&#8221;][et_pb_row column_structure=&#8221;1_3,2_3&#8243; _builder_version=&#8221;4.21.0&#8243; background_size=&#8221;initial&#8221; background_position=&#8221;top_left&#8221; background_repeat=&#8221;repeat&#8221; custom_padding=&#8221;24px|0px|7px|0px|false|false&#8221; locked=&#8221;off&#8221; global_colors_info=&#8221;{}&#8221;][et_pb_column type=&#8221;1_3&#8243; _builder_version=&#8221;4.21.0&#8243; _module_preset=&#8221;default&#8221; global_colors_info=&#8221;{}&#8221;][et_pb_image src=&#8221;https:\/\/hrv.fgsinfo.de\/wp-content\/uploads\/2023\/02\/HRV_LOGO.png&#8221; alt=&#8221;HRV &#8211; Messung, Analyse und Auswertung der Herzratenvariabilit\u00e4t&#8221; title_text=&#8221;HRV_LOGO&#8221; align=&#8221;center&#8221; align_tablet=&#8221;center&#8221; align_phone=&#8221;&#8221; align_last_edited=&#8221;on|desktop&#8221; _builder_version=&#8221;4.21.0&#8243; global_colors_info=&#8221;{}&#8221;][\/et_pb_image][\/et_pb_column][et_pb_column type=&#8221;2_3&#8243; _builder_version=&#8221;4.16&#8243; custom_padding=&#8221;|||&#8221; global_colors_info=&#8221;{}&#8221; custom_padding__hover=&#8221;|||&#8221;][et_pb_post_title meta=&#8221;off&#8221; featured_image=&#8221;off&#8221; _builder_version=&#8221;4.21.0&#8243; title_font=&#8221;|||on|||||&#8221; title_text_color=&#8221;#2272bd&#8221; custom_margin=&#8221;13px||0px||false|false&#8221; global_colors_info=&#8221;{}&#8221;][\/et_pb_post_title][et_pb_text admin_label=&#8221;H2&#8243; _builder_version=&#8221;4.21.0&#8243; custom_margin=&#8221;||10px|&#8221; global_colors_info=&#8221;{}&#8221;]<\/p>\n<h2>HRV measurement and HRV interpretation for therapy progress control, as stress load check or for prevention<\/h2>\n<p>[\/et_pb_text][\/et_pb_column][\/et_pb_row][\/et_pb_section][et_pb_section fb_built=&#8221;1&#8243; _builder_version=&#8221;4.16&#8243; background_color=&#8221;RGBA(255,255,255,0)&#8221; use_background_color_gradient=&#8221;on&#8221; background_color_gradient_stops=&#8221;#f5f5f5 0%|#d5d5d5 100%&#8221; width=&#8221;100%&#8221; custom_margin=&#8221;||||false|false&#8221; custom_padding=&#8221;0px||||false|false&#8221; global_colors_info=&#8221;{}&#8221;][et_pb_row _builder_version=&#8221;4.16&#8243; background_size=&#8221;initial&#8221; background_position=&#8221;top_left&#8221; background_repeat=&#8221;repeat&#8221; custom_padding=&#8221;1.1px|0px|0|0px|false|false&#8221; global_colors_info=&#8221;{}&#8221;][et_pb_column type=&#8221;4_4&#8243; _builder_version=&#8221;4.16&#8243; custom_padding=&#8221;|||&#8221; global_colors_info=&#8221;{}&#8221; custom_padding__hover=&#8221;|||&#8221;][et_pb_text admin_label=&#8221;ZITAT&#8221; _builder_version=&#8221;4.21.0&#8243; background_color=&#8221;#ffffff&#8221; custom_padding=&#8221;10px|20px|10px|20px&#8221; box_shadow_style=&#8221;preset3&#8243; global_colors_info=&#8221;{}&#8221;]<\/p>\n<h2>&#8220;Which therapeutic measures or medications measurably improve my heart rate variability? How does my autonomic nervous system react to my lifestyle and daily stresses? What is the current regulatory state of my higher-level control and regulatory center ANS?&#8221;<\/h2>\n<p>[\/et_pb_text][et_pb_text _builder_version=&#8221;4.21.0&#8243; global_colors_info=&#8221;{}&#8221;]<\/p>\n<p>These and other questions can be answered quickly with the measurement and evaluation of heart rhythm variability.<\/p>\n<p>The worldwide scientifically recognized HRV analysis quickly and easily shows the regulatory state of our autonomic nervous system (ANS). The two main nerves of the ANS &#8211; sympathetic and parasympathetic (also called vagus) &#8211; form a higher-level control center in the body that controls and regulates subordinate processes and organs down to the cellular level in the body. <strong>These processes include: Blood pressure, respiratory rate, heart rate, immune system, endocrine system, digestive system and energy provision<\/strong>.<\/p>\n<p class=\"western\" align=\"left\">HRV analysis for measuring and evaluating heart rate variability is particularly suitable for regular health checks, stress load checks, progress monitoring and therapy control. Athletes can better control their training load with <strong>HRV analysis Studies show that the performance output is higher<\/strong> in athletes compared to lactate-based training control when training control is performed with HRV. With <strong>an individual norm value calculation<\/strong>, monitoring becomes easier than ever. Regular and time-consuming lactate tests are now a thing of the past.<\/p>\n<p class=\"western\" align=\"left\">Therapy progress monitoring is also playing an increasingly important role. This makes it possible to check which therapies, medications or other interventions result in an improvement &#8211; whether for <strong>cardiovascular diseases, COPD, macular degeneration, diabetes, high blood pressure or other complaints and diseases<\/strong>.<\/p>\n<p class=\"western\" align=\"left\">The HRV analysis is performed at rest and takes about<strong> 4 minutes<\/strong> as a short measurement or <strong>about 8 minutes<\/strong> as a normal measurement. The stored standard values are based on scientific evaluation and parameters of large HRV studies. With the traffic light colors green, yellow and red, it is quickly and reliably recognized in which range the own HRV parameters lie.<\/p>\n<p class=\"western\" align=\"left\"><strong>HRV analysis is firmly established in many guidelines for physicians and therapists and is the gold standard in medicine worldwide.<\/strong><\/p>\n<p>[\/et_pb_text][et_pb_image src=&#8221;https:\/\/hrv-software.com\/wp-content\/uploads\/2023\/06\/vns_en.png&#8221; title_text=&#8221;vns_en&#8221; align=&#8221;center&#8221; force_fullwidth=&#8221;on&#8221; _builder_version=&#8221;4.21.0&#8243; _module_preset=&#8221;default&#8221; global_colors_info=&#8221;{}&#8221;][\/et_pb_image][et_pb_text admin_label=&#8221;H1&#8243; _builder_version=&#8221;4.21.0&#8243; header_font=&#8221;|||on|||||&#8221; header_text_color=&#8221;#2272bd&#8221; custom_margin=&#8221;||-20px|&#8221; custom_padding=&#8221;|||&#8221; global_colors_info=&#8221;{}&#8221;]<\/p>\n<h1 class=\"entry-title main_title\">HRV: Health\/Therapy Monitoring<\/h1>\n<p>[\/et_pb_text][et_pb_text _builder_version=&#8221;4.21.0&#8243; background_color=&#8221;RGBA(255,255,255,0)&#8221; width=&#8221;100%&#8221; custom_margin=&#8221;||||false|false&#8221; custom_padding=&#8221;0px||||false|false&#8221; global_colors_info=&#8221;{}&#8221;]<\/p>\n<p>&#8220;When a higher-level control and regulatory center such as the autonomic nervous system controls and regulates subordinate systems and organs down to the cellular level, the functional status of the higher-level control system ANS is the most important diagnostic measurement&#8221;<\/p>\n<p>[\/et_pb_text][\/et_pb_column][\/et_pb_row][et_pb_row _builder_version=&#8221;4.21.0&#8243; _module_preset=&#8221;default&#8221; global_colors_info=&#8221;{}&#8221;][et_pb_column type=&#8221;4_4&#8243; _builder_version=&#8221;4.21.0&#8243; _module_preset=&#8221;default&#8221; global_colors_info=&#8221;{}&#8221;][et_pb_text admin_label=&#8221;ZITAT&#8221; _builder_version=&#8221;4.21.0&#8243; background_color=&#8221;#ffffff&#8221; custom_padding=&#8221;10px|20px|10px|20px&#8221; box_shadow_style=&#8221;preset3&#8243; global_colors_info=&#8221;{}&#8221;]<\/p>\n<h2>The autonomic nervous system continuously controls all organs and cells with its two main nerves sympathetic (tension) and parasympathetic (relaxation).<\/h2>\n<p>[\/et_pb_text][et_pb_text _builder_version=&#8221;4.21.0&#8243; global_colors_info=&#8221;{}&#8221;]<\/p>\n<p>If a stress or permanent stress disorder has been identified by the HRV analysis, the primary goal of any further action should be to find and eliminate the cause of the disorder &#8211; preferably in a biological holistic way!<\/p>\n<p>A special advantage of the HRV analysis is the control of the applied therapies or medications (therapy control). The heart rate variability as a measurand is optimally suited to check any therapy procedures for their effectiveness, no matter whether conventional or naturopathic therapies.<\/p>\n<p><strong>The HRV analysis is a worldwide scientifically recognized diagnostic procedure, which is increasingly used by sports physicians, sports scientists, therapists, doctors, alternative practitioners and clinics.<\/strong><\/p>\n<p>[\/et_pb_text][\/et_pb_column][\/et_pb_row][\/et_pb_section][et_pb_section fb_built=&#8221;1&#8243; _builder_version=&#8221;4.16&#8243; background_color=&#8221;RGBA(255,255,255,0)&#8221; use_background_color_gradient=&#8221;on&#8221; background_color_gradient_stops=&#8221;#d5d5d5 0%|#f5f5f5 100%&#8221; width=&#8221;100%&#8221; custom_margin=&#8221;||||false|false&#8221; custom_padding=&#8221;0px||||false|false&#8221; global_colors_info=&#8221;{}&#8221;][et_pb_row _builder_version=&#8221;4.16&#8243; background_size=&#8221;initial&#8221; background_position=&#8221;top_left&#8221; background_repeat=&#8221;repeat&#8221; custom_padding=&#8221;0|0px|23.1333px|0px|false|false&#8221; global_colors_info=&#8221;{}&#8221;][et_pb_column type=&#8221;4_4&#8243; _builder_version=&#8221;4.16&#8243; custom_padding=&#8221;|||&#8221; global_colors_info=&#8221;{}&#8221; custom_padding__hover=&#8221;|||&#8221;][et_pb_text _builder_version=&#8221;4.21.0&#8243; global_colors_info=&#8221;{}&#8221;]<\/p>\n<p>Comparative measurements are clearly displayed and show the course over days, weeks or years.<\/p>\n<p><strong>With the HRV analysis, sensitive and subtle naturopathic therapy methods can also be effectively and safely tested for their effects!<\/strong><\/p>\n<p class=\"Text\">The variety of therapies has increased enormously in recent decades. It is therefore all the more important to find therapy methods that are fast, effective, have few side effects and are inexpensive. Do not always rely on &#8220;faith&#8221;, &#8220;dogmas&#8221; or the &#8220;experts&#8221;, but become your own expert with the HRV analysis.<\/p>\n<p class=\"Text\">More professional and scientific information on heart rate variability and HRV analysis from a therapeutic point of view can be found on this external website (<a href=\"http:\/\/www.vnsanalyse.de\" target=\"_blank\" rel=\"noopener\">www.vnsanalyse.de<\/a>) in German and English.<\/p>\n<p>[\/et_pb_text][et_pb_text admin_label=&#8221;H1&#8243; _builder_version=&#8221;4.21.0&#8243; header_font=&#8221;|||on|||||&#8221; header_text_color=&#8221;#2272bd&#8221; custom_margin=&#8221;||-20px|&#8221; custom_padding=&#8221;|||&#8221; global_colors_info=&#8221;{}&#8221;]<\/p>\n<h1 class=\"entry-title main_title\">HRV in sports and professional sports<\/h1>\n<p>[\/et_pb_text][et_pb_text _builder_version=&#8221;4.21.0&#8243; _module_preset=&#8221;default&#8221; global_colors_info=&#8221;{}&#8221;]<\/p>\n<h2>HRV measurement and HRV evaluation for amateur, semi professional and\u00a0professional athletes<\/h2>\n<p>[\/et_pb_text][et_pb_text admin_label=&#8221;ZITAT&#8221; _builder_version=&#8221;4.21.0&#8243; background_color=&#8221;#ffffff&#8221; custom_padding=&#8221;10px|20px|10px|20px&#8221; box_shadow_style=&#8221;preset3&#8243; global_colors_info=&#8221;{}&#8221;]<\/p>\n<h2>&#8220;How well has my body recovered from yesterday&#8217;s training stress? Can I go full throttle again today and train intensively? Or should I better choose a normal to calmer training intensity to reduce the risk of &#8220;open window \/ overtraining?&#8221;<\/h2>\n<p>[\/et_pb_text][et_pb_text _builder_version=&#8221;4.21.0&#8243; _module_preset=&#8221;default&#8221; global_colors_info=&#8221;{}&#8221;]<\/p>\n<p><strong>Since the year 2000, more and more sports science studies have shown that the performance output of athletes is higher<\/strong> when training control is performed with HRV analysis instead of lactate-based training control.<br \/>HRV analysis is suitable for amateur athletes, ambitious athletes, competitive athletes, professionals and coaches. With an individual norm value calculation, training control and monitoring has never been easier. Regular and time-consuming lactate tests are now a thing of the past when it comes to the regeneration of the entire organism.<\/p>\n<p>HRV describes the heart&#8217;s ability to constantly change the time interval from one heartbeat to the next and thus flexibly adapt to changing challenges. It is a measure of the general adaptability of an organism. It is controlled by activating the sympathetic nervous system (in the sense of tension) and the parasympathetic nervous system (in the sense of recovery). The autonomic nervous system is responsible for accelerating or decelerating the heartbeat (Shaffer et al., 2014; McCraty &amp; Shaffer, 2015).<strong> It is calculated from the millisecond intervals between a person&#8217;s heartbeats. The more variable the heartbeat, the healthier the organism.<\/strong><\/p>\n<p>[\/et_pb_text][\/et_pb_column][\/et_pb_row][et_pb_row column_structure=&#8221;1_4,1_4,1_4,1_4&#8243; use_custom_gutter=&#8221;on&#8221; gutter_width=&#8221;2&#8243; make_equal=&#8221;on&#8221; custom_padding_last_edited=&#8221;on|phone&#8221; _builder_version=&#8221;4.21.0&#8243; custom_margin=&#8221;||0px||false|false&#8221; custom_padding=&#8221;0px||||false|false&#8221; custom_padding_tablet=&#8221;0px||||false|false&#8221; custom_padding_phone=&#8221;0px||||false|false&#8221; locked=&#8221;off&#8221; global_colors_info=&#8221;{}&#8221; global_module=&#8221;208450&#8243; saved_tabs=&#8221;all&#8221;][et_pb_column type=&#8221;1_4&#8243; _builder_version=&#8221;4.16&#8243; custom_padding=&#8221;|||&#8221; global_colors_info=&#8221;{}&#8221; custom_padding__hover=&#8221;|||&#8221;][\/et_pb_column][et_pb_column type=&#8221;1_4&#8243; _builder_version=&#8221;4.16&#8243; custom_padding=&#8221;|||&#8221; global_colors_info=&#8221;{}&#8221; custom_padding__hover=&#8221;|||&#8221;][et_pb_image src=&#8221;https:\/\/hrv-software.com\/wp-content\/uploads\/2023\/06\/apple_en.png&#8221; title_text=&#8221;apple_en&#8221; show_bottom_space=&#8221;off&#8221; _builder_version=&#8221;4.21.0&#8243; _module_preset=&#8221;default&#8221; custom_padding=&#8221;||50px||false|false&#8221; hover_enabled=&#8221;0&#8243; global_colors_info=&#8221;{}&#8221; url=&#8221;https:\/\/apps.apple.com\/app\/hrv-analyse\/id6446939594&#8243; sticky_enabled=&#8221;0&#8243;][\/et_pb_image][\/et_pb_column][et_pb_column type=&#8221;1_4&#8243; _builder_version=&#8221;4.16&#8243; custom_padding=&#8221;|||&#8221; global_colors_info=&#8221;{}&#8221; custom_padding__hover=&#8221;|||&#8221;][et_pb_image src=&#8221;https:\/\/hrv-software.com\/wp-content\/uploads\/2023\/06\/google_en.png&#8221; title_text=&#8221;google_en&#8221; show_bottom_space=&#8221;off&#8221; _builder_version=&#8221;4.21.0&#8243; _module_preset=&#8221;default&#8221; hover_enabled=&#8221;0&#8243; global_colors_info=&#8221;{}&#8221; sticky_enabled=&#8221;0&#8243;][\/et_pb_image][\/et_pb_column][et_pb_column type=&#8221;1_4&#8243; _builder_version=&#8221;4.16&#8243; custom_padding=&#8221;|||&#8221; global_colors_info=&#8221;{}&#8221; custom_padding__hover=&#8221;|||&#8221;][\/et_pb_column][\/et_pb_row][\/et_pb_section]<\/p>\n","protected":false},"excerpt":{"rendered":"<p>HRV measurement and HRV interpretation for therapy progress control, as stress load check or for prevention&#8221;Which therapeutic measures or medications measurably improve my heart rate variability? How does my autonomic nervous system react to my lifestyle and daily stresses? What is the current regulatory state of my higher-level control and regulatory center ANS?&#8221;These and other [&hellip;]<\/p>\n","protected":false},"author":10,"featured_media":0,"parent":0,"menu_order":0,"comment_status":"closed","ping_status":"closed","template":"","meta":{"_et_pb_use_builder":"on","_et_pb_old_content":"<h1>HRV Messung und HRV Auswertung zur Therapieverlaufskontrolle, als Stressbelastungs-Check oder Pr\u00e4vention.<\/h1><h2>\u201eWelche Therapiema\u00dfnahmen oder Medikamente verbessern messbar meine Herzratenvariabilit\u00e4t - Wie reagiert mein vegetatives Nervensystem auf meine Lebensweise und t\u00e4glichen Belastungen?<\/h2><h3>Wie gut funktioniert meine \u00fcbergeordnete Steuer- und Regelzentrale VNS?<\/h3><p>Alles Fragen welche mit der Messung und Auswertung der Herzrhythmusvriabilit\u00e4t schnell beantwortet werden k\u00f6nnen.<\/p><p>Die HRV Messung und HRV Auswertung ist weltweit wissenschaftlich anerkannt und zeigt schnell und einfach wie unser\u00a0vegetatives Nervensystem (VNS)\u00a0reguliert und funktioniert. Die beiden Hauptnerven des VNS Sympathikus und Parasympathikus (auch Vagus genannt), ist eine \u00fcbergeordnete Steuerzentrale im K\u00f6rper, welche untergeordnete Prozesse und Organe bis hinunter auf Zellebene im K\u00f6rper steuert und reguliert wie Blutdruck, Atemfrequenz, Herzfrequenz, Immunsystem, Hormonsystem, Verdauungssystem und Energiebereitstellung.<\/p><p>Die iHRV Home Software zur Messung und Auswertung der Herzratenvariabilit\u00e4t ist besonders f\u00fcr Menschen geeignet zum regelm\u00e4\u00dfigen Gesundheits-Check, Stressbelastungs-Check, zur Verlaufskontrolle und Therapiekontrolle.<\/p><p>Besonders die Therapieverlaufskontrolle spielt eine immer wichtigere Rolle um zu pr\u00fcfen, welche Therapie, Medikamente oder sonstige Interventionen eine Verbesserung zur Folge hat egal ob COPD, Makuladegeneration, Diabetes, Bluthochdruck, Herz-Kreislauferkrankungen oder andere Beschwerden und Krankheiten.<\/p><p>Die HRV Messung wird in Ruhe durchgef\u00fchrt und dauert ca.\u00a0 4 Minuten als Kurzmessung oder ca. 8 Minuten als normale Messung.<\/p><p>Die hinterlegten Normwerte basieren auf wissenschaftlichen Auswertung und Parametern gro\u00dfer HRV Studien. Mit den Ampelfarben gr\u00fcn, gelb und rot wird schnell und sicher erkannt in welchem Bereich die eigenen HRV Parameter liegen.<\/p><p><strong><em>Die HRV Analyse ist in vielen Leitlinien f\u00fcr \u00c4rzte und Therapeuten fest verankert und weltweit\u00a0 GOLD Standard in der Medizin.<\/em><\/strong><\/p>","_et_gb_content_width":"","footnotes":""},"class_list":["post-208080","page","type-page","status-publish","hentry"],"jetpack_sharing_enabled":true,"_links":{"self":[{"href":"https:\/\/hrv-software.com\/en\/wp-json\/wp\/v2\/pages\/208080","targetHints":{"allow":["GET"]}}],"collection":[{"href":"https:\/\/hrv-software.com\/en\/wp-json\/wp\/v2\/pages"}],"about":[{"href":"https:\/\/hrv-software.com\/en\/wp-json\/wp\/v2\/types\/page"}],"author":[{"embeddable":true,"href":"https:\/\/hrv-software.com\/en\/wp-json\/wp\/v2\/users\/10"}],"replies":[{"embeddable":true,"href":"https:\/\/hrv-software.com\/en\/wp-json\/wp\/v2\/comments?post=208080"}],"version-history":[{"count":14,"href":"https:\/\/hrv-software.com\/en\/wp-json\/wp\/v2\/pages\/208080\/revisions"}],"predecessor-version":[{"id":208453,"href":"https:\/\/hrv-software.com\/en\/wp-json\/wp\/v2\/pages\/208080\/revisions\/208453"}],"wp:attachment":[{"href":"https:\/\/hrv-software.com\/en\/wp-json\/wp\/v2\/media?parent=208080"}],"curies":[{"name":"wp","href":"https:\/\/api.w.org\/{rel}","templated":true}]}}