{"id":208073,"date":"2018-05-10T13:23:06","date_gmt":"2018-05-10T11:23:06","guid":{"rendered":"https:\/\/hrv-software.com\/hrv-wissenschaft\/"},"modified":"2023-06-03T08:11:03","modified_gmt":"2023-06-03T06:11:03","slug":"hrv-science","status":"publish","type":"page","link":"https:\/\/hrv-software.com\/en\/hrv-science\/","title":{"rendered":"HRV: Science and history"},"content":{"rendered":"<p>[et_pb_section fb_built=&#8221;1&#8243; _builder_version=&#8221;4.16&#8243; background_color=&#8221;RGBA(255,255,255,0)&#8221; use_background_color_gradient=&#8221;on&#8221; background_color_gradient_stops=&#8221;#f5f5f5 0%|#d5d5d5 100%&#8221; width=&#8221;100%&#8221; custom_margin=&#8221;||||false|false&#8221; custom_padding=&#8221;0px||||false|false&#8221; global_colors_info=&#8221;{}&#8221;][et_pb_row column_structure=&#8221;1_3,2_3&#8243; _builder_version=&#8221;4.21.0&#8243; background_size=&#8221;initial&#8221; background_position=&#8221;top_left&#8221; background_repeat=&#8221;repeat&#8221; custom_padding=&#8221;24px|0px|0px|0px|false|false&#8221; locked=&#8221;off&#8221; global_colors_info=&#8221;{}&#8221;][et_pb_column type=&#8221;1_3&#8243; _builder_version=&#8221;4.21.0&#8243; _module_preset=&#8221;default&#8221; global_colors_info=&#8221;{}&#8221;][et_pb_image src=&#8221;https:\/\/hrv.fgsinfo.de\/wp-content\/uploads\/2023\/02\/HRV_LOGO.png&#8221; alt=&#8221;HRV &#8211; Messung, Analyse und Auswertung der Herzratenvariabilit\u00e4t&#8221; title_text=&#8221;HRV_LOGO&#8221; align=&#8221;center&#8221; align_tablet=&#8221;center&#8221; align_phone=&#8221;&#8221; align_last_edited=&#8221;on|desktop&#8221; _builder_version=&#8221;4.21.0&#8243; global_colors_info=&#8221;{}&#8221;][\/et_pb_image][\/et_pb_column][et_pb_column type=&#8221;2_3&#8243; _builder_version=&#8221;4.16&#8243; custom_padding=&#8221;|||&#8221; global_colors_info=&#8221;{}&#8221; custom_padding__hover=&#8221;|||&#8221;][et_pb_post_title meta=&#8221;off&#8221; featured_image=&#8221;off&#8221; _builder_version=&#8221;4.21.0&#8243; title_font=&#8221;|||on|||||&#8221; title_text_color=&#8221;#2272bd&#8221; custom_margin=&#8221;12px||0px||false|false&#8221; custom_padding=&#8221;|||&#8221; global_colors_info=&#8221;{}&#8221;][\/et_pb_post_title][et_pb_text _builder_version=&#8221;4.21.0&#8243; custom_margin=&#8221;||0px|&#8221; global_colors_info=&#8221;{}&#8221;]<\/p>\n<p><strong>HRV( Heart Rate Variability):<\/strong> Worldwide recognized gold standard in medicine<br \/>and optimal for training control in competitive athletes<\/p>\n<p>[\/et_pb_text][\/et_pb_column][\/et_pb_row][et_pb_row _builder_version=&#8221;4.16&#8243; background_size=&#8221;initial&#8221; background_position=&#8221;top_left&#8221; background_repeat=&#8221;repeat&#8221; global_colors_info=&#8221;{}&#8221;][et_pb_column type=&#8221;4_4&#8243; _builder_version=&#8221;4.16&#8243; custom_padding=&#8221;|||&#8221; global_colors_info=&#8221;{}&#8221; custom_padding__hover=&#8221;|||&#8221;][et_pb_text _builder_version=&#8221;4.21.0&#8243; global_colors_info=&#8221;{}&#8221;]<\/p>\n<p>To avoid misinterpretation of the various parameters, guidelines for the performance and interpretation of HRV analyses (HRV measurements) were established in 1996 by:<\/p>\n<ul>\n<li>Task Force of the European Society of Cardiology<\/li>\n<li>North American Society of Pacing and Electrophysiology<\/li>\n<\/ul>\n<p>Source: Task Force of the European Society of Cardiology and North American Society of Pacing and Electrophysiology. Heart rate variability. Standards of measurement, physiologic interpretation, and clinical use. Circulation 1996; 93:1043-1065<\/p>\n<p>[\/et_pb_text][et_pb_text _builder_version=&#8221;4.21.0&#8243; background_color=&#8221;#ffffff&#8221; custom_padding=&#8221;10px|20px|10px|20px&#8221; box_shadow_style=&#8221;preset3&#8243; global_colors_info=&#8221;{}&#8221;]<\/p>\n<p><strong>Milestones of HRV analysis \/ ANS analysis:<\/strong><\/p>\n<p><strong>1891:<\/strong> E. M\u00fcller shows lower increase in heart rate on atropine in cardiac patients<\/p>\n<p><strong>1927<\/strong>: Winterberg and Wenkelbach describe respiratory sinus arrhythmia<\/p>\n<p><strong>1965:<\/strong> Hon and Lee describe changes in RR intervals in fetal distress.<\/p>\n<p><strong>1972:<\/strong> Hinkel et al. show increased risk of cardiac death with reduced respiratory sinus arrhythmia<\/p>\n<p><strong>1978:<\/strong> Wolf et al. describe the relationship between HRV and infarct mortality.<\/p>\n<p><strong>1981:<\/strong> (Akselrod et al. 1981): &#8220;Spectral analysis of HRV is significant as a non-invasive, quantitative measure of the functionality of cardiovascular control circuits&#8221;.<\/p>\n<p><strong>1990:<\/strong> HRV analysis finds its way into clinical cardiology and diabetology<\/p>\n<p><strong>2000:<\/strong> HRV becomes part of risk stratification for sudden cardiac death<\/p>\n<p><strong>2010:<\/strong> HRV analysis is included in the program for national care guidelines in the field of neuropathy in adult-onset diabetes.<\/p>\n<p><strong>2011:<\/strong> HRV analysis is included in the curriculum &#8220;Special Pain Medicine and Psychosomatics&#8221; of the Hannover Medical School.<\/p>\n<p>[\/et_pb_text][et_pb_text _builder_version=&#8221;4.21.0&#8243; global_colors_info=&#8221;{}&#8221;]<\/p>\n<p><em><strong>Der Wissenschaftler von Hering prophezeite 1925:<\/strong><\/em><\/p>\n<p><em>\u201eDie weise Benutzung des vegetativen Systems wird einmal den Hauptteil der \u00e4rztlichen Kunst ausmachen.\u201c<\/em><\/p>\n<p><em><strong>Dr. Johann Diederich Hahn-Godeffroy:<\/strong><\/em><\/p>\n<p><em>\u201eDas Vegetativum, die Balance aus Anspannung und Entspannung, harmonisch in der Waage zu halten, bedeutet Lebenskunst.\u201c<\/em><\/p>\n<p>[\/et_pb_text][\/et_pb_column][\/et_pb_row][\/et_pb_section]<\/p>\n","protected":false},"excerpt":{"rendered":"<p>HRV( Heart Rate Variability): Worldwide recognized gold standard in medicineand optimal for training control in competitive athletesTo avoid misinterpretation of the various parameters, guidelines for the performance and interpretation of HRV analyses (HRV measurements) were established in 1996 by: Task Force of the European Society of Cardiology North American Society of Pacing and Electrophysiology Source: [&hellip;]<\/p>\n","protected":false},"author":10,"featured_media":0,"parent":0,"menu_order":0,"comment_status":"closed","ping_status":"closed","template":"","meta":{"_et_pb_use_builder":"on","_et_pb_old_content":"<h1>HRV-Herzratenvariabilit\u00e4t weltweit anerkannt, Gold-Standard in der Medizin und optimal zur Trainingssteuerung bei Leistungssportlern<\/h1><p>Zur Vermeidung von Fehleinsch\u00e4tzungen der verschiedenen Parameter wurden 1996 Richtlinien festgelegt zur Durchf\u00fchrung und Interpretation von HRV-Analysen (HRV Messungen) durch die:<\/p><ul><li>Task Force of the European Society of Cardiology<\/li><li>North American Society of Pacing and Electrophysiology<\/li><\/ul><p>Task Force of the European Society of Cardiology and North American Society of Pacing and Electrophysiology. Heart rate variability. Standards of measurement, physiologic interpretation, and clinical use. Circulation 1996; 93:1043-1065<\/p><p><strong>Meilensteine der VNS-Analyse \/ HRV-Analyse:<\/strong><\/p><p><strong>1891\u00a0<\/strong>- M\u00fcller zeigt bei Herzkranken geringeren Anstieg der HF auf Atropin<\/p><p><strong>1927\u00a0<\/strong>- Winterberg und Wenkelbach beschreiben die respiratorische Sinusarrhythmie<\/p><p><strong>1965\u00a0<\/strong>- Hon und Lee beschreiben Ver\u00e4nderungen der RR-Intervalle beim \u201efetal distress\u201c<\/p><p><strong>1972\u00a0<\/strong>- Hinkel et al. zeigen erh\u00f6htes Herztodrisiko bei reduzierter respiratorischer Sinnusarrhythmie<\/p><p><strong>1978\u00a0<\/strong>- Wolf et al. beschreiben Zusammenhang zwischen HRV und Infarktmortalit\u00e4t<\/p><p><strong>1981\u00a0<\/strong>- (Akselrod et al. 1981) \u201eDie Spektralanalyse der HRV ist bedeutsam als nicht-invasive,\u00a0quantitative Kenngr\u00f6\u00dfe der Funktionalit\u00e4t kardiovaskul\u00e4rer Regelkreise<\/p><p><strong>1990\u00a0<\/strong>- Die HRV Analyse findet Eingang in die klinische Kardiologie und Diabetologie<\/p><p><strong>2000\u00a0<\/strong>- Die HRV wird Bestandteil der Risikostratifikation f\u00fcr den pl\u00f6tzlichen Herztod<\/p><p><strong>2011\u00a0<\/strong>- Die HRV Analyse wird in das Curriculum spezielle Schmerzmedizin und Psychosomatik der Medizinischen Hochschule Hannover aufgenommen<\/p><p><strong>2010\u00a0<\/strong>- Die HRV Analyse wird in das Programm f\u00fcr Nationale Versorgungsleitlinien im Bereich Neuropathie\u00a0bei Diabetes im Erwachsenenalter aufgenommen<\/p><p>\u00a0<\/p><p><em><strong>Der Wissenschaftler v. Hering prohezeite 1925:<\/strong><\/em><\/p><p><em>\u201eDie weise Benutzung des vegetativen Systems wird einmal den Hauptteil der \u00e4rztlichen Kunst ausmachen.\u201c<\/em><\/p><p><em><strong>Dr. Johann Diederich Hahn-Godeffroy:<\/strong><\/em><\/p><p><em>\u201eDas Vegetativum, die Balance aus Anspannung und Entspannung, harmonisch in der Waage zu halten, bedeutet: Lebenskunst.\u201c<\/em><\/p>","_et_gb_content_width":"","footnotes":""},"class_list":["post-208073","page","type-page","status-publish","hentry"],"jetpack_sharing_enabled":true,"_links":{"self":[{"href":"https:\/\/hrv-software.com\/en\/wp-json\/wp\/v2\/pages\/208073","targetHints":{"allow":["GET"]}}],"collection":[{"href":"https:\/\/hrv-software.com\/en\/wp-json\/wp\/v2\/pages"}],"about":[{"href":"https:\/\/hrv-software.com\/en\/wp-json\/wp\/v2\/types\/page"}],"author":[{"embeddable":true,"href":"https:\/\/hrv-software.com\/en\/wp-json\/wp\/v2\/users\/10"}],"replies":[{"embeddable":true,"href":"https:\/\/hrv-software.com\/en\/wp-json\/wp\/v2\/comments?post=208073"}],"version-history":[{"count":5,"href":"https:\/\/hrv-software.com\/en\/wp-json\/wp\/v2\/pages\/208073\/revisions"}],"predecessor-version":[{"id":208143,"href":"https:\/\/hrv-software.com\/en\/wp-json\/wp\/v2\/pages\/208073\/revisions\/208143"}],"wp:attachment":[{"href":"https:\/\/hrv-software.com\/en\/wp-json\/wp\/v2\/media?parent=208073"}],"curies":[{"name":"wp","href":"https:\/\/api.w.org\/{rel}","templated":true}]}}