{"id":208049,"date":"2018-05-10T14:49:24","date_gmt":"2018-05-10T12:49:24","guid":{"rendered":"https:\/\/hrv-software.com\/bedienung-beispiele-hrv-analyse-zur-trainingssteuerung-im-sport\/"},"modified":"2023-06-13T13:58:06","modified_gmt":"2023-06-13T11:58:06","slug":"hrv-analysis-results-and-examples","status":"publish","type":"page","link":"https:\/\/hrv-software.com\/en\/hrv-analysis-results-and-examples\/","title":{"rendered":"HRV-Analysis: results and examples"},"content":{"rendered":"<p>[et_pb_section fb_built=&#8221;1&#8243; _builder_version=&#8221;4.21.0&#8243; background_color=&#8221;RGBA(255,255,255,0)&#8221; use_background_color_gradient=&#8221;on&#8221; background_color_gradient_stops=&#8221;#f5f5f5 0%|#d5d5d5 100%&#8221; width=&#8221;100%&#8221; custom_margin=&#8221;||||false|false&#8221; custom_padding=&#8221;0px||||false|false&#8221; global_colors_info=&#8221;{}&#8221;][et_pb_row _builder_version=&#8221;4.16&#8243; background_size=&#8221;initial&#8221; background_position=&#8221;top_left&#8221; background_repeat=&#8221;repeat&#8221; global_colors_info=&#8221;{}&#8221;][et_pb_column type=&#8221;4_4&#8243; _builder_version=&#8221;4.16&#8243; custom_padding=&#8221;|||&#8221; global_colors_info=&#8221;{}&#8221; custom_padding__hover=&#8221;|||&#8221;][et_pb_post_title meta=&#8221;off&#8221; featured_image=&#8221;off&#8221; _builder_version=&#8221;4.16&#8243; title_font=&#8221;|||on|||||&#8221; title_text_color=&#8221;#2272bd&#8221; custom_margin=&#8221;||0px|&#8221; global_colors_info=&#8221;{}&#8221;][\/et_pb_post_title][et_pb_text _builder_version=&#8221;4.21.0&#8243; global_colors_info=&#8221;{}&#8221;]<\/p>\n<p>In this video (coming soon!) we show you the evaluations, results and examples of various measurements with interpretation of their meaning.<\/p>\n<p>[\/et_pb_text][et_pb_text _builder_version=&#8221;4.21.0&#8243; global_colors_info=&#8221;{}&#8221;]<\/p>\n<p>Zuk\u00fcnftig werden hier weitere Videos zu Themen rund um die HRV-Analyse ver\u00f6ffentlicht. Dort gehen wir dann anschaulich auf verschiedene Details von Messungen und Auswertungen ein. Ausf\u00fchrliche Informationen zur Herzfrequenzvariabilit\u00e4t, dem wissenschaftlichen Hintergrund, Messparametern und Darstellungen finden Sie in unseren <a href=\"https:\/\/hrv.fgsinfo.de\/pdf-kompendium-hrv-de\">HRV Kompendium<\/a>.<\/p>\n<p>[\/et_pb_text][\/et_pb_column][\/et_pb_row][et_pb_row column_structure=&#8221;1_4,1_4,1_4,1_4&#8243; use_custom_gutter=&#8221;on&#8221; gutter_width=&#8221;2&#8243; make_equal=&#8221;on&#8221; custom_padding_last_edited=&#8221;on|phone&#8221; _builder_version=&#8221;4.21.0&#8243; custom_margin=&#8221;||0px||false|false&#8221; custom_padding=&#8221;0px||||false|false&#8221; custom_padding_tablet=&#8221;0px||||false|false&#8221; custom_padding_phone=&#8221;0px||||false|false&#8221; locked=&#8221;off&#8221; global_colors_info=&#8221;{}&#8221; global_module=&#8221;208450&#8243; saved_tabs=&#8221;all&#8221;][et_pb_column type=&#8221;1_4&#8243; _builder_version=&#8221;4.16&#8243; custom_padding=&#8221;|||&#8221; global_colors_info=&#8221;{}&#8221; custom_padding__hover=&#8221;|||&#8221;][\/et_pb_column][et_pb_column type=&#8221;1_4&#8243; _builder_version=&#8221;4.16&#8243; custom_padding=&#8221;|||&#8221; global_colors_info=&#8221;{}&#8221; custom_padding__hover=&#8221;|||&#8221;][et_pb_image src=&#8221;https:\/\/hrv-software.com\/wp-content\/uploads\/2023\/06\/apple_en.png&#8221; title_text=&#8221;apple_en&#8221; show_bottom_space=&#8221;off&#8221; _builder_version=&#8221;4.21.0&#8243; _module_preset=&#8221;default&#8221; custom_padding=&#8221;||50px||false|false&#8221; hover_enabled=&#8221;0&#8243; global_colors_info=&#8221;{}&#8221; url=&#8221;https:\/\/apps.apple.com\/app\/hrv-analyse\/id6446939594&#8243; sticky_enabled=&#8221;0&#8243;][\/et_pb_image][\/et_pb_column][et_pb_column type=&#8221;1_4&#8243; _builder_version=&#8221;4.16&#8243; custom_padding=&#8221;|||&#8221; global_colors_info=&#8221;{}&#8221; custom_padding__hover=&#8221;|||&#8221;][et_pb_image src=&#8221;https:\/\/hrv-software.com\/wp-content\/uploads\/2023\/06\/google_en.png&#8221; title_text=&#8221;google_en&#8221; show_bottom_space=&#8221;off&#8221; _builder_version=&#8221;4.21.0&#8243; _module_preset=&#8221;default&#8221; hover_enabled=&#8221;0&#8243; global_colors_info=&#8221;{}&#8221; sticky_enabled=&#8221;0&#8243;][\/et_pb_image][\/et_pb_column][et_pb_column type=&#8221;1_4&#8243; _builder_version=&#8221;4.16&#8243; custom_padding=&#8221;|||&#8221; global_colors_info=&#8221;{}&#8221; custom_padding__hover=&#8221;|||&#8221;][\/et_pb_column][\/et_pb_row][\/et_pb_section]<\/p>\n","protected":false},"excerpt":{"rendered":"<p>In this video (coming soon!) we show you the evaluations, results and examples of various measurements with interpretation of their meaning.Zuk\u00fcnftig werden hier weitere Videos zu Themen rund um die HRV-Analyse ver\u00f6ffentlicht. Dort gehen wir dann anschaulich auf verschiedene Details von Messungen und Auswertungen ein. Ausf\u00fchrliche Informationen zur Herzfrequenzvariabilit\u00e4t, dem wissenschaftlichen Hintergrund, Messparametern und Darstellungen [&hellip;]<\/p>\n","protected":false},"author":10,"featured_media":0,"parent":0,"menu_order":0,"comment_status":"closed","ping_status":"closed","template":"","meta":{"_et_pb_use_builder":"on","_et_pb_old_content":"<p>Text<\/p>","_et_gb_content_width":"","footnotes":""},"class_list":["post-208049","page","type-page","status-publish","hentry"],"jetpack_sharing_enabled":true,"_links":{"self":[{"href":"https:\/\/hrv-software.com\/en\/wp-json\/wp\/v2\/pages\/208049","targetHints":{"allow":["GET"]}}],"collection":[{"href":"https:\/\/hrv-software.com\/en\/wp-json\/wp\/v2\/pages"}],"about":[{"href":"https:\/\/hrv-software.com\/en\/wp-json\/wp\/v2\/types\/page"}],"author":[{"embeddable":true,"href":"https:\/\/hrv-software.com\/en\/wp-json\/wp\/v2\/users\/10"}],"replies":[{"embeddable":true,"href":"https:\/\/hrv-software.com\/en\/wp-json\/wp\/v2\/comments?post=208049"}],"version-history":[{"count":6,"href":"https:\/\/hrv-software.com\/en\/wp-json\/wp\/v2\/pages\/208049\/revisions"}],"predecessor-version":[{"id":208451,"href":"https:\/\/hrv-software.com\/en\/wp-json\/wp\/v2\/pages\/208049\/revisions\/208451"}],"wp:attachment":[{"href":"https:\/\/hrv-software.com\/en\/wp-json\/wp\/v2\/media?parent=208049"}],"curies":[{"name":"wp","href":"https:\/\/api.w.org\/{rel}","templated":true}]}}