{"id":209682,"date":"2018-08-30T10:55:52","date_gmt":"2018-08-30T08:55:52","guid":{"rendered":"https:\/\/hrv-software.com\/support\/"},"modified":"2026-04-01T11:35:32","modified_gmt":"2026-04-01T09:35:32","slug":"support","status":"publish","type":"page","link":"https:\/\/hrv-software.com\/cs\/support\/","title":{"rendered":"Support"},"content":{"rendered":"<p>[et_pb_section fb_built=&#8220;1&#8243; _builder_version=&#8220;4.21.0&#8243; _module_preset=&#8220;default&#8220; background_color=&#8220;#f5f5f5&#8243; locked=&#8220;off&#8220; global_colors_info=&#8220;{}&#8220;][et_pb_row column_structure=&#8220;1_3,2_3&#8243; _builder_version=&#8220;4.21.0&#8243; background_size=&#8220;initial&#8220; background_position=&#8220;top_left&#8220; background_repeat=&#8220;repeat&#8220; custom_padding=&#8220;24px|0px|7px|0px|false|false&#8220; locked=&#8220;off&#8220; global_colors_info=&#8220;{}&#8220;][et_pb_column type=&#8220;1_3&#8243; _builder_version=&#8220;4.21.0&#8243; _module_preset=&#8220;default&#8220; global_colors_info=&#8220;{}&#8220;][et_pb_image src=&#8220;https:\/\/hrv-software.com\/wp-content\/uploads\/2023\/02\/HRV_LOGO.png&#8220; alt=&#8220;HRV &#8211; Messung, Analyse und Auswertung der Herzratenvariabilit\u00e4t&#8220; title_text=&#8220;HRV_LOGO&#8220; align=&#8220;center&#8220; align_tablet=&#8220;center&#8220; align_phone=&#8220;&#8220; align_last_edited=&#8220;on|desktop&#8220; _builder_version=&#8220;4.21.0&#8243; global_colors_info=&#8220;{}&#8220;][\/et_pb_image][\/et_pb_column][et_pb_column type=&#8220;2_3&#8243; _builder_version=&#8220;4.16&#8243; custom_padding=&#8220;|||&#8220; global_colors_info=&#8220;{}&#8220; custom_padding__hover=&#8220;|||&#8220;][et_pb_post_title meta=&#8220;off&#8220; featured_image=&#8220;off&#8220; _builder_version=&#8220;4.21.0&#8243; title_font=&#8220;|||on|||||&#8220; title_text_color=&#8220;#2272bd&#8220; custom_margin=&#8220;13px||0px||false|false&#8220; global_colors_info=&#8220;{}&#8220;][\/et_pb_post_title][et_pb_text admin_label=&#8220;H2&#8243; _builder_version=&#8220;4.23.1&#8243; custom_margin=&#8220;||10px|&#8220; global_colors_info=&#8220;{}&#8220;]<\/p>\n<h1>Hrudn\u00ed p\u00e1sek Bluetooth 4.0 &#8211;<br \/>na\u0161e doporu\u010den\u00ed pro aplikaci HRV<\/h1>\n<p>[\/et_pb_text][\/et_pb_column][\/et_pb_row][et_pb_row _builder_version=&#8220;4.21.0&#8243; _module_preset=&#8220;default&#8220; global_colors_info=&#8220;{}&#8220;][et_pb_column type=&#8220;4_4&#8243; _builder_version=&#8220;4.21.0&#8243; _module_preset=&#8220;default&#8220; global_colors_info=&#8220;{}&#8220;][et_pb_video src=&#8220;https:\/\/hrv-software.com\/wp-content\/uploads\/VIDEO\/HRV-CZ.mp4&#8243; image_src=&#8220;https:\/\/hrv-software.com\/wp-content\/uploads\/2023\/06\/HRV_VIDEO_BG_EN.png&#8220; play_icon_color=&#8220;#00679b&#8220; _builder_version=&#8220;4.21.0&#8243; _module_preset=&#8220;default&#8220; box_shadow_style=&#8220;preset3&#8243; locked=&#8220;off&#8220; global_colors_info=&#8220;{}&#8220;][\/et_pb_video][\/et_pb_column][\/et_pb_row][et_pb_row column_structure=&#8220;1_2,1_2&#8243; _builder_version=&#8220;4.21.0&#8243; _module_preset=&#8220;default&#8220; global_colors_info=&#8220;{}&#8220;][et_pb_column type=&#8220;1_2&#8243; _builder_version=&#8220;4.21.0&#8243; _module_preset=&#8220;default&#8220; global_colors_info=&#8220;{}&#8220;][et_pb_video src=&#8220;https:\/\/hrv-software.com\/wp-content\/uploads\/VIDEO\/HRV-GETTING-STARTED-EN.mp4&#8243; image_src=&#8220;https:\/\/hrv-software.com\/wp-content\/uploads\/2023\/06\/HRV_VIDEO_BG_Started.png&#8220; play_icon_color=&#8220;#00679b&#8220; _builder_version=&#8220;4.21.0&#8243; _module_preset=&#8220;default&#8220; box_shadow_style=&#8220;preset3&#8243; locked=&#8220;off&#8220; global_colors_info=&#8220;{}&#8220;][\/et_pb_video][\/et_pb_column][et_pb_column type=&#8220;1_2&#8243; _builder_version=&#8220;4.21.0&#8243; _module_preset=&#8220;default&#8220; global_colors_info=&#8220;{}&#8220;][et_pb_video src=&#8220;https:\/\/hrv-software.com\/wp-content\/uploads\/VIDEO\/HRV-Analysis-Video-3-EN.mp4&#8243; image_src=&#8220;https:\/\/hrv-software.com\/wp-content\/uploads\/2023\/07\/HRV_VIDEO_BG_3-Multilingual.png&#8220; play_icon_color=&#8220;#00679b&#8220; _builder_version=&#8220;4.21.0&#8243; _module_preset=&#8220;default&#8220; box_shadow_style=&#8220;preset3&#8243; locked=&#8220;off&#8220; global_colors_info=&#8220;{}&#8220;][\/et_pb_video][\/et_pb_column][\/et_pb_row][\/et_pb_section][et_pb_section fb_built=&#8220;1&#8243; _builder_version=&#8220;4.21.0&#8243; background_color=&#8220;RGBA(255,255,255,0)&#8220; use_background_color_gradient=&#8220;on&#8220; background_color_gradient_stops=&#8220;#f5f5f5 0%|#d5d5d5 100%&#8220; width=&#8220;100%&#8220; custom_margin=&#8220;||||false|false&#8220; custom_padding=&#8220;0px||50px||false|false&#8220; global_colors_info=&#8220;{}&#8220;][et_pb_row column_structure=&#8220;1_2,1_2&#8243; _builder_version=&#8220;4.16&#8243; background_size=&#8220;initial&#8220; background_position=&#8220;top_left&#8220; background_repeat=&#8220;repeat&#8220; global_colors_info=&#8220;{}&#8220;][et_pb_column type=&#8220;1_2&#8243; _builder_version=&#8220;4.16&#8243; custom_padding=&#8220;|||&#8220; global_colors_info=&#8220;{}&#8220; custom_padding__hover=&#8220;|||&#8220;][et_pb_image src=&#8220;https:\/\/hrv-software.com\/wp-content\/uploads\/2023\/05\/SIGMA_S3-1.png&#8220; title_text=&#8220;SIGMA_S3&#8243; align_tablet=&#8220;center&#8220; align_phone=&#8220;center&#8220; align_last_edited=&#8220;on|desktop&#8220; _builder_version=&#8220;4.21.0&#8243; global_colors_info=&#8220;{}&#8220;][\/et_pb_image][\/et_pb_column][et_pb_column type=&#8220;1_2&#8243; _builder_version=&#8220;4.16&#8243; custom_padding=&#8220;|||&#8220; global_colors_info=&#8220;{}&#8220; custom_padding__hover=&#8220;|||&#8220;][et_pb_text admin_label=&#8220;Sigma R1&#8243; _builder_version=&#8220;4.23.1&#8243; global_colors_info=&#8220;{}&#8220;]<\/p>\n<h2>Hrudn\u00ed p\u00e1s Sigma R1 Bluetooth\u00ae<\/h2>\n<p>Podle na\u0161ich zku\u0161enost\u00ed je hrudn\u00ed p\u00e1s Sigma R1 Bluetooth nejspolehliv\u011bj\u0161\u00ed p\u0159i ka\u017edodenn\u00edm pou\u017e\u00edv\u00e1n\u00ed ji\u017e n\u011bkolik let. Ostatn\u00ed hrudn\u00ed p\u00e1sy Bluetooth se standardem Bluetooth 4.0 a vy\u0161\u0161\u00edm by m\u011bly tak\u00e9 fungovat.<\/p>\n<p>K dispozici na Amazonu <a href=\"https:\/\/www.amazon.de\/Sigma-Sport-Unisex-Erwachsene-Comfortex-Textilbrustgurt\/dp\/B00EPM9T38\/\" target=\"_blank\" rel=\"noopener noreferrer\">&#8211;&gt;Zobrazit hrudn\u00ed p\u00e1sek<\/a>[\/et_pb_text][\/et_pb_column][\/et_pb_row][et_pb_row _builder_version=&#8220;4.16&#8243; background_size=&#8220;initial&#8220; background_position=&#8220;top_left&#8220; background_repeat=&#8220;repeat&#8220; global_colors_info=&#8220;{}&#8220;][et_pb_column type=&#8220;4_4&#8243; _builder_version=&#8220;4.16&#8243; custom_padding=&#8220;|||&#8220; global_colors_info=&#8220;{}&#8220; custom_padding__hover=&#8220;|||&#8220;][et_pb_text admin_label=&#8220;weitere Brustgurte&#8220; _builder_version=&#8220;4.23.1&#8243; global_colors_info=&#8220;{}&#8220;]<\/p>\n<h1>Dal\u0161\u00ed alternativn\u00ed hrudn\u00ed p\u00e1sy se standardem p\u0159enosu Bluetooth 4.0<\/h1>\n<ul>\n<li>Sigma R1 Duo: <a href=\"https:\/\/www.amazon.de\/Sigma-Sport-Herzfrequenz-Bluetooth-COMFORTEX\/dp\/B01N7P4PP1\">Link<\/a><\/li>\n<li>CooSpo H6M: &#8211; <a href=\"https:\/\/www.amazon.de\/dp\/B07JPD924Y\">Link<\/a><\/li>\n<li>SmartLAB hrm: &#8211; <a href=\"https:\/\/www.amazon.de\/dp\/B014G53HHC\">Link<\/a><\/li>\n<\/ul>\n<p>[\/et_pb_text][\/et_pb_column][\/et_pb_row][et_pb_row column_structure=&#8220;2_5,3_5&#8243; make_equal=&#8220;on&#8220; _builder_version=&#8220;4.21.0&#8243; background_color=&#8220;#ffffff&#8220; module_alignment=&#8220;center&#8220; custom_margin=&#8220;|||&#8220; custom_padding=&#8220;0|30px|30px|30px|false|false&#8220; box_shadow_style=&#8220;preset3&#8243; locked=&#8220;off&#8220; global_colors_info=&#8220;{}&#8220;][et_pb_column type=&#8220;2_5&#8243; _builder_version=&#8220;4.21.0&#8243; background_color=&#8220;RGBA(255,255,255,0)&#8220; background_enable_image=&#8220;off&#8220; background_blend=&#8220;multiply&#8220; custom_padding=&#8220;50px|||&#8220; global_colors_info=&#8220;{}&#8220; custom_padding__hover=&#8220;|||&#8220;][et_pb_image src=&#8220;https:\/\/hrv-software.com\/wp-content\/uploads\/2023\/02\/HRV_LOGO.png&#8220; alt=&#8220;HRV &#8211; Messung, Analyse und Auswertung der Herzratenvariabilit\u00e4t&#8220; title_text=&#8220;HRV_LOGO&#8220; align_tablet=&#8220;center&#8220; align_phone=&#8220;&#8220; align_last_edited=&#8220;on|desktop&#8220; _builder_version=&#8220;4.23.1&#8243; width=&#8220;60%&#8220; max_width=&#8220;60%&#8220; module_alignment=&#8220;center&#8220; custom_margin=&#8220;||30px|&#8220; global_colors_info=&#8220;{}&#8220;][\/et_pb_image][\/et_pb_column][et_pb_column type=&#8220;3_5&#8243; _builder_version=&#8220;4.16&#8243; custom_padding=&#8220;30px|30px|30px|&#8220; global_colors_info=&#8220;{}&#8220; custom_padding__hover=&#8220;|||&#8220;][et_pb_text admin_label=&#8220;CONTACT DETAILS:&#8220; _builder_version=&#8220;4.23.1&#8243; text_font=&#8220;||||||||&#8220; custom_margin=&#8220;|30px||30px&#8220; custom_padding=&#8220;20px||10px||false|false&#8220; global_colors_info=&#8220;{}&#8220;]<\/p>\n<h2>M\u00e1te-li jak\u00e9koli probl\u00e9my nebo dotazy t\u00fdkaj\u00edc\u00ed se na\u0161eho softwaru HRV, po\u0161lete n\u00e1m pros\u00edm zpr\u00e1vu.<\/h2>\n<p>R\u00e1di se va\u0161\u00ed \u017e\u00e1dost\u00ed budeme zab\u00fdvat a co nejd\u0159\u00edve se v\u00e1m ozveme.<\/p>\n<p>[\/et_pb_text][et_pb_contact_form email=&#8220;support@hrv-software.com&#8220; custom_message=&#8220;Supportanfrage HRV Webseite||et_pb_line_break_holder||||et_pb_line_break_holder||Name: %%Name%%||et_pb_line_break_holder||Email: %%Email%%||et_pb_line_break_holder||||et_pb_line_break_holder||Nachricht:||et_pb_line_break_holder||%%message%%||et_pb_line_break_holder||&#8220; success_message=&#8220;Thank You! Your message arrived and we will get back to you as soon as possible&#8220; submit_button_text=&#8220;Send&#8220; module_id=&#8220;et_pb_contact_form_0&#8243; _builder_version=&#8220;4.24.1&#8243; _unique_id=&#8220;be4eec25-59c5-44d5-872f-d4082c3d32ee&#8220; form_field_font_size=&#8220;15px&#8220; form_field_letter_spacing=&#8220;1px&#8220; custom_button=&#8220;on&#8220; button_text_color=&#8220;#ffffff&#8220; button_bg_color=&#8220;#EC111A&#8220; custom_margin=&#8220;|30px||30px&#8220; custom_css_contact_fields=&#8220;background-color: #ffffff!important;||border-style: solid;|| border-left-width: 0!important;|| border-bottom-width: 1px!important;|| border-right-width: 0!important;|| border-top-width: 0!important;&#8220; custom_css_text_field=&#8220;background-color: #ffffff;||border-style: solid;|| border-left-width: 0!important;|| border-bottom-width: 1px!important;|| border-right-width: 0!important;|| border-top-width: 0!important;&#8220; border_width_all=&#8220;1px&#8220; border_color_all=&#8220;rgba(135,150,171,0.68)&#8220; use_border_color=&#8220;on&#8220; global_colors_info=&#8220;{}&#8220;][et_pb_contact_field field_id=&#8220;Name&#8220; field_title=&#8220;Name&#8220; _builder_version=&#8220;4.23.1&#8243; form_field_font=&#8220;||||||||&#8220; global_colors_info=&#8220;{}&#8220; button_text_size__hover_enabled=&#8220;off&#8220; button_one_text_size__hover_enabled=&#8220;off&#8220; button_two_text_size__hover_enabled=&#8220;off&#8220; button_text_color__hover_enabled=&#8220;off&#8220; button_one_text_color__hover_enabled=&#8220;off&#8220; button_two_text_color__hover_enabled=&#8220;off&#8220; button_border_width__hover_enabled=&#8220;off&#8220; button_one_border_width__hover_enabled=&#8220;off&#8220; button_two_border_width__hover_enabled=&#8220;off&#8220; button_border_color__hover_enabled=&#8220;off&#8220; button_one_border_color__hover_enabled=&#8220;off&#8220; button_two_border_color__hover_enabled=&#8220;off&#8220; button_border_radius__hover_enabled=&#8220;off&#8220; button_one_border_radius__hover_enabled=&#8220;off&#8220; button_two_border_radius__hover_enabled=&#8220;off&#8220; button_letter_spacing__hover_enabled=&#8220;off&#8220; button_one_letter_spacing__hover_enabled=&#8220;off&#8220; button_two_letter_spacing__hover_enabled=&#8220;off&#8220; button_bg_color__hover_enabled=&#8220;off&#8220; button_one_bg_color__hover_enabled=&#8220;off&#8220; button_two_bg_color__hover_enabled=&#8220;off&#8220;][\/et_pb_contact_field][et_pb_contact_field field_id=&#8220;E-Mail&#8220; field_title=&#8220;Email address&#8220; field_type=&#8220;email&#8220; _builder_version=&#8220;4.23.1&#8243; form_field_font=&#8220;||||||||&#8220; global_colors_info=&#8220;{}&#8220; button_text_size__hover_enabled=&#8220;off&#8220; button_one_text_size__hover_enabled=&#8220;off&#8220; button_two_text_size__hover_enabled=&#8220;off&#8220; button_text_color__hover_enabled=&#8220;off&#8220; button_one_text_color__hover_enabled=&#8220;off&#8220; button_two_text_color__hover_enabled=&#8220;off&#8220; button_border_width__hover_enabled=&#8220;off&#8220; button_one_border_width__hover_enabled=&#8220;off&#8220; button_two_border_width__hover_enabled=&#8220;off&#8220; button_border_color__hover_enabled=&#8220;off&#8220; button_one_border_color__hover_enabled=&#8220;off&#8220; button_two_border_color__hover_enabled=&#8220;off&#8220; button_border_radius__hover_enabled=&#8220;off&#8220; button_one_border_radius__hover_enabled=&#8220;off&#8220; button_two_border_radius__hover_enabled=&#8220;off&#8220; button_letter_spacing__hover_enabled=&#8220;off&#8220; button_one_letter_spacing__hover_enabled=&#8220;off&#8220; button_two_letter_spacing__hover_enabled=&#8220;off&#8220; button_bg_color__hover_enabled=&#8220;off&#8220; button_one_bg_color__hover_enabled=&#8220;off&#8220; button_two_bg_color__hover_enabled=&#8220;off&#8220;][\/et_pb_contact_field][et_pb_contact_field field_id=&#8220;Telefo&#8220; field_title=&#8220;Phone&#8220; fullwidth_field=&#8220;on&#8220; _builder_version=&#8220;4.23.1&#8243; form_field_font=&#8220;||||||||&#8220; use_border_color=&#8220;off&#8220; global_colors_info=&#8220;{}&#8220; button_text_size__hover_enabled=&#8220;off&#8220; button_one_text_size__hover_enabled=&#8220;off&#8220; button_two_text_size__hover_enabled=&#8220;off&#8220; button_text_color__hover_enabled=&#8220;off&#8220; button_one_text_color__hover_enabled=&#8220;off&#8220; button_two_text_color__hover_enabled=&#8220;off&#8220; button_border_width__hover_enabled=&#8220;off&#8220; button_one_border_width__hover_enabled=&#8220;off&#8220; button_two_border_width__hover_enabled=&#8220;off&#8220; button_border_color__hover_enabled=&#8220;off&#8220; button_one_border_color__hover_enabled=&#8220;off&#8220; button_two_border_color__hover_enabled=&#8220;off&#8220; button_border_radius__hover_enabled=&#8220;off&#8220; button_one_border_radius__hover_enabled=&#8220;off&#8220; button_two_border_radius__hover_enabled=&#8220;off&#8220; button_letter_spacing__hover_enabled=&#8220;off&#8220; button_one_letter_spacing__hover_enabled=&#8220;off&#8220; button_two_letter_spacing__hover_enabled=&#8220;off&#8220; button_bg_color__hover_enabled=&#8220;off&#8220; button_one_bg_color__hover_enabled=&#8220;off&#8220; button_two_bg_color__hover_enabled=&#8220;off&#8220;][\/et_pb_contact_field][et_pb_contact_field field_id=&#8220;Message&#8220; field_title=&#8220;Message&#8220; field_type=&#8220;text&#8220; fullwidth_field=&#8220;on&#8220; _builder_version=&#8220;4.23.1&#8243; form_field_font=&#8220;||||||||&#8220; global_colors_info=&#8220;{}&#8220; button_text_size__hover_enabled=&#8220;off&#8220; button_one_text_size__hover_enabled=&#8220;off&#8220; button_two_text_size__hover_enabled=&#8220;off&#8220; button_text_color__hover_enabled=&#8220;off&#8220; button_one_text_color__hover_enabled=&#8220;off&#8220; button_two_text_color__hover_enabled=&#8220;off&#8220; button_border_width__hover_enabled=&#8220;off&#8220; button_one_border_width__hover_enabled=&#8220;off&#8220; button_two_border_width__hover_enabled=&#8220;off&#8220; button_border_color__hover_enabled=&#8220;off&#8220; button_one_border_color__hover_enabled=&#8220;off&#8220; button_two_border_color__hover_enabled=&#8220;off&#8220; button_border_radius__hover_enabled=&#8220;off&#8220; button_one_border_radius__hover_enabled=&#8220;off&#8220; button_two_border_radius__hover_enabled=&#8220;off&#8220; button_letter_spacing__hover_enabled=&#8220;off&#8220; button_one_letter_spacing__hover_enabled=&#8220;off&#8220; button_two_letter_spacing__hover_enabled=&#8220;off&#8220; button_bg_color__hover_enabled=&#8220;off&#8220; button_one_bg_color__hover_enabled=&#8220;off&#8220; button_two_bg_color__hover_enabled=&#8220;off&#8220;][\/et_pb_contact_field][\/et_pb_contact_form][\/et_pb_column][\/et_pb_row][\/et_pb_section]<\/p>\n","protected":false},"excerpt":{"rendered":"<p>Hrudn\u00ed p\u00e1sek Bluetooth 4.0 -na\u0161e doporu\u010den\u00ed pro aplikaci HRVHrudn\u00ed p\u00e1s Sigma R1 Bluetooth\u00ae Podle na\u0161ich zku\u0161enost\u00ed je hrudn\u00ed p\u00e1s Sigma R1 Bluetooth nejspolehliv\u011bj\u0161\u00ed p\u0159i ka\u017edodenn\u00edm pou\u017e\u00edv\u00e1n\u00ed ji\u017e n\u011bkolik let. Ostatn\u00ed hrudn\u00ed p\u00e1sy Bluetooth se standardem Bluetooth 4.0 a vy\u0161\u0161\u00edm by m\u011bly tak\u00e9 fungovat. K dispozici na Amazonu &#8211;&gt;Zobrazit hrudn\u00ed p\u00e1sekDal\u0161\u00ed alternativn\u00ed hrudn\u00ed p\u00e1sy se standardem [&hellip;]<\/p>\n","protected":false},"author":7,"featured_media":0,"parent":0,"menu_order":0,"comment_status":"closed","ping_status":"closed","template":"","meta":{"_et_pb_use_builder":"on","_et_pb_old_content":"","_et_gb_content_width":"","footnotes":""},"class_list":["post-209682","page","type-page","status-publish","hentry"],"jetpack_sharing_enabled":true,"_links":{"self":[{"href":"https:\/\/hrv-software.com\/cs\/wp-json\/wp\/v2\/pages\/209682","targetHints":{"allow":["GET"]}}],"collection":[{"href":"https:\/\/hrv-software.com\/cs\/wp-json\/wp\/v2\/pages"}],"about":[{"href":"https:\/\/hrv-software.com\/cs\/wp-json\/wp\/v2\/types\/page"}],"author":[{"embeddable":true,"href":"https:\/\/hrv-software.com\/cs\/wp-json\/wp\/v2\/users\/7"}],"replies":[{"embeddable":true,"href":"https:\/\/hrv-software.com\/cs\/wp-json\/wp\/v2\/comments?post=209682"}],"version-history":[{"count":7,"href":"https:\/\/hrv-software.com\/cs\/wp-json\/wp\/v2\/pages\/209682\/revisions"}],"predecessor-version":[{"id":209842,"href":"https:\/\/hrv-software.com\/cs\/wp-json\/wp\/v2\/pages\/209682\/revisions\/209842"}],"wp:attachment":[{"href":"https:\/\/hrv-software.com\/cs\/wp-json\/wp\/v2\/media?parent=209682"}],"curies":[{"name":"wp","href":"https:\/\/api.w.org\/{rel}","templated":true}]}}