{"id":209235,"date":"2023-05-25T14:33:32","date_gmt":"2023-05-25T12:33:32","guid":{"rendered":"https:\/\/hrv-software.com\/affiliate\/"},"modified":"2023-11-22T12:16:24","modified_gmt":"2023-11-22T11:16:24","slug":"affiliate","status":"publish","type":"page","link":"https:\/\/hrv-software.com\/cs\/affiliate\/","title":{"rendered":"HRV anal\u00fdza Affiliate"},"content":{"rendered":"<p>[et_pb_section fb_built=&#8220;1&#8243; _builder_version=&#8220;4.21.0&#8243; _module_preset=&#8220;default&#8220; background_color=&#8220;#f5f5f5&#8243; locked=&#8220;off&#8220; global_colors_info=&#8220;{}&#8220;][et_pb_row column_structure=&#8220;1_3,2_3&#8243; _builder_version=&#8220;4.21.0&#8243; background_size=&#8220;initial&#8220; background_position=&#8220;top_left&#8220; background_repeat=&#8220;repeat&#8220; custom_padding=&#8220;24px|0px|7px|0px|false|false&#8220; locked=&#8220;off&#8220; global_colors_info=&#8220;{}&#8220;][et_pb_column type=&#8220;1_3&#8243; _builder_version=&#8220;4.21.0&#8243; _module_preset=&#8220;default&#8220; global_colors_info=&#8220;{}&#8220;][et_pb_image src=&#8220;https:\/\/hrv.fgsinfo.de\/wp-content\/uploads\/2023\/02\/HRV_LOGO.png&#8220; alt=&#8220;HRV &#8211; Messung, Analyse und Auswertung der Herzratenvariabilit\u00e4t&#8220; title_text=&#8220;HRV_LOGO&#8220; align=&#8220;center&#8220; align_tablet=&#8220;center&#8220; align_phone=&#8220;&#8220; align_last_edited=&#8220;on|desktop&#8220; _builder_version=&#8220;4.21.0&#8243; global_colors_info=&#8220;{}&#8220;][\/et_pb_image][\/et_pb_column][et_pb_column type=&#8220;2_3&#8243; _builder_version=&#8220;4.16&#8243; custom_padding=&#8220;|||&#8220; global_colors_info=&#8220;{}&#8220; custom_padding__hover=&#8220;|||&#8220;][et_pb_post_title meta=&#8220;off&#8220; featured_image=&#8220;off&#8220; _builder_version=&#8220;4.21.0&#8243; title_font=&#8220;|||on|||||&#8220; title_text_color=&#8220;#2272bd&#8220; custom_margin=&#8220;3px||0px||false|false&#8220; global_colors_info=&#8220;{}&#8220;][\/et_pb_post_title][et_pb_text admin_label=&#8220;H2&#8243; _builder_version=&#8220;4.21.0&#8243; custom_margin=&#8220;||10px|&#8220; global_colors_info=&#8220;{}&#8220;]<\/p>\n<h2>Vyvinuli jsme atraktivn\u00ed partnersk\u00fd program pro anal\u00fdzu HRV, aby bylo mo\u017en\u00e9 \u0161\u00ed\u0159it a propagovat HRV aplikaci po cel\u00e9m sv\u011bt\u011b.<\/h2>\n<p>[\/et_pb_text][\/et_pb_column][\/et_pb_row][et_pb_row _builder_version=&#8220;4.16&#8243; custom_margin=&#8220;||||false|false&#8220; custom_padding=&#8220;0px||31px|||&#8220; locked=&#8220;off&#8220; global_colors_info=&#8220;{}&#8220;][et_pb_column type=&#8220;4_4&#8243; _builder_version=&#8220;4.16&#8243; custom_padding=&#8220;|||&#8220; global_colors_info=&#8220;{}&#8220; custom_padding__hover=&#8220;|||&#8220;][et_pb_button button_url=&#8220;https:\/\/hrv-affiliate.web.app&#8220; button_text=&#8220;Zaregistrujte se&#8220; button_alignment=&#8220;center&#8220; _builder_version=&#8220;4.23.1&#8243; _module_preset=&#8220;default&#8220; custom_button=&#8220;on&#8220; button_text_color=&#8220;#FFFFFF&#8220; button_bg_color=&#8220;#2272BD&#8220; background_layout=&#8220;dark&#8220; hover_enabled=&#8220;0&#8243; box_shadow_style=&#8220;preset3&#8243; global_colors_info=&#8220;{}&#8220; button_bg_color__hover_enabled=&#8220;on|hover&#8220; button_bg_color__hover=&#8220;#2272BD&#8220; button_bg_enable_color__hover=&#8220;on&#8220; url_new_window=&#8220;on&#8220; sticky_enabled=&#8220;0&#8243; locked=&#8220;off&#8220; button_font=&#8220;|||on|||||&#8220;][\/et_pb_button][\/et_pb_column][\/et_pb_row][\/et_pb_section][et_pb_section fb_built=&#8220;1&#8243; _builder_version=&#8220;4.21.0&#8243; _module_preset=&#8220;default&#8220; background_color=&#8220;RGBA(255,255,255,0)&#8220; use_background_color_gradient=&#8220;on&#8220; background_color_gradient_stops=&#8220;#f5f5f5 0%|#d5d5d5 100%&#8220; width=&#8220;100%&#8220; custom_margin=&#8220;0px||||false|false&#8220; custom_padding=&#8220;0px||0px||false|false&#8220; global_colors_info=&#8220;{}&#8220;][et_pb_row _builder_version=&#8220;4.21.0&#8243; _module_preset=&#8220;default&#8220; custom_margin=&#8220;|auto||auto|false|false&#8220; global_colors_info=&#8220;{}&#8220;][et_pb_column type=&#8220;4_4&#8243; _builder_version=&#8220;4.21.0&#8243; _module_preset=&#8220;default&#8220; global_colors_info=&#8220;{}&#8220;][et_pb_text _builder_version=&#8220;4.21.0&#8243; _module_preset=&#8220;default&#8220; global_colors_info=&#8220;{}&#8220;]<\/p>\n<h2><strong>Sta\u0148te se partnersk\u00fdm partnerem HRV aplikace.<\/strong><\/h2>\n<p>\u017d\u00e1d\u00e1me ka\u017ed\u00e9ho partnera, aby se sezn\u00e1mil s t\u00e9matem HRV (variabilita srde\u010dn\u00edho tepu) a prohl\u00e9dl si na\u0161e z\u00e1kladn\u00ed informace na na\u0161em webu. Zde najdete hlavn\u00ed video o HRV a dal\u0161\u00ed odborn\u00e9 informace.<\/p>\n<p>Jako partner m\u016f\u017eete neomezen\u011b vyu\u017e\u00edvat na\u0161e videa o HRV a marketingov\u00e9 materi\u00e1ly, dokud nenastane odvol\u00e1n\u00ed. D\u016fle\u017eit\u00e9: Jak\u00e9koli tvrzen\u00ed t\u00fdkaj\u00edc\u00ed se diagnostiky a terapie v souvislosti s aplikac\u00ed HRV nebo surov\u00fdmi daty jsou zak\u00e1z\u00e1ny. Ka\u017ed\u00fd partner jedn\u00e1 samostatn\u011b a jedn\u00e1 na vlastn\u00ed odpov\u011bdnost.<\/p>\n<p>[\/et_pb_text][\/et_pb_column][\/et_pb_row][et_pb_row _builder_version=&#8220;4.16&#8243; custom_margin=&#8220;||||false|false&#8220; custom_padding=&#8220;0px||45px|||&#8220; locked=&#8220;off&#8220; global_colors_info=&#8220;{}&#8220;][et_pb_column type=&#8220;4_4&#8243; _builder_version=&#8220;4.16&#8243; custom_padding=&#8220;|||&#8220; global_colors_info=&#8220;{}&#8220; custom_padding__hover=&#8220;|||&#8220;][et_pb_text admin_label=&#8220;ZITAT&#8220; _builder_version=&#8220;4.21.0&#8243; background_color=&#8220;#ffffff&#8220; custom_padding=&#8220;30px|30px|30px|30px|false|false&#8220; box_shadow_style=&#8220;preset3&#8243; global_colors_info=&#8220;{}&#8220;]<\/p>\n<p><strong>M\u00e1me 3 \u00farovn\u011b celkov\u00e9 provize (15 %, 25 %, 30 %), kter\u00e9 lze individu\u00e1ln\u011b rozd\u011blit pro ka\u017ed\u00e9ho partnera:<\/strong><\/p>\n<ul>\n<li><strong>Sleva pro z\u00e1kazn\u00edka<\/strong>, kter\u00fd si aplikaci zakoup\u00ed ve slu\u017eb\u011b Google nebo Apple Store<\/li>\n<li><strong>Provizn\u00ed odm\u011bna pro partnersk\u00e9ho partnera<\/strong>, kter\u00e1 se vypl\u00e1c\u00ed \u010dist\u011b netto<\/li>\n<\/ul>\n<p>[\/et_pb_text][\/et_pb_column][\/et_pb_row][et_pb_row _builder_version=&#8220;4.21.0&#8243; _module_preset=&#8220;default&#8220; custom_padding=&#8220;2px|||||&#8220; global_colors_info=&#8220;{}&#8220;][et_pb_column type=&#8220;4_4&#8243; _builder_version=&#8220;4.21.0&#8243; _module_preset=&#8220;default&#8220; global_colors_info=&#8220;{}&#8220;][et_pb_text _builder_version=&#8220;4.21.0&#8243; _module_preset=&#8220;default&#8220; global_colors_info=&#8220;{}&#8220;]<\/p>\n<ul>\n<li><strong>\u00darove\u0148 1: 15 % (0-100 n\u00e1kup\u016f)<\/strong> Celkov\u00e1 provize<\/li>\n<li><strong>\u00darove\u0148 2: 25 % (101-1.000 n\u00e1kup\u016f)<\/strong> Celkov\u00e1 provize<\/li>\n<li><strong>\u00darove\u0148 3: 30 % (v\u00edce ne\u017e 1.000 n\u00e1kup\u016f)<\/strong> Celkov\u00e1 provize<\/li>\n<\/ul>\n<hr \/>\n<ul>\n<li><strong>P\u0159\u00edklad 1: 15 % Celkov\u00e1 provize = 5 %<\/strong> Sleva z ceny pro z\u00e1kazn\u00edka, kter\u00fd si aplikaci koup\u00ed a 10 % Pro provizi<\/li>\n<li><strong>P\u0159\u00edklad 2: 25 % Celkov\u00e1 provize = 10 %<\/strong> Sleva z ceny pro z\u00e1kazn\u00edka, kter\u00fd si aplikaci koup\u00ed a 15 % Pro provizi<\/li>\n<li><strong>P\u0159\u00edklad 3: 25 % Celkov\u00e1 provize = 15 %<\/strong> Sleva z ceny pro z\u00e1kazn\u00edka, kter\u00fd si aplikaci koup\u00ed a 10 % Pro provizi<\/li>\n<\/ul>\n<p>Rozd\u011blen\u00ed slevy a vlastn\u00ed provize affiliate prob\u00edh\u00e1 ve stupn\u00edch po p\u011bti (5 %, 10 %, 15 %, 20 %, 25 %, 30 %). Pro registra\u010dn\u00ed k\u00f3dy affiliate (viz n\u00ed\u017ee) se nastavuje sleva pro z\u00e1kazn\u00edka ve store, a rozd\u00edl od celkov\u00e9 provize se automaticky vypo\u010d\u00edt\u00e1v\u00e1. Jakmile po\u010det prodej\u016f dos\u00e1hne vy\u0161\u0161\u00ed\/ni\u017e\u0161\u00ed \u00farovn\u011b, m\u016f\u017ee b\u00fdt rozd\u011blen\u00ed slevy a vlastn\u00ed affiliate provize individu\u00e1ln\u011b stanoveno pomoc\u00ed r\u016fzn\u00fdch k\u00f3d\u016f. T\u00edm lze velmi snadno ur\u010dit slevu pro r\u016fzn\u00e9 marketingov\u00e9 akce, komunikaci na soci\u00e1ln\u00edch m\u00e9di\u00edch a vlastn\u00ed z\u00e1kazn\u00edky.<\/p>\n<h2><strong>P\u0159\u00edklady affiliate k\u00f3d\u016f:<\/strong><\/h2>\n<ul>\n<li><strong>P\u0159\u00edklad affiliate k\u00f3du 1:<\/strong> Sleva 5 % pro z\u00e1kazn\u00edky v App Store, zbytek jde na celkovou provizi = Affiliate provize<\/li>\n<li><strong>P\u0159\u00edklad affiliate k\u00f3du 2:<\/strong> Sleva 10 % pro z\u00e1kazn\u00edky v App Store, zbytek jde na celkovou provizi = Affiliate provize<\/li>\n<li><strong>P\u0159\u00edklad affiliate k\u00f3du 3:<\/strong> Sleva 15 % pro z\u00e1kazn\u00edky v App Store, zbytek jde na celkovou provizi = Affiliate provize (viditeln\u00fd \/ pou\u017eiteln\u00fd a\u017e od \u00farovn\u011b 2)<\/li>\n<li><strong>P\u0159\u00edklad affiliate k\u00f3du 4:<\/strong> Sleva 20 % pro z\u00e1kazn\u00edky v App Store, zbytek jde na celkovou provizi = Affiliate provize (viditeln\u00fd \/ pou\u017eiteln\u00fd a\u017e od \u00farovn\u011b 2)<\/li>\n<li><strong>P\u0159\u00edklad affiliate k\u00f3du 5:<\/strong> Sleva 25 % pro z\u00e1kazn\u00edky v App Store, zbytek jde na celkovou provizi = Affiliate provize (pou\u017eiteln\u00fd a\u017e od \u00farovn\u011b 3)<\/li>\n<\/ul>\n<p>Ka\u017ed\u00fd z\u00e1kazn\u00edk, kter\u00fd si ve slu\u017eb\u011b App Store (Apple\/Google) zakoup\u00ed aplikaci HRV, m\u016f\u017ee pomoc\u00ed n\u00e1kupu v aplikaci p\u0159ej\u00edt na ro\u010dn\u00ed verzi. P\u0159i n\u00e1kupu ro\u010dn\u00edho p\u0159edplatn\u00e9ho je m\u011bs\u00ed\u010dn\u00ed cena n\u00e1sobena 9, co\u017e znamen\u00e1, \u017ee ro\u010dn\u00ed p\u0159edplatn\u00e9 je velmi atraktivn\u00ed jakmile si z\u00e1kazn\u00edci uv\u011bdom\u00ed u\u017eitek a funk\u010dnost aplikace HRV. Ka\u017ed\u00fd z\u00e1kazn\u00edk m\u00e1 po koupi aplikace pr\u00e1vo na t\u0159\u00eddenn\u00ed odstoupen\u00ed od smlouvy.<\/p>\n<p>[\/et_pb_text][\/et_pb_column][\/et_pb_row][et_pb_row _builder_version=&#8220;4.16&#8243; custom_margin=&#8220;||||false|false&#8220; custom_padding=&#8220;0px||45px|||&#8220; locked=&#8220;off&#8220; global_colors_info=&#8220;{}&#8220;][et_pb_column type=&#8220;4_4&#8243; _builder_version=&#8220;4.16&#8243; custom_padding=&#8220;|||&#8220; global_colors_info=&#8220;{}&#8220; custom_padding__hover=&#8220;|||&#8220;][et_pb_text admin_label=&#8220;ZITAT&#8220; _builder_version=&#8220;4.21.0&#8243; background_color=&#8220;#ffffff&#8220; custom_padding=&#8220;30px|30px|30px|30px|false|false&#8220; box_shadow_style=&#8220;preset3&#8243; global_colors_info=&#8220;{}&#8220;]<\/p>\n<h2><strong>Sta\u0148te se partnersk\u00fdm affiliate partnerem:<\/strong><\/h2>\n<ul>\n<li>Nav\u0161tivte webovou str\u00e1nku www.hrv-software.com\/affiliate\/, klikn\u011bte na Registrace\/P\u0159ihl\u00e1\u0161en\u00ed affiliate partnera a vypl\u0148te sv\u00e9 \u00fadaje<\/li>\n<li>Po\u0161lete n\u00e1m sv\u00e9 \u00fadaje a souhlas s registrac\u00ed<\/li>\n<li>V\u00e1\u0161 individu\u00e1ln\u00ed affiliate k\u00f3d bude vytvo\u0159en po odesl\u00e1n\u00ed registrace a pevn\u011b propojen se jm\u00e9nem.<\/li>\n<li>Po obdr\u017een\u00ed affiliate k\u00f3d\u016f mohou b\u00fdt tyto pou\u017eity po cel\u00e9m sv\u011bt\u011b pro marketing a distribuci.<\/li>\n<li>Jakmile je dosa\u017eena hranice p\u0159echodu na vy\u0161\u0161\u00ed \u00farove\u0148 (0-100; 101-1.000, &gt;1.000), z\u016fstane sleva v obchod\u011b pro z\u00e1kazn\u00edka zachov\u00e1na a provize pro affiliate partnera se zv\u00fd\u0161\u00ed. Zm\u011bna tohoto pom\u011bru prob\u00edh\u00e1 prost\u0159ednictv\u00edm specifick\u00fdch affiliate k\u00f3d\u016f (sleva ve v\u00fd\u0161i 5 %, 10 %, 15 %, 20 %, 25 % nebo 30 %).<\/li>\n<li>K\u00f3dy pro slevy ve v\u00fd\u0161i 20 %, 25 % a 30 % budou viditeln\u00e9 a pou\u017eiteln\u00e9 pouze pot\u00e9, co je dosa\u017eena p\u0159\u00edslu\u0161n\u00e1 \u00farove\u0148.<\/li>\n<\/ul>\n<p>[\/et_pb_text][\/et_pb_column][\/et_pb_row][et_pb_row _builder_version=&#8220;4.21.0&#8243; _module_preset=&#8220;default&#8220; custom_padding=&#8220;0px|||||&#8220; global_colors_info=&#8220;{}&#8220;][et_pb_column type=&#8220;4_4&#8243; _builder_version=&#8220;4.21.0&#8243; _module_preset=&#8220;default&#8220; global_colors_info=&#8220;{}&#8220;][et_pb_text _builder_version=&#8220;4.21.0&#8243; _module_preset=&#8220;default&#8220; global_colors_info=&#8220;{}&#8220;]<\/p>\n<p>Affiliate partner se m\u016f\u017ee kdykoli p\u0159ihl\u00e1sit do sv\u00e9ho affiliate \u00fa\u010dtu, aby z\u00edskal p\u0159ehled o aktu\u00e1ln\u00edch statistik\u00e1ch prodan\u00fdch aplikac\u00ed a otev\u0159en\u00fdch proviz\u00ed. Affiliate provize, kter\u00e1 m\u00e1 b\u00fdt vyplacena, je ka\u017ed\u00fd m\u011bs\u00edc p\u0159evedena na uveden\u00fd bankovn\u00ed \u00fa\u010det.<\/p>\n<p>[\/et_pb_text][\/et_pb_column][\/et_pb_row][\/et_pb_section]<\/p>\n","protected":false},"excerpt":{"rendered":"<p>Vyvinuli jsme atraktivn\u00ed partnersk\u00fd program pro anal\u00fdzu HRV, aby bylo mo\u017en\u00e9 \u0161\u00ed\u0159it a propagovat HRV aplikaci po cel\u00e9m sv\u011bt\u011b.Sta\u0148te se partnersk\u00fdm partnerem HRV aplikace. \u017d\u00e1d\u00e1me ka\u017ed\u00e9ho partnera, aby se sezn\u00e1mil s t\u00e9matem HRV (variabilita srde\u010dn\u00edho tepu) a prohl\u00e9dl si na\u0161e z\u00e1kladn\u00ed informace na na\u0161em webu. Zde najdete hlavn\u00ed video o HRV a dal\u0161\u00ed odborn\u00e9 informace. [&hellip;]<\/p>\n","protected":false},"author":7,"featured_media":0,"parent":0,"menu_order":0,"comment_status":"closed","ping_status":"closed","template":"","meta":{"_et_pb_use_builder":"on","_et_pb_old_content":"","_et_gb_content_width":"","footnotes":""},"class_list":["post-209235","page","type-page","status-publish","hentry"],"jetpack_sharing_enabled":true,"_links":{"self":[{"href":"https:\/\/hrv-software.com\/cs\/wp-json\/wp\/v2\/pages\/209235","targetHints":{"allow":["GET"]}}],"collection":[{"href":"https:\/\/hrv-software.com\/cs\/wp-json\/wp\/v2\/pages"}],"about":[{"href":"https:\/\/hrv-software.com\/cs\/wp-json\/wp\/v2\/types\/page"}],"author":[{"embeddable":true,"href":"https:\/\/hrv-software.com\/cs\/wp-json\/wp\/v2\/users\/7"}],"replies":[{"embeddable":true,"href":"https:\/\/hrv-software.com\/cs\/wp-json\/wp\/v2\/comments?post=209235"}],"version-history":[{"count":7,"href":"https:\/\/hrv-software.com\/cs\/wp-json\/wp\/v2\/pages\/209235\/revisions"}],"predecessor-version":[{"id":209761,"href":"https:\/\/hrv-software.com\/cs\/wp-json\/wp\/v2\/pages\/209235\/revisions\/209761"}],"wp:attachment":[{"href":"https:\/\/hrv-software.com\/cs\/wp-json\/wp\/v2\/media?parent=209235"}],"curies":[{"name":"wp","href":"https:\/\/api.w.org\/{rel}","templated":true}]}}