{"id":209177,"date":"2018-08-15T11:30:50","date_gmt":"2018-08-15T09:30:50","guid":{"rendered":"https:\/\/hrv-software.com\/hrv-app-herz-raten-variabilitaet\/"},"modified":"2024-02-29T12:52:06","modified_gmt":"2024-02-29T11:52:06","slug":"hrv-app-herz-raten-variabilitaet","status":"publish","type":"page","link":"https:\/\/hrv-software.com\/cs\/","title":{"rendered":"HRV App &#8211; pro kontrolu pr\u016fb\u011bhu terapie a \u0159\u00edzen\u00ed tr\u00e9ninku ve sportu"},"content":{"rendered":"<p>[et_pb_section fb_built=&#8220;1&#8243; _builder_version=&#8220;4.21.0&#8243; _module_preset=&#8220;default&#8220; background_color=&#8220;#f5f5f5&#8243; custom_margin=&#8220;0px||0px||false|false&#8220; custom_padding=&#8220;0px||0px||false|false&#8220; global_colors_info=&#8220;{}&#8220;][et_pb_row _builder_version=&#8220;4.21.0&#8243; custom_padding=&#8220;0px||0px||false|false&#8220; global_colors_info=&#8220;{}&#8220;][et_pb_column type=&#8220;4_4&#8243; _builder_version=&#8220;4.16&#8243; custom_padding=&#8220;30px|||&#8220; global_colors_info=&#8220;{}&#8220; custom_padding__hover=&#8220;|||&#8220;][et_pb_image src=&#8220;https:\/\/hrv.fgsinfo.de\/wp-content\/uploads\/2023\/02\/HRV_LOGO.png&#8220; alt=&#8220;HRV &#8211; Messung, Analyse und Auswertung der Herzratenvariabilit\u00e4t&#8220; title_text=&#8220;HRV_LOGO&#8220; align=&#8220;center&#8220; align_tablet=&#8220;center&#8220; align_phone=&#8220;&#8220; align_last_edited=&#8220;on|desktop&#8220; _builder_version=&#8220;4.21.0&#8243; max_width=&#8220;30%&#8220; max_width_tablet=&#8220;30%&#8220; max_width_phone=&#8220;70%&#8220; max_width_last_edited=&#8220;on|desktop&#8220; global_colors_info=&#8220;{}&#8220;][\/et_pb_image][et_pb_text admin_label=&#8220;H2&#8243; _builder_version=&#8220;4.21.0&#8243; text_orientation=&#8220;center&#8220; custom_margin=&#8220;||0px|&#8220; custom_padding=&#8220;2px||0px|||&#8220; global_colors_info=&#8220;{}&#8220;]<\/p>\n<h2>Je moje terapie skute\u010dn\u011b \u00fa\u010dinn\u00e1?<br \/>Jak reaguje m\u016fj organismus na stres, l\u00e9ky nebo nov\u00e9 dopl\u0148ky stravy? <br \/>Mohu dnes tr\u00e9novat intenzivn\u011b nebo pot\u0159ebuji je\u0161t\u011b v\u00edce \u010dasu na regeneraci?<\/h2>\n<h2>P\u0159\u00edm\u00e9 odpov\u011bdi na tyto a mnoh\u00e9 dal\u0161\u00ed ot\u00e1zky poskytuje anal\u00fdza HRV.<\/h2>\n<p>[\/et_pb_text][et_pb_image src=&#8220;https:\/\/hrv-software.com\/wp-content\/uploads\/2023\/06\/titelphone_EN.png&#8220; alt=&#8220;iHRV-SOFTWARE f\u00fcr das iPhone&#8220; title_text=&#8220;titelphone_EN&#8220; show_bottom_space=&#8220;off&#8220; align=&#8220;center&#8220; align_tablet=&#8220;center&#8220; align_phone=&#8220;&#8220; align_last_edited=&#8220;on|desktop&#8220; _builder_version=&#8220;4.21.0&#8243; custom_margin=&#8220;0px|||&#8220; custom_padding=&#8220;0px|||&#8220; global_colors_info=&#8220;{}&#8220;][\/et_pb_image][\/et_pb_column][\/et_pb_row][et_pb_row column_structure=&#8220;1_4,1_4,1_4,1_4&#8243; use_custom_gutter=&#8220;on&#8220; gutter_width=&#8220;2&#8243; make_equal=&#8220;on&#8220; custom_padding_last_edited=&#8220;on|phone&#8220; _builder_version=&#8220;4.21.0&#8243; custom_margin=&#8220;||0px||false|false&#8220; custom_padding=&#8220;0px||5px||false|false&#8220; custom_padding_tablet=&#8220;0px||||false|false&#8220; custom_padding_phone=&#8220;0px||||false|false&#8220; global_module=&#8220;209431&#8243; saved_tabs=&#8220;all&#8220; locked=&#8220;off&#8220; global_colors_info=&#8220;{}&#8220;][et_pb_column type=&#8220;1_4&#8243; _builder_version=&#8220;4.16&#8243; custom_padding=&#8220;|||&#8220; global_colors_info=&#8220;{}&#8220; custom_padding__hover=&#8220;|||&#8220;][\/et_pb_column][et_pb_column type=&#8220;1_4&#8243; _builder_version=&#8220;4.16&#8243; custom_padding=&#8220;|||&#8220; global_colors_info=&#8220;{}&#8220; custom_padding__hover=&#8220;|||&#8220;][et_pb_image src=&#8220;https:\/\/hrv-software.com\/wp-content\/uploads\/2023\/06\/APPLE-EN.png&#8220; title_text=&#8220;APPLE-EN&#8220; url=&#8220;https:\/\/apps.apple.com\/app\/hrv-analyse\/id6446939594&#8243; url_new_window=&#8220;on&#8220; show_bottom_space=&#8220;off&#8220; _builder_version=&#8220;4.21.0&#8243; _module_preset=&#8220;default&#8220; custom_padding=&#8220;||50px||false|false&#8220; global_colors_info=&#8220;{}&#8220;][\/et_pb_image][\/et_pb_column][et_pb_column type=&#8220;1_4&#8243; _builder_version=&#8220;4.16&#8243; custom_padding=&#8220;|||&#8220; global_colors_info=&#8220;{}&#8220; custom_padding__hover=&#8220;|||&#8220;][et_pb_image src=&#8220;https:\/\/hrv-software.com\/wp-content\/uploads\/2023\/06\/GOOGLE-EN.png&#8220; title_text=&#8220;GOOGLE-EN&#8220; url=&#8220;https:\/\/play.google.com\/store\/apps\/details?id=com.hrvsoftware.hrv&#038;pli=1&#8243; url_new_window=&#8220;on&#8220; show_bottom_space=&#8220;off&#8220; _builder_version=&#8220;4.21.0&#8243; _module_preset=&#8220;default&#8220; global_colors_info=&#8220;{}&#8220;][\/et_pb_image][\/et_pb_column][et_pb_column type=&#8220;1_4&#8243; _builder_version=&#8220;4.16&#8243; custom_padding=&#8220;|||&#8220; global_colors_info=&#8220;{}&#8220; custom_padding__hover=&#8220;|||&#8220;][et_pb_image src=&#8220;https:\/\/hrv-software.com\/wp-content\/uploads\/2023\/08\/HRVAPP-3.png&#8220; title_text=&#8220;HRVAPP&#8220; show_bottom_space=&#8220;off&#8220; _builder_version=&#8220;4.22.0&#8243; _module_preset=&#8220;default&#8220; custom_margin=&#8220;-10px||||false|false&#8220; custom_padding=&#8220;||||false|false&#8220; locked=&#8220;off&#8220; global_colors_info=&#8220;{}&#8220;][\/et_pb_image][\/et_pb_column][\/et_pb_row][et_pb_row _builder_version=&#8220;4.21.0&#8243; _module_preset=&#8220;default&#8220; custom_padding=&#8220;0px|||||&#8220; locked=&#8220;off&#8220; global_colors_info=&#8220;{}&#8220;][et_pb_column type=&#8220;4_4&#8243; _builder_version=&#8220;4.21.0&#8243; _module_preset=&#8220;default&#8220; global_colors_info=&#8220;{}&#8220;][et_pb_text admin_label=&#8220;H1&#8243; _builder_version=&#8220;4.21.0&#8243; ul_font=&#8220;Lato||||||||&#8220; ul_font_size=&#8220;20px&#8220; ul_line_height=&#8220;1.5em&#8220; header_text_color=&#8220;#2272bd&#8220; background_color=&#8220;#FFFFFF&#8220; text_orientation=&#8220;center&#8220; custom_margin=&#8220;4px||0px||false|false&#8220; custom_padding=&#8220;20px|30px|20px|30px|true|true&#8220; box_shadow_style=&#8220;preset3&#8243; global_colors_info=&#8220;{}&#8220;]<\/p>\n<p>St\u00e1hn\u011bte si aplikaci zdarma. Pomoc\u00ed p\u0159edinstalovan\u00fdch vzorov\u00fdch m\u011b\u0159en\u00ed se m\u016f\u017eete sezn\u00e1mit s grafikou, hodnocen\u00edm a rozvr\u017een\u00edm tisku. Vlastn\u00ed m\u011b\u0159en\u00ed s hrudn\u00edm p\u00e1sem Bluetooth m\u016f\u017eete prov\u00e1d\u011bt a\u017e po vy\u0159\u00edzen\u00ed p\u0159edplatn\u00e9ho (v\u010detn\u011b 3denn\u00ed zku\u0161ebn\u00ed doby).<\/p>\n<p>[\/et_pb_text][\/et_pb_column][\/et_pb_row][\/et_pb_section][et_pb_section fb_built=&#8220;1&#8243; _builder_version=&#8220;4.21.0&#8243; background_color=&#8220;RGBA(255,255,255,0)&#8220; use_background_color_gradient=&#8220;on&#8220; background_color_gradient_stops=&#8220;#f5f5f5 0%|#d5d5d5 100%&#8220; width=&#8220;100%&#8220; custom_margin=&#8220;||||false|false&#8220; custom_padding=&#8220;0px||||false|false&#8220; global_colors_info=&#8220;{}&#8220;][et_pb_row _builder_version=&#8220;4.16&#8243; background_size=&#8220;initial&#8220; background_position=&#8220;top_left&#8220; background_repeat=&#8220;repeat&#8220; custom_padding=&#8220;24px|0px|14px|0px|false|false&#8220; global_colors_info=&#8220;{}&#8220;][et_pb_column type=&#8220;4_4&#8243; _builder_version=&#8220;4.16&#8243; custom_padding=&#8220;|||&#8220; global_colors_info=&#8220;{}&#8220; custom_padding__hover=&#8220;|||&#8220;][et_pb_text admin_label=&#8220;H1&#8243; _builder_version=&#8220;4.21.0&#8243; ul_font=&#8220;Lato|700|||||||&#8220; ul_line_height=&#8220;1.7em&#8220; header_text_color=&#8220;#2272bd&#8220; text_orientation=&#8220;center&#8220; custom_margin=&#8220;|||&#8220; custom_padding=&#8220;|||&#8220; global_colors_info=&#8220;{}&#8220;]<\/p>\n<h2 style=\"text-align: left;\">PRO ZDRAV\u00cd A SPORT: <span style=\"color: #ec111a;\"><strong>ANAL\u00ddZA HRV<\/strong><\/span><\/h2>\n<p style=\"text-align: left;\">Anal\u00fdza HRV (srdcov\u00e9 variability) je metoda m\u011b\u0159en\u00ed a sledov\u00e1n\u00ed toho, co se skute\u010dn\u011b d\u011bje v t\u011ble (vnit\u0159n\u00ed zrcadlo) a v\u010dasn\u00e1 detekce p\u0159etrv\u00e1vaj\u00edc\u00edho stresu. Je ur\u010dena pro profesion\u00e1ly i amat\u00e9rsk\u00e9 sportovce, lidi ve vedouc\u00edch pozic\u00edch, zam\u011bstnavatele zam\u011b\u0159en\u00e9 na prevenci pracovn\u00edho stresu a kontrolu terapie. Je dostupn\u00e1 jako profesion\u00e1ln\u00ed software pro iOS a Android. Tento software slou\u017e\u00ed jako n\u00e1stroj pro \u0159\u00edzen\u00ed tr\u00e9ninku a zlep\u0161en\u00ed celkov\u00e9ho zdravotn\u00edho stavu.<\/p>\n<p style=\"text-align: left;\">Srdcov\u00e1 variabilita (HRV) je m\u011b\u0159en\u00ed \u010dasov\u00fdch rozestup\u016f mezi srde\u010dn\u00edmi tepy v milisekund\u00e1ch. Pomoc\u00ed hrudn\u00edho p\u00e1su a EKG m\u016f\u017eete sami p\u0159esn\u011b m\u011b\u0159it variabilitu \u010dasov\u00fdch rozestup\u016f. Anal\u00fdza a vyhodnocen\u00ed HRV poskytuj\u00ed d\u016fle\u017eit\u00e9 informace o stavu zdrav\u00ed: \u010d\u00edm je srde\u010dn\u00ed tep variabiln\u011bj\u0161\u00ed, t\u00edm je organismus zdrav\u011bj\u0161\u00ed.<\/p>\n<p>[\/et_pb_text][\/et_pb_column][\/et_pb_row][et_pb_row column_structure=&#8220;1_2,1_2&#8243; _builder_version=&#8220;4.21.0&#8243; _module_preset=&#8220;default&#8220; global_colors_info=&#8220;{}&#8220;][et_pb_column type=&#8220;1_2&#8243; _builder_version=&#8220;4.21.0&#8243; _module_preset=&#8220;default&#8220; global_colors_info=&#8220;{}&#8220;][et_pb_image src=&#8220;https:\/\/hrv-software.com\/wp-content\/uploads\/2023\/06\/titelphone_EN.png&#8220; alt=&#8220;HRV Analyse &#8211; Dauerstress &#8211; Sympathikus erh\u00f6ht&#8220; title_text=&#8220;titelphone_EN&#8220; _builder_version=&#8220;4.21.0&#8243; _module_preset=&#8220;default&#8220; global_colors_info=&#8220;{}&#8220;][\/et_pb_image][\/et_pb_column][et_pb_column type=&#8220;1_2&#8243; _builder_version=&#8220;4.21.0&#8243; _module_preset=&#8220;default&#8220; global_colors_info=&#8220;{}&#8220;][et_pb_text admin_label=&#8220;H1&#8243; _builder_version=&#8220;4.21.0&#8243; ul_font=&#8220;Lato||||||||&#8220; ul_text_color=&#8220;#444444&#8243; ul_font_size=&#8220;22px&#8220; ul_line_height=&#8220;1.7em&#8220; header_text_color=&#8220;#2272bd&#8220; text_orientation=&#8220;center&#8220; min_height=&#8220;65.6px&#8220; custom_margin=&#8220;36px||-1px|||&#8220; custom_padding=&#8220;|||&#8220; global_colors_info=&#8220;{}&#8220;]<\/p>\n<p style=\"text-align: left;\">HRV anal\u00fdza: Aplikace poskytuje v\u0161echny d\u016fle\u017eit\u00e9 parametry HRV ve zjednodu\u0161en\u00e9m a srozumiteln\u00e9m grafick\u00e9m zobrazen\u00ed.<\/p>\n<p>[\/et_pb_text][et_pb_text admin_label=&#8220;H1&#8243; _builder_version=&#8220;4.21.0&#8243; ul_font=&#8220;Lato||||||||&#8220; ul_font_size=&#8220;20px&#8220; ul_line_height=&#8220;1.5em&#8220; header_text_color=&#8220;#2272bd&#8220; background_color=&#8220;#FFFFFF&#8220; text_orientation=&#8220;center&#8220; custom_margin=&#8220;4px||0px||false|false&#8220; custom_padding=&#8220;20px|30px|20px|30px|true|true&#8220; box_shadow_style=&#8220;preset3&#8243; global_colors_info=&#8220;{}&#8220;]<\/p>\n<ul>\n<li style=\"text-align: left;\">Srde\u010dn\u00ed frekvence (HF)<\/li>\n<li style=\"text-align: left;\">Index stresu (SI)<\/li>\n<li style=\"text-align: left;\">Index relaxace (RI)<\/li>\n<\/ul>\n<p>[\/et_pb_text][\/et_pb_column][\/et_pb_row][et_pb_row _builder_version=&#8220;4.16&#8243; background_size=&#8220;initial&#8220; background_position=&#8220;top_left&#8220; background_repeat=&#8220;repeat&#8220; custom_padding=&#8220;1px|0px|14px|0px|false|false&#8220; global_colors_info=&#8220;{}&#8220;][et_pb_column type=&#8220;4_4&#8243; _builder_version=&#8220;4.16&#8243; custom_padding=&#8220;|||&#8220; global_colors_info=&#8220;{}&#8220; custom_padding__hover=&#8220;|||&#8220;][et_pb_text admin_label=&#8220;H1&#8243; _builder_version=&#8220;4.21.0&#8243; ul_font=&#8220;Lato|700|||||||&#8220; ul_line_height=&#8220;1.7em&#8220; header_text_color=&#8220;#2272bd&#8220; text_orientation=&#8220;center&#8220; custom_margin=&#8220;0px||||false|false&#8220; custom_padding=&#8220;0px||||false|false&#8220; global_colors_info=&#8220;{}&#8220;]<\/p>\n<p style=\"text-align: left;\">S rozli\u0161en\u00edm jedn\u00e9 milisekundy jsou intervaly mezi srde\u010dn\u00edmi stahy (RR-intervaly) p\u0159eneseny do aplikace pomoc\u00ed bluetooth hrudn\u00edho p\u00e1su (nap\u0159\u00edklad Sigma R1 a dal\u0161\u00edch). K dispozici jsou dv\u011b mo\u017enosti: kr\u00e1tkodob\u00e9 m\u011b\u0159en\u00ed s 260 RR-intervaly (cca 4 minuty) a b\u011b\u017en\u00e9 m\u011b\u0159en\u00ed s 520 RR-intervaly (cca 8 minut).<\/p>\n<p>[\/et_pb_text][\/et_pb_column][\/et_pb_row][\/et_pb_section][et_pb_section fb_built=&#8220;1&#8243; _builder_version=&#8220;4.21.0&#8243; background_color=&#8220;RGBA(255,255,255,0)&#8220; use_background_color_gradient=&#8220;on&#8220; background_color_gradient_stops=&#8220;#d5d5d5 0%|#f5f5f5 100%&#8220; width=&#8220;100%&#8220; custom_margin=&#8220;||||false|false&#8220; custom_padding=&#8220;0px||||false|false&#8220; global_colors_info=&#8220;{}&#8220;][et_pb_row module_id=&#8220;video&#8220; _builder_version=&#8220;4.21.0&#8243; background_size=&#8220;initial&#8220; background_position=&#8220;top_left&#8220; background_repeat=&#8220;repeat&#8220; custom_padding=&#8220;24px|0px|0px|0px|false|false&#8220; global_colors_info=&#8220;{}&#8220;][et_pb_column type=&#8220;4_4&#8243; _builder_version=&#8220;4.16&#8243; custom_padding=&#8220;|||&#8220; global_colors_info=&#8220;{}&#8220; custom_padding__hover=&#8220;|||&#8220;][et_pb_video src=&#8220;https:\/\/hrv-software.com\/wp-content\/uploads\/VIDEO\/HRV-CZ.mp4&#8243; image_src=&#8220;https:\/\/hrv-software.com\/wp-content\/uploads\/2023\/06\/HRV_VIDEO_BG_EN.png&#8220; play_icon_color=&#8220;#00679b&#8220; _builder_version=&#8220;4.21.0&#8243; _module_preset=&#8220;default&#8220; box_shadow_style=&#8220;preset3&#8243; locked=&#8220;off&#8220; global_colors_info=&#8220;{}&#8220;][\/et_pb_video][et_pb_text admin_label=&#8220;H1&#8243; _builder_version=&#8220;4.21.0&#8243; ul_font=&#8220;Lato|700|||||||&#8220; ul_line_height=&#8220;1.7em&#8220; header_text_color=&#8220;#2272bd&#8220; text_orientation=&#8220;center&#8220; custom_margin=&#8220;|||&#8220; custom_padding=&#8220;|||&#8220; global_colors_info=&#8220;{}&#8220;]<\/p>\n<h2 style=\"text-align: left;\"><strong>ANAL\u00ddZA HRV<\/strong> PRO KONTROLU PR\u016eB\u011aHU TERAPIE A \u0158\u00cdZEN\u00cd TR\u00c9NINKU V SPORTU<\/h2>\n<p style=\"text-align: left;\">Pro lidi, kte\u0159\u00ed pravideln\u011b cht\u011bj\u00ed kontrolovat, jak jejich t\u011blo reaguje na ka\u017edodenn\u00ed z\u00e1t\u011b\u017ee a v\u00fdzvy, jako kontrola stresu, kontrola l\u00e9k\u016f a terapie a sledov\u00e1n\u00ed pr\u016fb\u011bhu. Pro nad\u0161ence do fitness, amat\u00e9rsk\u00e9 sportovce a profesion\u00e1ly pro monitorov\u00e1n\u00ed jejich z\u00e1t\u011b\u017ee a schopnosti regenerace s individu\u00e1ln\u00edmi a osobn\u00edmi normami. Optim\u00e1ln\u00ed a efektivn\u00ed pro \u0159\u00edzen\u00ed tr\u00e9ninku &#8211; bez pou\u017eit\u00ed m\u011b\u0159en\u00ed lakt\u00e1tu.<\/p>\n<p>[\/et_pb_text][et_pb_text admin_label=&#8220;H1&#8243; _builder_version=&#8220;4.21.0&#8243; ul_font=&#8220;Lato|700|||||||&#8220; ul_line_height=&#8220;1.7em&#8220; header_text_color=&#8220;#2272bd&#8220; text_orientation=&#8220;center&#8220; custom_margin=&#8220;|||&#8220; custom_padding=&#8220;|||&#8220; global_colors_info=&#8220;{}&#8220;]<\/p>\n<h2 style=\"text-align: left;\"><span style=\"color: #ec111a;\"><strong>FUNKCE:<\/strong><\/span><\/h2>\n<p>[\/et_pb_text][\/et_pb_column][\/et_pb_row][et_pb_row column_structure=&#8220;1_2,1_2&#8243; _builder_version=&#8220;4.21.0&#8243; _module_preset=&#8220;default&#8220; background_color=&#8220;#FFFFFF&#8220; custom_padding=&#8220;30px|30px|30px|30px|true|true&#8220; box_shadow_style=&#8220;preset3&#8243; global_colors_info=&#8220;{}&#8220;][et_pb_column type=&#8220;1_2&#8243; _builder_version=&#8220;4.21.0&#8243; _module_preset=&#8220;default&#8220; global_colors_info=&#8220;{}&#8220;][et_pb_text admin_label=&#8220;H1&#8243; _builder_version=&#8220;4.21.0&#8243; ul_font=&#8220;Lato||||||||&#8220; ul_font_size=&#8220;18px&#8220; ul_line_height=&#8220;1.7em&#8220; header_text_color=&#8220;#2272bd&#8220; text_orientation=&#8220;center&#8220; custom_margin=&#8220;0px||0px||false|false&#8220; custom_padding=&#8220;0px||0px||false|false&#8220; global_colors_info=&#8220;{}&#8220;]<\/p>\n<ul>\n<li style=\"text-align: left;\">M\u011b\u0159en\u00ed interval\u016f RR s rozli\u0161en\u00edm 1 ms<\/li>\n<li style=\"text-align: left;\">Obecn\u00e9 norm\u00e1ln\u00ed hodnoty s uk\u00e1zkov\u00fdmi barvami na z\u00e1klad\u011b v\u011bdecky fundovan\u00fdch studi\u00ed o velk\u00e9m vzorku HRV<\/li>\n<li style=\"text-align: left;\">3 pevn\u00e1 a 1 flexibiln\u00ed m\u011b\u0159\u00edc\u00ed profil pro m\u011b\u0159en\u00ed a vyhodnocov\u00e1n\u00ed rodinn\u00fdch p\u0159\u00edslu\u0161n\u00edk\u016f a p\u0159\u00e1tel<\/li>\n<li style=\"text-align: left;\">Norm\u00e1ln\u00ed hodnoty pro sportovce a tak\u00e9 individu\u00e1ln\u00ed v\u00fdpo\u010det norm\u00e1ln\u00edch hodnot pro individu\u00e1ln\u00ed \u0159\u00edzen\u00ed tr\u00e9ninku a monitorov\u00e1n\u00ed p\u0159etr\u00e9nov\u00e1n\u00ed<\/li>\n<li style=\"text-align: left;\">P\u0159enos dat pomoc\u00ed Bluetooth hrudn\u00edho p\u00e1su &#8211; ten nen\u00ed sou\u010d\u00e1st\u00ed p\u0159edplatn\u00e9ho, mus\u00ed se zakoupit samostatn\u011b<\/li>\n<li style=\"text-align: left;\">Vyvinuto a optimalizov\u00e1no pro iPhony od iOS 13, Android telefony od Android 5.0 Lollipop, API Level 21<\/li>\n<\/ul>\n<p>[\/et_pb_text][\/et_pb_column][et_pb_column type=&#8220;1_2&#8243; _builder_version=&#8220;4.21.0&#8243; _module_preset=&#8220;default&#8220; global_colors_info=&#8220;{}&#8220;][et_pb_text admin_label=&#8220;H1&#8243; _builder_version=&#8220;4.21.0&#8243; ul_font=&#8220;Lato||||||||&#8220; ul_font_size=&#8220;18px&#8220; ul_line_height=&#8220;1.7em&#8220; header_text_color=&#8220;#2272bd&#8220; text_orientation=&#8220;center&#8220; custom_margin=&#8220;0px||0px||false|false&#8220; custom_padding=&#8220;0px||0px||false|false&#8220; global_colors_info=&#8220;{}&#8220;]<\/p>\n<ul>\n<li style=\"text-align: left;\">Software v n\u011bm\u010din\u011b a angli\u010dtin\u011b. Brzy i ve \u0161pan\u011bl\u0161tin\u011b, portugal\u0161tin\u011b, francouz\u0161tin\u011b, ital\u0161tin\u011b a \u010de\u0161tin\u011b. Dal\u0161\u00ed jazyky jsou ve f\u00e1zi p\u0159\u00edpravy.<\/li>\n<li style=\"text-align: left;\">Validace pomoc\u00ed v\u011bdeck\u00e9 referen\u010dn\u00ed HRV softwaru<\/li>\n<li style=\"text-align: left;\">Mo\u017enost exportovat data jako CSV soubor (p\u0159\u00edm\u00fd import do Kubios HRV)<\/li>\n<li style=\"text-align: left;\">Automatick\u00e9 vytv\u00e1\u0159en\u00ed r\u016fzn\u00fdch rozvr\u017een\u00ed PDF pro tisk a odes\u00edl\u00e1n\u00ed e-mailem<\/li>\n<li style=\"text-align: left;\">Export a odesl\u00e1n\u00ed PDF vyhodnocen\u00ed na samostatnou e-mailovou adresu<\/li>\n<\/ul>\n<p>[\/et_pb_text][\/et_pb_column][\/et_pb_row][et_pb_row _builder_version=&#8220;4.16&#8243; background_size=&#8220;initial&#8220; background_position=&#8220;top_left&#8220; background_repeat=&#8220;repeat&#8220; custom_padding=&#8220;1px|0px|14px|0px|false|false&#8220; global_colors_info=&#8220;{}&#8220;][et_pb_column type=&#8220;4_4&#8243; _builder_version=&#8220;4.16&#8243; custom_padding=&#8220;|||&#8220; global_colors_info=&#8220;{}&#8220; custom_padding__hover=&#8220;|||&#8220;][et_pb_text admin_label=&#8220;H1&#8243; _builder_version=&#8220;4.21.0&#8243; ul_font=&#8220;Lato|700|||||||&#8220; ul_line_height=&#8220;1.7em&#8220; header_text_color=&#8220;#2272bd&#8220; text_orientation=&#8220;center&#8220; custom_margin=&#8220;0px||||false|false&#8220; custom_padding=&#8220;30px||||false|false&#8220; global_colors_info=&#8220;{}&#8220;]<\/p>\n<p style=\"text-align: left;\">HRV anal\u00fdza je k dispozici v App Store od Apple (iOS) a v Google Play Store (Android). P\u0159i prvn\u00ed instalaci jsou integrov\u00e1ny r\u016fzn\u00e9 vzorov\u00e9 m\u011b\u0159en\u00ed, aby bylo mo\u017en\u00e9 se sezn\u00e1mit s grafy, vyhodnocen\u00edm a rozvr\u017een\u00edm pro tisk.<\/p>\n<p style=\"text-align: left;\">Jako In-App n\u00e1kup lze p\u0159ech\u00e1zet z m\u011bs\u00ed\u010dn\u00edho p\u0159edplatn\u00e9ho na ro\u010dn\u00ed p\u0159edplatn\u00e9. M\u011bs\u00ed\u010dn\u00ed p\u0159edplatn\u00e9 stoj\u00ed 29,99 eur. P\u0159i ro\u010dn\u00edm p\u0159edplatn\u00e9m plat\u00edte pouze 9 m\u011bs\u00edc\u016f &#8211; tak\u017ee u\u0161et\u0159\u00edte 89,89 eur (ro\u010dn\u00ed cena: 269,99 eur m\u00edsto 359,88 eur).<\/p>\n<p>[\/et_pb_text][\/et_pb_column][\/et_pb_row][et_pb_row column_structure=&#8220;1_2,1_2&#8243; _builder_version=&#8220;4.16&#8243; background_size=&#8220;initial&#8220; background_position=&#8220;top_left&#8220; background_repeat=&#8220;repeat&#8220; global_colors_info=&#8220;{}&#8220; locked=&#8220;off&#8220;][et_pb_column type=&#8220;1_2&#8243; _builder_version=&#8220;4.16&#8243; custom_padding=&#8220;|||&#8220; global_colors_info=&#8220;{}&#8220; custom_padding__hover=&#8220;|||&#8220;][et_pb_image src=&#8220;https:\/\/hrv-software.com\/wp-content\/uploads\/2023\/05\/SIGMA_S3-1.png&#8220; title_text=&#8220;SIGMA_S3&#8243; align_tablet=&#8220;center&#8220; align_phone=&#8220;center&#8220; align_last_edited=&#8220;on|desktop&#8220; _builder_version=&#8220;4.21.0&#8243; global_colors_info=&#8220;{}&#8220;][\/et_pb_image][\/et_pb_column][et_pb_column type=&#8220;1_2&#8243; _builder_version=&#8220;4.16&#8243; custom_padding=&#8220;|||&#8220; global_colors_info=&#8220;{}&#8220; custom_padding__hover=&#8220;|||&#8220;][et_pb_text admin_label=&#8220;Sigma R1&#8243; _builder_version=&#8220;4.24.2&#8243; hover_enabled=&#8220;0&#8243; global_colors_info=&#8220;{}&#8220; header_text_color=&#8220;#EC111A&#8220; sticky_enabled=&#8220;0&#8243;]<\/p>\n<h1>DOPORU\u010cEN\u00c9 HRUDN\u00cd POPRUHY<\/h1>\n<h2>Hrudn\u00ed p\u00e1s Sigma R1 Bluetooth\u00ae<\/h2>\n<p>Podle na\u0161ich zku\u0161enost\u00ed je hrudn\u00ed p\u00e1s Sigma R1 Bluetooth nejspolehliv\u011bj\u0161\u00ed p\u0159i ka\u017edodenn\u00edm pou\u017e\u00edv\u00e1n\u00ed ji\u017e n\u011bkolik let. Ostatn\u00ed hrudn\u00ed p\u00e1sy Bluetooth se standardem Bluetooth 4.0 a vy\u0161\u0161\u00edm by m\u011bly tak\u00e9 fungovat.<\/p>\n<p>K dispozici na Amazonu <a href=\"https:\/\/www.amazon.de\/Sigma-Sport-Unisex-Erwachsene-Comfortex-Textilbrustgurt\/dp\/B00EPM9T38\/\" target=\"_blank\" rel=\"noopener noreferrer\">&#8211;&gt;Zobrazit hrudn\u00ed p\u00e1sek<\/a><\/p>\n<p>[\/et_pb_text][\/et_pb_column][\/et_pb_row][et_pb_row _builder_version=&#8220;4.16&#8243; background_size=&#8220;initial&#8220; background_position=&#8220;top_left&#8220; background_repeat=&#8220;repeat&#8220; global_colors_info=&#8220;{}&#8220; locked=&#8220;off&#8220; custom_padding=&#8220;1px|||||&#8220;][et_pb_column type=&#8220;4_4&#8243; _builder_version=&#8220;4.16&#8243; custom_padding=&#8220;|||&#8220; global_colors_info=&#8220;{}&#8220; custom_padding__hover=&#8220;|||&#8220;][et_pb_text admin_label=&#8220;weitere Brustgurte&#8220; _builder_version=&#8220;4.23.1&#8243; global_colors_info=&#8220;{}&#8220;]<\/p>\n<h1>Dal\u0161\u00ed alternativn\u00ed hrudn\u00ed p\u00e1sy se standardem p\u0159enosu Bluetooth 4.0<\/h1>\n<ul>\n<li>Sigma R1 Duo: <a href=\"https:\/\/www.amazon.de\/Sigma-Sport-Herzfrequenz-Bluetooth-COMFORTEX\/dp\/B01N7P4PP1\">Link<\/a><\/li>\n<li>CooSpo H6M: &#8211; <a href=\"https:\/\/www.amazon.de\/dp\/B07JPD924Y\">Link<\/a><\/li>\n<li>SmartLAB hrm: &#8211; <a href=\"https:\/\/www.amazon.de\/dp\/B014G53HHC\">Link<\/a><\/li>\n<\/ul>\n<p>[\/et_pb_text][\/et_pb_column][\/et_pb_row][\/et_pb_section]<\/p>\n","protected":false},"excerpt":{"rendered":"<p>Je moje terapie skute\u010dn\u011b \u00fa\u010dinn\u00e1?Jak reaguje m\u016fj organismus na stres, l\u00e9ky nebo nov\u00e9 dopl\u0148ky stravy? Mohu dnes tr\u00e9novat intenzivn\u011b nebo pot\u0159ebuji je\u0161t\u011b v\u00edce \u010dasu na regeneraci? P\u0159\u00edm\u00e9 odpov\u011bdi na tyto a mnoh\u00e9 dal\u0161\u00ed ot\u00e1zky poskytuje anal\u00fdza HRV.St\u00e1hn\u011bte si aplikaci zdarma. Pomoc\u00ed p\u0159edinstalovan\u00fdch vzorov\u00fdch m\u011b\u0159en\u00ed se m\u016f\u017eete sezn\u00e1mit s grafikou, hodnocen\u00edm a rozvr\u017een\u00edm tisku. Vlastn\u00ed m\u011b\u0159en\u00ed [&hellip;]<\/p>\n","protected":false},"author":7,"featured_media":208744,"parent":0,"menu_order":0,"comment_status":"closed","ping_status":"closed","template":"","meta":{"_et_pb_use_builder":"on","_et_pb_old_content":"","_et_gb_content_width":"","footnotes":""},"class_list":["post-209177","page","type-page","status-publish","has-post-thumbnail","hentry"],"jetpack_sharing_enabled":true,"_links":{"self":[{"href":"https:\/\/hrv-software.com\/cs\/wp-json\/wp\/v2\/pages\/209177","targetHints":{"allow":["GET"]}}],"collection":[{"href":"https:\/\/hrv-software.com\/cs\/wp-json\/wp\/v2\/pages"}],"about":[{"href":"https:\/\/hrv-software.com\/cs\/wp-json\/wp\/v2\/types\/page"}],"author":[{"embeddable":true,"href":"https:\/\/hrv-software.com\/cs\/wp-json\/wp\/v2\/users\/7"}],"replies":[{"embeddable":true,"href":"https:\/\/hrv-software.com\/cs\/wp-json\/wp\/v2\/comments?post=209177"}],"version-history":[{"count":21,"href":"https:\/\/hrv-software.com\/cs\/wp-json\/wp\/v2\/pages\/209177\/revisions"}],"predecessor-version":[{"id":209797,"href":"https:\/\/hrv-software.com\/cs\/wp-json\/wp\/v2\/pages\/209177\/revisions\/209797"}],"wp:featuredmedia":[{"embeddable":true,"href":"https:\/\/hrv-software.com\/cs\/wp-json\/wp\/v2\/media\/208744"}],"wp:attachment":[{"href":"https:\/\/hrv-software.com\/cs\/wp-json\/wp\/v2\/media?parent=209177"}],"curies":[{"name":"wp","href":"https:\/\/api.w.org\/{rel}","templated":true}]}}